{"id":115,"date":"2020-07-03T01:53:01","date_gmt":"2020-07-03T06:53:01","guid":{"rendered":"http:\/\/gothicmx.com\/?page_id=115"},"modified":"2020-11-26T04:43:43","modified_gmt":"2020-11-26T10:43:43","slug":"forma-de-entrega","status":"publish","type":"page","link":"https:\/\/gothicmx.com\/index.php\/forma-de-entrega\/","title":{"rendered":"Forma de entrega"},"content":{"rendered":"\n<p>Todos los env\u00edos de los discos se hacen por Mexpost y tiene un costo de $50.00 M.N. (hasta por 3 discos de tama\u00f1o medio 12x15cm) a cualquier parte de la Rep\u00fablica Mexicana.<\/p>\n\n\n\n<p>Los env\u00edos se hacen cada viernes y tardan de 4 a 6 d\u00edas naturales en CDMX y de 6 a 10 d\u00edas naturales en todo el resto de la Rep\u00fablica Mexicana (dependiendo de la localidad)<\/p>\n\n\n\n<p><strong>AVISO:<\/strong> Debido a la situaci\u00f3n de pandemia, los env\u00edos est\u00e1n tardando un poco m\u00e1s de lo habitual, agradecemos tu comprensi\u00f3n.<\/p>\n","protected":false},"excerpt":{"rendered":"<p>Todos los env\u00edos de los discos se hacen por Mexpost y tiene un costo de $50.00 M.N. (hasta por 3 discos de tama\u00f1o medio 12x15cm) a cualquier parte de la Rep\u00fablica Mexicana. Los env\u00edos se hacen cada viernes y tardan de 4 a 6 d\u00edas naturales en CDMX y de 6 a 10 d\u00edas naturales [&hellip;]<\/p>\n","protected":false},"author":1,"featured_media":0,"parent":0,"menu_order":0,"comment_status":"closed","ping_status":"closed","template":"","meta":{"_bbp_topic_count":0,"_bbp_reply_count":0,"_bbp_total_topic_count":0,"_bbp_total_reply_count":0,"_bbp_voice_count":0,"_bbp_anonymous_reply_count":0,"_bbp_topic_count_hidden":0,"_bbp_reply_count_hidden":0,"_bbp_forum_subforum_count":0,"_monsterinsights_skip_tracking":false,"_monsterinsights_sitenote_active":false,"_monsterinsights_sitenote_note":"","_monsterinsights_sitenote_category":0,"footnotes":"","_joinchat":[]},"aioseo_notices":[],"_links":{"self":[{"href":"https:\/\/gothicmx.com\/index.php\/wp-json\/wp\/v2\/pages\/115"}],"collection":[{"href":"https:\/\/gothicmx.com\/index.php\/wp-json\/wp\/v2\/pages"}],"about":[{"href":"https:\/\/gothicmx.com\/index.php\/wp-json\/wp\/v2\/types\/page"}],"author":[{"embeddable":true,"href":"https:\/\/gothicmx.com\/index.php\/wp-json\/wp\/v2\/users\/1"}],"replies":[{"embeddable":true,"href":"https:\/\/gothicmx.com\/index.php\/wp-json\/wp\/v2\/comments?post=115"}],"version-history":[{"count":6,"href":"https:\/\/gothicmx.com\/index.php\/wp-json\/wp\/v2\/pages\/115\/revisions"}],"predecessor-version":[{"id":573,"href":"https:\/\/gothicmx.com\/index.php\/wp-json\/wp\/v2\/pages\/115\/revisions\/573"}],"wp:attachment":[{"href":"https:\/\/gothicmx.com\/index.php\/wp-json\/wp\/v2\/media?parent=115"}],"curies":[{"name":"wp","href":"https:\/\/api.w.org\/{rel}","templated":true}]}}