{"id":257,"date":"2020-08-06T02:41:50","date_gmt":"2020-08-06T07:41:50","guid":{"rendered":"http:\/\/gothicmx.com\/?page_id=257"},"modified":"2020-08-06T02:45:37","modified_gmt":"2020-08-06T07:45:37","slug":"resena-de-discos","status":"publish","type":"page","link":"https:\/\/gothicmx.com\/index.php\/resena-de-discos\/","title":{"rendered":"Rese\u00f1as de discos"},"content":{"rendered":"\n<style>.wp-show-posts-columns#wpsp-256 {margin-left: -2em; }.wp-show-posts-columns#wpsp-256 .wp-show-posts-inner {margin: 0 0 2em 2em; }<\/style><section id=\"wpsp-256\" class=\" wp-show-posts-columns wp-show-posts\" style=\"\"><article class=\" wp-show-posts-single post-579 post type-post status-publish format-standard hentry category-resenas wpsp-col-4\" itemtype=\"http:\/\/schema.org\/CreativeWork\" itemscope><div class=\"wp-show-posts-inner\" style=\"\">\t\t\t\t\t\t<header class=\"wp-show-posts-entry-header\">\n\t\t\t\t\t\t\t<h2 class=\"wp-show-posts-entry-title\" itemprop=\"headline\"><a href=\"https:\/\/gothicmx.com\/index.php\/2020\/12\/01\/mi-novio-es-un-zombie-historias-de-fantasmas\/\" rel=\"bookmark\">Mi novio es un Zombie \/ Historias de Fantasmas<\/a><\/h2><div class=\"wp-show-posts-entry-meta wp-show-posts-entry-meta-below-title post-meta-inline\"><span class=\"wp-show-posts-posted-on wp-show-posts-meta\">\n\t\t\t\t\t<a href=\"https:\/\/gothicmx.com\/index.php\/2020\/12\/01\/mi-novio-es-un-zombie-historias-de-fantasmas\/\" title=\"2:42 am\" rel=\"bookmark\"><time class=\"wp-show-posts-entry-date published\" datetime=\"2020-12-01T02:42:14-06:00\" itemprop=\"datePublished\">diciembre 1, 2020<\/time><\/a>\n\t\t\t\t<\/span><\/div>\t\t\t\t\t\t<\/header><!-- .entry-header -->\n\t\t\t\t\t\t\t\t\t\t\t<div class=\"wp-show-posts-entry-summary\" itemprop=\"text\">\n\t\t\t\t\t\t\t<p>Despu\u00e9s de haber lanzado 3 singles durante 2017, el dueto de electroclash y postpunk Mi Novio es un zombie presenta su primer disco \u201cHistorias de Fantasmas\u201d 12 temas componen el&#8230;<\/p>\n\t\t\t\t\t\t<\/div><!-- .entry-summary -->\n\t\t\t\t\t<div class=\"wpsp-read-more\"><a title=\"Mi novio es un Zombie \/ Historias de Fantasmas\" class=\"wp-show-posts-read-more\" href=\"https:\/\/gothicmx.com\/index.php\/2020\/12\/01\/mi-novio-es-un-zombie-historias-de-fantasmas\/\">Leer m\u00e1s<\/a><\/div><div class=\"wp-show-posts-entry-meta wp-show-posts-entry-meta-below-post post-meta-stack\"><span class=\"wp-show-posts-byline wp-show-posts-meta\">\n\t\t\t\t\t<span class=\"wp-show-posts-author vcard\" itemtype=\"http:\/\/schema.org\/Person\" itemscope=\"itemscope\" itemprop=\"author\">\n\t\t\t\t\t\t<a class=\"url fn n\" href=\"https:\/\/gothicmx.com\/index.php\/author\/enricure\/\" title=\"View all posts by enricure\" rel=\"author\" itemprop=\"url\">\n\t\t\t\t\t\t\t<span class=\"author-name\" itemprop=\"name\">enricure<\/span>\n\t\t\t\t\t\t<\/a>\n\t\t\t\t\t<\/span>\n\t\t\t\t<\/span><\/div><\/div><!-- wp-show-posts-inner --><\/article><article class=\" wp-show-posts-single post-493 post type-post status-publish format-standard hentry category-resenas wpsp-col-4\" itemtype=\"http:\/\/schema.org\/CreativeWork\" itemscope><div class=\"wp-show-posts-inner\" style=\"\">\t\t\t\t\t\t<header class=\"wp-show-posts-entry-header\">\n\t\t\t\t\t\t\t<h2 class=\"wp-show-posts-entry-title\" itemprop=\"headline\"><a href=\"https:\/\/gothicmx.com\/index.php\/2020\/10\/18\/fausto-homonimo\/\" rel=\"bookmark\">Fausto \/ Hom\u00f3nimo<\/a><\/h2><div class=\"wp-show-posts-entry-meta wp-show-posts-entry-meta-below-title post-meta-inline\"><span class=\"wp-show-posts-posted-on wp-show-posts-meta\">\n\t\t\t\t\t<a href=\"https:\/\/gothicmx.com\/index.php\/2020\/10\/18\/fausto-homonimo\/\" title=\"9:20 pm\" rel=\"bookmark\"><time class=\"wp-show-posts-entry-date published\" datetime=\"2020-10-18T21:20:28-05:00\" itemprop=\"datePublished\">octubre 18, 2020<\/time><time class=\"wp-show-posts-updated\" datetime=\"2020-10-18T21:21:02-05:00\" itemprop=\"dateModified\">octubre 18, 2020<\/time><\/a>\n\t\t\t\t<\/span><\/div>\t\t\t\t\t\t<\/header><!-- .entry-header -->\n\t\t\t\t\t\t\t\t\t\t\t<div class=\"wp-show-posts-entry-summary\" itemprop=\"text\">\n\t\t\t\t\t\t\t<p>Si bien buena parte de las rolas en\u00a0Hom\u00f3nimo\u00a0est\u00e1n compuestas por la mancuerna Guillermo Clemente (teclados, sintetizadores, voces) y el bajista Ra\u00fal Zavala, las aportaciones al sonido de Fausto por el&#8230;<\/p>\n\t\t\t\t\t\t<\/div><!-- .entry-summary -->\n\t\t\t\t\t<div class=\"wpsp-read-more\"><a title=\"Fausto \/ Hom\u00f3nimo\" class=\"wp-show-posts-read-more\" href=\"https:\/\/gothicmx.com\/index.php\/2020\/10\/18\/fausto-homonimo\/\">Leer m\u00e1s<\/a><\/div><div class=\"wp-show-posts-entry-meta wp-show-posts-entry-meta-below-post post-meta-stack\"><span class=\"wp-show-posts-byline wp-show-posts-meta\">\n\t\t\t\t\t<span class=\"wp-show-posts-author vcard\" itemtype=\"http:\/\/schema.org\/Person\" itemscope=\"itemscope\" itemprop=\"author\">\n\t\t\t\t\t\t<a class=\"url fn n\" href=\"https:\/\/gothicmx.com\/index.php\/author\/enricure\/\" title=\"View all posts by enricure\" rel=\"author\" itemprop=\"url\">\n\t\t\t\t\t\t\t<span class=\"author-name\" itemprop=\"name\">enricure<\/span>\n\t\t\t\t\t\t<\/a>\n\t\t\t\t\t<\/span>\n\t\t\t\t<\/span><\/div><\/div><!-- wp-show-posts-inner --><\/article><article class=\" wp-show-posts-single post-490 post type-post status-publish format-standard hentry category-resenas wpsp-col-4\" itemtype=\"http:\/\/schema.org\/CreativeWork\" itemscope><div class=\"wp-show-posts-inner\" style=\"\">\t\t\t\t\t\t<header class=\"wp-show-posts-entry-header\">\n\t\t\t\t\t\t\t<h2 class=\"wp-show-posts-entry-title\" itemprop=\"headline\"><a href=\"https:\/\/gothicmx.com\/index.php\/2020\/10\/18\/oxomaxoma-con-ojos-de-fuego\/\" rel=\"bookmark\">Oxomaxoma \/ Con Ojos de Fuego<\/a><\/h2><div class=\"wp-show-posts-entry-meta wp-show-posts-entry-meta-below-title post-meta-inline\"><span class=\"wp-show-posts-posted-on wp-show-posts-meta\">\n\t\t\t\t\t<a href=\"https:\/\/gothicmx.com\/index.php\/2020\/10\/18\/oxomaxoma-con-ojos-de-fuego\/\" title=\"8:41 pm\" rel=\"bookmark\"><time class=\"wp-show-posts-entry-date published\" datetime=\"2020-10-18T20:41:25-05:00\" itemprop=\"datePublished\">octubre 18, 2020<\/time><time class=\"wp-show-posts-updated\" datetime=\"2020-10-18T20:41:39-05:00\" itemprop=\"dateModified\">octubre 18, 2020<\/time><\/a>\n\t\t\t\t<\/span><\/div>\t\t\t\t\t\t<\/header><!-- .entry-header -->\n\t\t\t\t\t\t\t\t\t\t\t<div class=\"wp-show-posts-entry-summary\" itemprop=\"text\">\n\t\t\t\t\t\t\t<p>CRISTHIAN SILIS\u00a0\u2022 Otro regreso al que hay que ponerle atenci\u00f3n.\u00a0 M\u00fasica electr\u00f3nica, experimental, progresivo e industrial&nbsp;son algunos de los estilos que esta banda practica. Pero tuvieron que pasar poco mas&#8230;<\/p>\n\t\t\t\t\t\t<\/div><!-- .entry-summary -->\n\t\t\t\t\t<div class=\"wpsp-read-more\"><a title=\"Oxomaxoma \/ Con Ojos de Fuego\" class=\"wp-show-posts-read-more\" href=\"https:\/\/gothicmx.com\/index.php\/2020\/10\/18\/oxomaxoma-con-ojos-de-fuego\/\">Leer m\u00e1s<\/a><\/div><div class=\"wp-show-posts-entry-meta wp-show-posts-entry-meta-below-post post-meta-stack\"><span class=\"wp-show-posts-byline wp-show-posts-meta\">\n\t\t\t\t\t<span class=\"wp-show-posts-author vcard\" itemtype=\"http:\/\/schema.org\/Person\" itemscope=\"itemscope\" itemprop=\"author\">\n\t\t\t\t\t\t<a class=\"url fn n\" href=\"https:\/\/gothicmx.com\/index.php\/author\/enricure\/\" title=\"View all posts by enricure\" rel=\"author\" itemprop=\"url\">\n\t\t\t\t\t\t\t<span class=\"author-name\" itemprop=\"name\">enricure<\/span>\n\t\t\t\t\t\t<\/a>\n\t\t\t\t\t<\/span>\n\t\t\t\t<\/span><\/div><\/div><!-- wp-show-posts-inner --><\/article><article class=\" wp-show-posts-single post-488 post type-post status-publish format-standard hentry category-resenas wpsp-col-4\" itemtype=\"http:\/\/schema.org\/CreativeWork\" itemscope><div class=\"wp-show-posts-inner\" style=\"\">\t\t\t\t\t\t<header class=\"wp-show-posts-entry-header\">\n\t\t\t\t\t\t\t<h2 class=\"wp-show-posts-entry-title\" itemprop=\"headline\"><a href=\"https:\/\/gothicmx.com\/index.php\/2020\/10\/18\/rabia-sorda-hotel-suicide\/\" rel=\"bookmark\">Rabia Sorda \/ Hotel Suicide<\/a><\/h2><div class=\"wp-show-posts-entry-meta wp-show-posts-entry-meta-below-title post-meta-inline\"><span class=\"wp-show-posts-posted-on wp-show-posts-meta\">\n\t\t\t\t\t<a href=\"https:\/\/gothicmx.com\/index.php\/2020\/10\/18\/rabia-sorda-hotel-suicide\/\" title=\"8:21 pm\" rel=\"bookmark\"><time class=\"wp-show-posts-entry-date published\" datetime=\"2020-10-18T20:21:40-05:00\" itemprop=\"datePublished\">octubre 18, 2020<\/time><time class=\"wp-show-posts-updated\" datetime=\"2020-10-18T20:21:58-05:00\" itemprop=\"dateModified\">octubre 18, 2020<\/time><\/a>\n\t\t\t\t<\/span><\/div>\t\t\t\t\t\t<\/header><!-- .entry-header -->\n\t\t\t\t\t\t\t\t\t\t\t<div class=\"wp-show-posts-entry-summary\" itemprop=\"text\">\n\t\t\t\t\t\t\t<p>Cuando Erk Aicrag no est\u00e1 ocupado con HOCICO concentr\u00e1ndose en el lado negativo y malvado de la existencia humana, est\u00e1 ocupado vertiendo el foco restante de su creatividad en RABIA&#8230;<\/p>\n\t\t\t\t\t\t<\/div><!-- .entry-summary -->\n\t\t\t\t\t<div class=\"wpsp-read-more\"><a title=\"Rabia Sorda \/ Hotel Suicide\" class=\"wp-show-posts-read-more\" href=\"https:\/\/gothicmx.com\/index.php\/2020\/10\/18\/rabia-sorda-hotel-suicide\/\">Leer m\u00e1s<\/a><\/div><div class=\"wp-show-posts-entry-meta wp-show-posts-entry-meta-below-post post-meta-stack\"><span class=\"wp-show-posts-byline wp-show-posts-meta\">\n\t\t\t\t\t<span class=\"wp-show-posts-author vcard\" itemtype=\"http:\/\/schema.org\/Person\" itemscope=\"itemscope\" itemprop=\"author\">\n\t\t\t\t\t\t<a class=\"url fn n\" href=\"https:\/\/gothicmx.com\/index.php\/author\/enricure\/\" title=\"View all posts by enricure\" rel=\"author\" itemprop=\"url\">\n\t\t\t\t\t\t\t<span class=\"author-name\" itemprop=\"name\">enricure<\/span>\n\t\t\t\t\t\t<\/a>\n\t\t\t\t\t<\/span>\n\t\t\t\t<\/span><\/div><\/div><!-- wp-show-posts-inner --><\/article><article class=\" wp-show-posts-single post-465 post type-post status-publish format-standard hentry category-resenas wpsp-col-4\" itemtype=\"http:\/\/schema.org\/CreativeWork\" itemscope><div class=\"wp-show-posts-inner\" style=\"\">\t\t\t\t\t\t<header class=\"wp-show-posts-entry-header\">\n\t\t\t\t\t\t\t<h2 class=\"wp-show-posts-entry-title\" itemprop=\"headline\"><a href=\"https:\/\/gothicmx.com\/index.php\/2020\/10\/13\/lanzaran-otro-tributo-a-the-cure\/\" rel=\"bookmark\">Into the Trees &#8211; Un tributo a The Cure<\/a><\/h2><div class=\"wp-show-posts-entry-meta wp-show-posts-entry-meta-below-title post-meta-inline\"><span class=\"wp-show-posts-posted-on wp-show-posts-meta\">\n\t\t\t\t\t<a href=\"https:\/\/gothicmx.com\/index.php\/2020\/10\/13\/lanzaran-otro-tributo-a-the-cure\/\" title=\"11:44 pm\" rel=\"bookmark\"><time class=\"wp-show-posts-entry-date published\" datetime=\"2020-10-13T23:44:59-05:00\" itemprop=\"datePublished\">octubre 13, 2020<\/time><time class=\"wp-show-posts-updated\" datetime=\"2020-10-13T23:47:59-05:00\" itemprop=\"dateModified\">octubre 13, 2020<\/time><\/a>\n\t\t\t\t<\/span><\/div>\t\t\t\t\t\t<\/header><!-- .entry-header -->\n\t\t\t\t\t\t\t\t\t\t\t<div class=\"wp-show-posts-entry-summary\" itemprop=\"text\">\n\t\t\t\t\t\t\t<p>Into the Trees&nbsp;es el t\u00edtulo del disco-tributo que ha sido anunciado por sus promotores como \u201cel primer tributo mexicano a The Cure\u201d.&nbsp;Auspiciado por Mascarada y Paranoid Visions, el acoplado re\u00fane&#8230;<\/p>\n\t\t\t\t\t\t<\/div><!-- .entry-summary -->\n\t\t\t\t\t<div class=\"wpsp-read-more\"><a title=\"Into the Trees &#8211; Un tributo a The Cure\" class=\"wp-show-posts-read-more\" href=\"https:\/\/gothicmx.com\/index.php\/2020\/10\/13\/lanzaran-otro-tributo-a-the-cure\/\">Leer m\u00e1s<\/a><\/div><div class=\"wp-show-posts-entry-meta wp-show-posts-entry-meta-below-post post-meta-stack\"><span class=\"wp-show-posts-byline wp-show-posts-meta\">\n\t\t\t\t\t<span class=\"wp-show-posts-author vcard\" itemtype=\"http:\/\/schema.org\/Person\" itemscope=\"itemscope\" itemprop=\"author\">\n\t\t\t\t\t\t<a class=\"url fn n\" href=\"https:\/\/gothicmx.com\/index.php\/author\/enricure\/\" title=\"View all posts by enricure\" rel=\"author\" itemprop=\"url\">\n\t\t\t\t\t\t\t<span class=\"author-name\" itemprop=\"name\">enricure<\/span>\n\t\t\t\t\t\t<\/a>\n\t\t\t\t\t<\/span>\n\t\t\t\t<\/span><\/div><\/div><!-- wp-show-posts-inner --><\/article><article class=\" wp-show-posts-single post-432 post type-post status-publish format-standard hentry category-resenas wpsp-col-4\" itemtype=\"http:\/\/schema.org\/CreativeWork\" itemscope><div class=\"wp-show-posts-inner\" style=\"\">\t\t\t\t\t\t<header class=\"wp-show-posts-entry-header\">\n\t\t\t\t\t\t\t<h2 class=\"wp-show-posts-entry-title\" itemprop=\"headline\"><a href=\"https:\/\/gothicmx.com\/index.php\/2020\/10\/13\/hedonea-aeropuerto-edicion-especial\/\" rel=\"bookmark\">Hedonea &#8211; Aeropuerto \/ Edici\u00f3n Especial<\/a><\/h2><div class=\"wp-show-posts-entry-meta wp-show-posts-entry-meta-below-title post-meta-inline\"><span class=\"wp-show-posts-posted-on wp-show-posts-meta\">\n\t\t\t\t\t<a href=\"https:\/\/gothicmx.com\/index.php\/2020\/10\/13\/hedonea-aeropuerto-edicion-especial\/\" title=\"4:43 am\" rel=\"bookmark\"><time class=\"wp-show-posts-entry-date published\" datetime=\"2020-10-13T04:43:54-05:00\" itemprop=\"datePublished\">octubre 13, 2020<\/time><\/a>\n\t\t\t\t<\/span><\/div>\t\t\t\t\t\t<\/header><!-- .entry-header -->\n\t\t\t\t\t\t\t\t\t\t\t<div class=\"wp-show-posts-entry-summary\" itemprop=\"text\">\n\t\t\t\t\t\t\t<p>Hed\u00f3nea, agrupaci\u00f3n con un bagaje de siete producciones discogr\u00e1ficas y media docena de a\u00f1os tocando continuamente en el circuito rocanrolero subterr\u00e1neo, cierra un ciclo al presentar su m\u00e1s reciente disco:&nbsp;Aeropuerto&#8230;<\/p>\n\t\t\t\t\t\t<\/div><!-- .entry-summary -->\n\t\t\t\t\t<div class=\"wpsp-read-more\"><a title=\"Hedonea &#8211; Aeropuerto \/ Edici\u00f3n Especial\" class=\"wp-show-posts-read-more\" href=\"https:\/\/gothicmx.com\/index.php\/2020\/10\/13\/hedonea-aeropuerto-edicion-especial\/\">Leer m\u00e1s<\/a><\/div><div class=\"wp-show-posts-entry-meta wp-show-posts-entry-meta-below-post post-meta-stack\"><span class=\"wp-show-posts-byline wp-show-posts-meta\">\n\t\t\t\t\t<span class=\"wp-show-posts-author vcard\" itemtype=\"http:\/\/schema.org\/Person\" itemscope=\"itemscope\" itemprop=\"author\">\n\t\t\t\t\t\t<a class=\"url fn n\" href=\"https:\/\/gothicmx.com\/index.php\/author\/enricure\/\" title=\"View all posts by enricure\" rel=\"author\" itemprop=\"url\">\n\t\t\t\t\t\t\t<span class=\"author-name\" itemprop=\"name\">enricure<\/span>\n\t\t\t\t\t\t<\/a>\n\t\t\t\t\t<\/span>\n\t\t\t\t<\/span><\/div><\/div><!-- wp-show-posts-inner --><\/article><div class=\"wpsp-clear\"><\/div><\/section><!-- .wp-show-posts -->\n","protected":false},"excerpt":{"rendered":"","protected":false},"author":1,"featured_media":0,"parent":0,"menu_order":0,"comment_status":"closed","ping_status":"closed","template":"","meta":{"_bbp_topic_count":0,"_bbp_reply_count":0,"_bbp_total_topic_count":0,"_bbp_total_reply_count":0,"_bbp_voice_count":0,"_bbp_anonymous_reply_count":0,"_bbp_topic_count_hidden":0,"_bbp_reply_count_hidden":0,"_bbp_forum_subforum_count":0,"_monsterinsights_skip_tracking":false,"_monsterinsights_sitenote_active":false,"_monsterinsights_sitenote_note":"","_monsterinsights_sitenote_category":0,"footnotes":"","_joinchat":[]},"aioseo_notices":[],"_links":{"self":[{"href":"https:\/\/gothicmx.com\/index.php\/wp-json\/wp\/v2\/pages\/257"}],"collection":[{"href":"https:\/\/gothicmx.com\/index.php\/wp-json\/wp\/v2\/pages"}],"about":[{"href":"https:\/\/gothicmx.com\/index.php\/wp-json\/wp\/v2\/types\/page"}],"author":[{"embeddable":true,"href":"https:\/\/gothicmx.com\/index.php\/wp-json\/wp\/v2\/users\/1"}],"replies":[{"embeddable":true,"href":"https:\/\/gothicmx.com\/index.php\/wp-json\/wp\/v2\/comments?post=257"}],"version-history":[{"count":2,"href":"https:\/\/gothicmx.com\/index.php\/wp-json\/wp\/v2\/pages\/257\/revisions"}],"predecessor-version":[{"id":261,"href":"https:\/\/gothicmx.com\/index.php\/wp-json\/wp\/v2\/pages\/257\/revisions\/261"}],"wp:attachment":[{"href":"https:\/\/gothicmx.com\/index.php\/wp-json\/wp\/v2\/media?parent=257"}],"curies":[{"name":"wp","href":"https:\/\/api.w.org\/{rel}","templated":true}]}}