{"id":107,"date":"2020-06-26T01:01:59","date_gmt":"2020-06-26T06:01:59","guid":{"rendered":"http:\/\/gothicmx.com\/?post_type=product&#038;p=107"},"modified":"2025-09-24T09:03:14","modified_gmt":"2025-09-24T15:03:14","slug":"into-the-trees","status":"publish","type":"product","link":"https:\/\/gothicmx.com\/index.php\/producto\/into-the-trees\/","title":{"rendered":"Into the Trees &#8211; Tributo a The Cure"},"content":{"rendered":"<p>El disco Into the Trees es el primer disco oficial de Tributo a The Cure hecho en M\u00e9xico por bandas de la escena underground Mexicana, se presento oficialmente el 06 y 13 de Julio de 2013, teniendo una muy buena aceptaci\u00f3n dentro de la escena oscura, diversos medios radiof\u00f3nicos, impresos y digitales lo han rese\u00f1ado, como: la Jornada, La POP Life, Radio UNAM, Radio Anahuac,, as\u00ed como p\u00e1ginas web especializadas, radio difusoras estatales y de Internet.<\/p>\n<p>&nbsp;<\/p>\n","protected":false},"excerpt":{"rendered":"<p><a href=\"https:\/\/gothicmx.com\/index.php\/2020\/10\/13\/lanzaran-otro-tributo-a-the-cure\/\">RESE\u00d1A DEL DISCO<\/a><\/p>\n<p><strong>T\u00edtulo:<\/strong> Into The Trees<\/p>\n<p><strong>Disquera:<\/strong> Mascarada Records<\/p>\n<p><strong>A\u00f1o:<\/strong> 2013<\/p>\n<p><strong>Productor:<\/strong> Enrique Tamayo<\/p>\n<ol>\n<li>El Clan :\u00a0 Fascination Street<\/li>\n<li>Immum Coeli :\u00a0 A forest<\/li>\n<li>Sogno:\u00a0 Doing the Unstuck<\/li>\n<li>Cyteres :\u00a0 Lament<\/li>\n<li>Lucifer Christ: A night like this<\/li>\n<li>Luna Mysti: A strange days<\/li>\n<li>Aves A veces: Cold<\/li>\n<li>Veneno para las Hadas: Love Cats<\/li>\n<li>Hedonea:\u00a0 Three imaginary boys<\/li>\n<li>Alaydha: Boys dont cry<\/li>\n<li>Titania:\u00a0 Lullaby<\/li>\n<\/ol>\n","protected":false},"featured_media":108,"comment_status":"open","ping_status":"closed","template":"","meta":{"_bbp_topic_count":0,"_bbp_reply_count":0,"_bbp_total_topic_count":0,"_bbp_total_reply_count":0,"_bbp_voice_count":0,"_bbp_anonymous_reply_count":0,"_bbp_topic_count_hidden":0,"_bbp_reply_count_hidden":0,"_bbp_forum_subforum_count":0,"_monsterinsights_skip_tracking":false,"_monsterinsights_sitenote_active":false,"_monsterinsights_sitenote_note":"","_monsterinsights_sitenote_category":0,"_joinchat":[]},"product_cat":[47,49,41],"product_tag":[],"aioseo_notices":[],"_links":{"self":[{"href":"https:\/\/gothicmx.com\/index.php\/wp-json\/wp\/v2\/product\/107"}],"collection":[{"href":"https:\/\/gothicmx.com\/index.php\/wp-json\/wp\/v2\/product"}],"about":[{"href":"https:\/\/gothicmx.com\/index.php\/wp-json\/wp\/v2\/types\/product"}],"replies":[{"embeddable":true,"href":"https:\/\/gothicmx.com\/index.php\/wp-json\/wp\/v2\/comments?post=107"}],"wp:featuredmedia":[{"embeddable":true,"href":"https:\/\/gothicmx.com\/index.php\/wp-json\/wp\/v2\/media\/108"}],"wp:attachment":[{"href":"https:\/\/gothicmx.com\/index.php\/wp-json\/wp\/v2\/media?parent=107"}],"wp:term":[{"taxonomy":"product_cat","embeddable":true,"href":"https:\/\/gothicmx.com\/index.php\/wp-json\/wp\/v2\/product_cat?post=107"},{"taxonomy":"product_tag","embeddable":true,"href":"https:\/\/gothicmx.com\/index.php\/wp-json\/wp\/v2\/product_tag?post=107"}],"curies":[{"name":"wp","href":"https:\/\/api.w.org\/{rel}","templated":true}]}}