{"id":113,"date":"2020-07-02T20:10:35","date_gmt":"2020-07-03T01:10:35","guid":{"rendered":"http:\/\/gothicmx.com\/?post_type=product&#038;p=113"},"modified":"2025-10-24T22:23:57","modified_gmt":"2025-10-25T04:23:57","slug":"from-the-shadows","status":"publish","type":"product","link":"https:\/\/gothicmx.com\/index.php\/producto\/from-the-shadows\/","title":{"rendered":"From the Shadows\/Varias bandas"},"content":{"rendered":"<p><strong>Disco acoplado \u201cFROM THE SHADOWS\u201d <\/strong><\/p>\n<p><strong>G\u00e9nero: <\/strong>Gothic Rock, Dark Wave, Ethereal, Synth Pop<\/p>\n<p><strong>Sello: <\/strong>Terraza Records \/ Mascarada Records<\/p>\n<p><strong>A\u00f1o de lanzamiento: <\/strong>2018<\/p>\n<p>01 &#8211; AD VITAM &#8211; Delirium 4:04<br \/>\n02 &#8211; AGETT &#8211; Hell follows you 3:27<br \/>\n03 &#8211; AVES A VECES &#8211; \u00bfD\u00f3nde estabas? 3:56<br \/>\n04 &#8211; CYTERES &#8211; Nindria 4:12<br \/>\n05 &#8211; DISORDER &#8211; Israel 4:06<br \/>\n06 &#8211; FAUSTO &#8211; Huracan 4:44<br \/>\n07 &#8211; GORGONAS &#8211; Mujer mec\u00e1cina 5:50<br \/>\n08 &#8211; HOFFEN &#8211; Nowere boy 4:09<br \/>\n09 &#8211; LUNA MYSTI &#8211; Cenizas 5:14<br \/>\n10- SOGNO &#8211; Ocaso 3:04<br \/>\n11 &#8211; THE ANPHETAMINE OF LOVERS &#8211; Junk Head 5:52<br \/>\n12- THE CROW DAYS &#8211; Memories 2:54<br \/>\n13 &#8211; TITANIA &#8211; En mi fin 3:05<br \/>\n14 &#8211; VENENO PARA LAS HADAS &#8211; Personal Velocity 5:41<br \/>\n15 &#8211; VYRTUAL ZOCIETY- Human Again Continental mix 4:37<br \/>\n16 &#8211; ILUSI\u00d3N MARCHITA (Bonus Track Peru) &#8211; Aprender a volar 4:33<\/p>\n","protected":false},"excerpt":{"rendered":"<p>From the Shadows es un ambicioso proyecto resultado de la union de 15 bandas de la escena obscura Mexicanas con el objetivo de hacer llegar su m\u00fasica a un mercado internacional.<\/p>\n<p>\u00c9sta compilaci\u00f3n re\u00fane a bandas de diversos g\u00e9neros como Dark wave, Synth pop, Gothic Rock, Cold Wave, Goth metal, Dark electro y Ethereal wave; Todas ellas con una larga trayectoria en la escena obscura Mexicana.<\/p>\n","protected":false},"featured_media":114,"comment_status":"open","ping_status":"closed","template":"","meta":{"_bbp_topic_count":0,"_bbp_reply_count":0,"_bbp_total_topic_count":0,"_bbp_total_reply_count":0,"_bbp_voice_count":0,"_bbp_anonymous_reply_count":0,"_bbp_topic_count_hidden":0,"_bbp_reply_count_hidden":0,"_bbp_forum_subforum_count":0,"_monsterinsights_skip_tracking":false,"_monsterinsights_sitenote_active":false,"_monsterinsights_sitenote_note":"","_monsterinsights_sitenote_category":0,"_joinchat":[]},"product_cat":[47,49],"product_tag":[],"aioseo_notices":[],"_links":{"self":[{"href":"https:\/\/gothicmx.com\/index.php\/wp-json\/wp\/v2\/product\/113"}],"collection":[{"href":"https:\/\/gothicmx.com\/index.php\/wp-json\/wp\/v2\/product"}],"about":[{"href":"https:\/\/gothicmx.com\/index.php\/wp-json\/wp\/v2\/types\/product"}],"replies":[{"embeddable":true,"href":"https:\/\/gothicmx.com\/index.php\/wp-json\/wp\/v2\/comments?post=113"}],"wp:featuredmedia":[{"embeddable":true,"href":"https:\/\/gothicmx.com\/index.php\/wp-json\/wp\/v2\/media\/114"}],"wp:attachment":[{"href":"https:\/\/gothicmx.com\/index.php\/wp-json\/wp\/v2\/media?parent=113"}],"wp:term":[{"taxonomy":"product_cat","embeddable":true,"href":"https:\/\/gothicmx.com\/index.php\/wp-json\/wp\/v2\/product_cat?post=113"},{"taxonomy":"product_tag","embeddable":true,"href":"https:\/\/gothicmx.com\/index.php\/wp-json\/wp\/v2\/product_tag?post=113"}],"curies":[{"name":"wp","href":"https:\/\/api.w.org\/{rel}","templated":true}]}}