{"id":119,"date":"2020-07-06T20:59:37","date_gmt":"2020-07-07T01:59:37","guid":{"rendered":"http:\/\/gothicmx.com\/?post_type=product&#038;p=119"},"modified":"2025-12-02T22:28:26","modified_gmt":"2025-12-03T04:28:26","slug":"luna-mysti-entre-lo-terrenal-y-lo-sagrado","status":"publish","type":"product","link":"https:\/\/gothicmx.com\/index.php\/producto\/luna-mysti-entre-lo-terrenal-y-lo-sagrado\/","title":{"rendered":"Luna Mysti &#8211; Entre lo Terrenal y lo Sagrado"},"content":{"rendered":"<p>2017<\/p>\n<p>Entre lo Terrenal y lo Sagrado<\/p>\n<p>&nbsp;<\/p>\n","protected":false},"excerpt":{"rendered":"<p>Su m\u00fasica es una mezcla de diferentes texturas y ambientes que pueden ir desde un vals tribal pasando por piezas \u00edntimamente personales y ac\u00fasticas hasta un cl\u00e1sico rock g\u00f3tico.En sus letras se encuentran plasmados distintos aspectos intimistas de la naturaleza humana: el amor, el odio, la vida, la muerte, la verdad, la ilusi\u00f3n, los sue\u00f1os y la fe.<\/p>\n","protected":false},"featured_media":121,"comment_status":"open","ping_status":"closed","template":"","meta":{"_bbp_topic_count":0,"_bbp_reply_count":0,"_bbp_total_topic_count":0,"_bbp_total_reply_count":0,"_bbp_voice_count":0,"_bbp_anonymous_reply_count":0,"_bbp_topic_count_hidden":0,"_bbp_reply_count_hidden":0,"_bbp_forum_subforum_count":0,"_monsterinsights_skip_tracking":false,"_monsterinsights_sitenote_active":false,"_monsterinsights_sitenote_note":"","_monsterinsights_sitenote_category":0,"_joinchat":[]},"product_cat":[47,40,43],"product_tag":[],"aioseo_notices":[],"_links":{"self":[{"href":"https:\/\/gothicmx.com\/index.php\/wp-json\/wp\/v2\/product\/119"}],"collection":[{"href":"https:\/\/gothicmx.com\/index.php\/wp-json\/wp\/v2\/product"}],"about":[{"href":"https:\/\/gothicmx.com\/index.php\/wp-json\/wp\/v2\/types\/product"}],"replies":[{"embeddable":true,"href":"https:\/\/gothicmx.com\/index.php\/wp-json\/wp\/v2\/comments?post=119"}],"wp:featuredmedia":[{"embeddable":true,"href":"https:\/\/gothicmx.com\/index.php\/wp-json\/wp\/v2\/media\/121"}],"wp:attachment":[{"href":"https:\/\/gothicmx.com\/index.php\/wp-json\/wp\/v2\/media?parent=119"}],"wp:term":[{"taxonomy":"product_cat","embeddable":true,"href":"https:\/\/gothicmx.com\/index.php\/wp-json\/wp\/v2\/product_cat?post=119"},{"taxonomy":"product_tag","embeddable":true,"href":"https:\/\/gothicmx.com\/index.php\/wp-json\/wp\/v2\/product_tag?post=119"}],"curies":[{"name":"wp","href":"https:\/\/api.w.org\/{rel}","templated":true}]}}