{"id":122,"date":"2020-07-06T21:07:46","date_gmt":"2020-07-07T02:07:46","guid":{"rendered":"http:\/\/gothicmx.com\/?post_type=product&#038;p=122"},"modified":"2021-02-16T20:48:08","modified_gmt":"2021-02-17T02:48:08","slug":"ad-vitam-the-crush","status":"publish","type":"product","link":"https:\/\/gothicmx.com\/index.php\/producto\/ad-vitam-the-crush\/","title":{"rendered":"Ad Vitam &#8211; The Crush"},"content":{"rendered":"<p>2016<\/p>\n<p>&nbsp;<\/p>\n<p>1 Memories<\/p>\n<p>2 Souls<\/p>\n<p>3 The Crush<\/p>\n<p>4 Flesh on Flesh<\/p>\n","protected":false},"excerpt":{"rendered":"<p>Formado en la Ciudad de M\u00e9xico en el 2015 cuando Agnella, despu\u00e9s de varios a\u00f1os en la escena underground, expresa su inter\u00e9s en crear un proyecto con Carlos.<br \/>\nEste dueto de hermanos ha generado mucha expectativa con su fusi\u00f3n de sonidos que van desde el New wave al Dark Electronic con ciertos toques de Synth pop y Post Punk<\/p>\n","protected":false},"featured_media":123,"comment_status":"open","ping_status":"closed","template":"","meta":{"_bbp_topic_count":0,"_bbp_reply_count":0,"_bbp_total_topic_count":0,"_bbp_total_reply_count":0,"_bbp_voice_count":0,"_bbp_anonymous_reply_count":0,"_bbp_topic_count_hidden":0,"_bbp_reply_count_hidden":0,"_bbp_forum_subforum_count":0,"_monsterinsights_skip_tracking":false,"_monsterinsights_sitenote_active":false,"_monsterinsights_sitenote_note":"","_monsterinsights_sitenote_category":0,"_joinchat":[]},"product_cat":[47,16,40],"product_tag":[],"aioseo_notices":[],"_links":{"self":[{"href":"https:\/\/gothicmx.com\/index.php\/wp-json\/wp\/v2\/product\/122"}],"collection":[{"href":"https:\/\/gothicmx.com\/index.php\/wp-json\/wp\/v2\/product"}],"about":[{"href":"https:\/\/gothicmx.com\/index.php\/wp-json\/wp\/v2\/types\/product"}],"replies":[{"embeddable":true,"href":"https:\/\/gothicmx.com\/index.php\/wp-json\/wp\/v2\/comments?post=122"}],"wp:featuredmedia":[{"embeddable":true,"href":"https:\/\/gothicmx.com\/index.php\/wp-json\/wp\/v2\/media\/123"}],"wp:attachment":[{"href":"https:\/\/gothicmx.com\/index.php\/wp-json\/wp\/v2\/media?parent=122"}],"wp:term":[{"taxonomy":"product_cat","embeddable":true,"href":"https:\/\/gothicmx.com\/index.php\/wp-json\/wp\/v2\/product_cat?post=122"},{"taxonomy":"product_tag","embeddable":true,"href":"https:\/\/gothicmx.com\/index.php\/wp-json\/wp\/v2\/product_tag?post=122"}],"curies":[{"name":"wp","href":"https:\/\/api.w.org\/{rel}","templated":true}]}}