{"id":124,"date":"2020-07-06T21:16:53","date_gmt":"2020-07-07T02:16:53","guid":{"rendered":"http:\/\/gothicmx.com\/?post_type=product&#038;p=124"},"modified":"2024-12-24T02:54:33","modified_gmt":"2024-12-24T08:54:33","slug":"sogno-vacio","status":"publish","type":"product","link":"https:\/\/gothicmx.com\/index.php\/producto\/sogno-vacio\/","title":{"rendered":"Sogno &#8211; Vac\u00edo"},"content":{"rendered":"<p>1995 (re-edici\u00f3n 2018)<\/p>\n<ol>\n<li>Vac\u00edo<\/li>\n<li>C\u00fabreme<\/li>\n<li>Hoguera<\/li>\n<li>Alma<\/li>\n<\/ol>\n","protected":false},"excerpt":{"rendered":"<p>Se form\u00f3 en M\u00e9xico D.F. el 8 de diciembre de 1990 bajo el nombre de PAREDES editando 2 demos hasta 1994. En el a\u00f1o de 1995 editan su primer EP. (VACIO) ya con el nombre de SOGNO promocionando el material a varias ciudades. Han editado 4 L.PS (vol.1, Es el mar, Realidad alterna, En el \u00faltimo segundo) y dos sencillos (Se ilumina, La madrugada) as\u00ed como varios acoplados. En 2018 editaran el primero de tres E.PS con material totalmente nuevo.<\/p>\n","protected":false},"featured_media":125,"comment_status":"open","ping_status":"closed","template":"","meta":{"_bbp_topic_count":0,"_bbp_reply_count":0,"_bbp_total_topic_count":0,"_bbp_total_reply_count":0,"_bbp_voice_count":0,"_bbp_anonymous_reply_count":0,"_bbp_topic_count_hidden":0,"_bbp_reply_count_hidden":0,"_bbp_forum_subforum_count":0,"_monsterinsights_skip_tracking":false,"_monsterinsights_sitenote_active":false,"_monsterinsights_sitenote_note":"","_monsterinsights_sitenote_category":0,"_joinchat":[]},"product_cat":[47,40],"product_tag":[],"aioseo_notices":[],"_links":{"self":[{"href":"https:\/\/gothicmx.com\/index.php\/wp-json\/wp\/v2\/product\/124"}],"collection":[{"href":"https:\/\/gothicmx.com\/index.php\/wp-json\/wp\/v2\/product"}],"about":[{"href":"https:\/\/gothicmx.com\/index.php\/wp-json\/wp\/v2\/types\/product"}],"replies":[{"embeddable":true,"href":"https:\/\/gothicmx.com\/index.php\/wp-json\/wp\/v2\/comments?post=124"}],"wp:featuredmedia":[{"embeddable":true,"href":"https:\/\/gothicmx.com\/index.php\/wp-json\/wp\/v2\/media\/125"}],"wp:attachment":[{"href":"https:\/\/gothicmx.com\/index.php\/wp-json\/wp\/v2\/media?parent=124"}],"wp:term":[{"taxonomy":"product_cat","embeddable":true,"href":"https:\/\/gothicmx.com\/index.php\/wp-json\/wp\/v2\/product_cat?post=124"},{"taxonomy":"product_tag","embeddable":true,"href":"https:\/\/gothicmx.com\/index.php\/wp-json\/wp\/v2\/product_tag?post=124"}],"curies":[{"name":"wp","href":"https:\/\/api.w.org\/{rel}","templated":true}]}}