{"id":127,"date":"2020-07-06T21:24:37","date_gmt":"2020-07-07T02:24:37","guid":{"rendered":"http:\/\/gothicmx.com\/?post_type=product&#038;p=127"},"modified":"2025-09-15T21:12:01","modified_gmt":"2025-09-16T03:12:01","slug":"witchco-passengers","status":"publish","type":"product","link":"https:\/\/gothicmx.com\/index.php\/producto\/witchco-passengers\/","title":{"rendered":"WitchCo. &#8211; Passengers"},"content":{"rendered":"<p>Un proyecto de rock alternativo con elementos de new wave, trip-hop, progresivo y pop, de la Ciudad de M\u00e9xico.<\/p>\n<p>El nombre \u201cWitchCo.\u201d (Witch Company<span class=\"text_exposed_show\">), est\u00e1 inspirado en la obra \u201cEl Mago de Oz\u201d, de L. Frank Baum. Consolid\u00e1ndose en 2013, el proyecto est\u00e1 integrado actualmente por Karen Ceja, Ario Garza y Gerardo R\u00edos.<\/span><\/p>\n<p>\u201cPassengers\u201d es el t\u00edtulo de su segundo EP<\/p>\n<p>&nbsp;<\/p>\n<p>&nbsp;<\/p>\n","protected":false},"excerpt":{"rendered":"<p>&nbsp;<\/p>\n<p>2018<\/p>\n<ol>\n<li>Passengers<\/li>\n<li>Saudade<\/li>\n<li>Silent Roads<\/li>\n<li>Passengers (acoustic version)<\/li>\n<\/ol>\n","protected":false},"featured_media":128,"comment_status":"open","ping_status":"closed","template":"","meta":{"_bbp_topic_count":0,"_bbp_reply_count":0,"_bbp_total_topic_count":0,"_bbp_total_reply_count":0,"_bbp_voice_count":0,"_bbp_anonymous_reply_count":0,"_bbp_topic_count_hidden":0,"_bbp_reply_count_hidden":0,"_bbp_forum_subforum_count":0,"_monsterinsights_skip_tracking":false,"_monsterinsights_sitenote_active":false,"_monsterinsights_sitenote_note":"","_monsterinsights_sitenote_category":0,"_joinchat":[]},"product_cat":[47,16,44],"product_tag":[],"aioseo_notices":[],"_links":{"self":[{"href":"https:\/\/gothicmx.com\/index.php\/wp-json\/wp\/v2\/product\/127"}],"collection":[{"href":"https:\/\/gothicmx.com\/index.php\/wp-json\/wp\/v2\/product"}],"about":[{"href":"https:\/\/gothicmx.com\/index.php\/wp-json\/wp\/v2\/types\/product"}],"replies":[{"embeddable":true,"href":"https:\/\/gothicmx.com\/index.php\/wp-json\/wp\/v2\/comments?post=127"}],"wp:featuredmedia":[{"embeddable":true,"href":"https:\/\/gothicmx.com\/index.php\/wp-json\/wp\/v2\/media\/128"}],"wp:attachment":[{"href":"https:\/\/gothicmx.com\/index.php\/wp-json\/wp\/v2\/media?parent=127"}],"wp:term":[{"taxonomy":"product_cat","embeddable":true,"href":"https:\/\/gothicmx.com\/index.php\/wp-json\/wp\/v2\/product_cat?post=127"},{"taxonomy":"product_tag","embeddable":true,"href":"https:\/\/gothicmx.com\/index.php\/wp-json\/wp\/v2\/product_tag?post=127"}],"curies":[{"name":"wp","href":"https:\/\/api.w.org\/{rel}","templated":true}]}}