{"id":133,"date":"2020-07-06T21:43:51","date_gmt":"2020-07-07T02:43:51","guid":{"rendered":"http:\/\/gothicmx.com\/?post_type=product&#038;p=133"},"modified":"2025-09-24T09:04:00","modified_gmt":"2025-09-24T15:04:00","slug":"titania-vaciame","status":"publish","type":"product","link":"https:\/\/gothicmx.com\/index.php\/producto\/titania-vaciame\/","title":{"rendered":"Titania &#8211; Vac\u00edame (2018-Tercera Edici\u00f3n)"},"content":{"rendered":"<p>2018<\/p>\n<p>Mascarada Records<\/p>\n<ol>\n<li>Vac\u00edame<\/li>\n<li>Desvanezco<\/li>\n<li>Terminal<\/li>\n<li>Despertar<\/li>\n<li>Solo<\/li>\n<li>Gabriel<\/li>\n<li>Ins\u00f3lito<\/li>\n<\/ol>\n","protected":false},"excerpt":{"rendered":"<p>grupo de m\u00fasica electr\u00f3nica con tendencias oscuras, que alterna ritmos atmosf\u00e9ricos y agresivos con voces mel\u00f3dicas sin llegar a ser m\u00fasica bailable. Sus canciones hablan principalmente de la condici\u00f3n humana, el amor, el desamor, el deseo, el sufrimiento y la locura.<\/p>\n","protected":false},"featured_media":134,"comment_status":"open","ping_status":"closed","template":"","meta":{"_bbp_topic_count":0,"_bbp_reply_count":0,"_bbp_total_topic_count":0,"_bbp_total_reply_count":0,"_bbp_voice_count":0,"_bbp_anonymous_reply_count":0,"_bbp_topic_count_hidden":0,"_bbp_reply_count_hidden":0,"_bbp_forum_subforum_count":0,"_monsterinsights_skip_tracking":false,"_monsterinsights_sitenote_active":false,"_monsterinsights_sitenote_note":"","_monsterinsights_sitenote_category":0,"_joinchat":[]},"product_cat":[47,16,40,44],"product_tag":[],"aioseo_notices":[],"_links":{"self":[{"href":"https:\/\/gothicmx.com\/index.php\/wp-json\/wp\/v2\/product\/133"}],"collection":[{"href":"https:\/\/gothicmx.com\/index.php\/wp-json\/wp\/v2\/product"}],"about":[{"href":"https:\/\/gothicmx.com\/index.php\/wp-json\/wp\/v2\/types\/product"}],"replies":[{"embeddable":true,"href":"https:\/\/gothicmx.com\/index.php\/wp-json\/wp\/v2\/comments?post=133"}],"wp:featuredmedia":[{"embeddable":true,"href":"https:\/\/gothicmx.com\/index.php\/wp-json\/wp\/v2\/media\/134"}],"wp:attachment":[{"href":"https:\/\/gothicmx.com\/index.php\/wp-json\/wp\/v2\/media?parent=133"}],"wp:term":[{"taxonomy":"product_cat","embeddable":true,"href":"https:\/\/gothicmx.com\/index.php\/wp-json\/wp\/v2\/product_cat?post=133"},{"taxonomy":"product_tag","embeddable":true,"href":"https:\/\/gothicmx.com\/index.php\/wp-json\/wp\/v2\/product_tag?post=133"}],"curies":[{"name":"wp","href":"https:\/\/api.w.org\/{rel}","templated":true}]}}