{"id":135,"date":"2020-07-06T21:53:59","date_gmt":"2020-07-07T02:53:59","guid":{"rendered":"http:\/\/gothicmx.com\/?post_type=product&#038;p=135"},"modified":"2022-11-22T09:12:29","modified_gmt":"2022-11-22T15:12:29","slug":"zu-trazos-de-mi-piel","status":"publish","type":"product","link":"https:\/\/gothicmx.com\/index.php\/producto\/zu-trazos-de-mi-piel\/","title":{"rendered":"Z\u00dc &#8211; Trazos de mi piel"},"content":{"rendered":"<p>Z\u00fc; Comenz\u00f3 como corista de los H\u00e9roes del Silencio y Corcobado y denotaba m\u00e1s influencias de la movida espa\u00f1ola de los ochenta (Desechables, Espasm\u00f3dicos, Decibelios, los diversos grupos de Alaska), entre punk y siniestra, que del hoyo fonqui mexicano.<\/p>\n<p>&nbsp;<\/p>\n","protected":false},"excerpt":{"rendered":"<p>&nbsp;<\/p>\n<ol>\n<li>Da\u00f1o<\/li>\n<li>En tu so\u00f1ar<\/li>\n<li>Himalaya<\/li>\n<li>Voraz<\/li>\n<li>En tu so\u00f1ar remix (Second shoot by Mepeh)<\/li>\n<li>Himalaya (Second shoot by Mepeh)<\/li>\n<\/ol>\n","protected":false},"featured_media":136,"comment_status":"open","ping_status":"closed","template":"","meta":{"_bbp_topic_count":0,"_bbp_reply_count":0,"_bbp_total_topic_count":0,"_bbp_total_reply_count":0,"_bbp_voice_count":0,"_bbp_anonymous_reply_count":0,"_bbp_topic_count_hidden":0,"_bbp_reply_count_hidden":0,"_bbp_forum_subforum_count":0,"_monsterinsights_skip_tracking":false,"_monsterinsights_sitenote_active":false,"_monsterinsights_sitenote_note":"","_monsterinsights_sitenote_category":0,"_joinchat":[]},"product_cat":[47,51,40,44],"product_tag":[],"aioseo_notices":[],"_links":{"self":[{"href":"https:\/\/gothicmx.com\/index.php\/wp-json\/wp\/v2\/product\/135"}],"collection":[{"href":"https:\/\/gothicmx.com\/index.php\/wp-json\/wp\/v2\/product"}],"about":[{"href":"https:\/\/gothicmx.com\/index.php\/wp-json\/wp\/v2\/types\/product"}],"replies":[{"embeddable":true,"href":"https:\/\/gothicmx.com\/index.php\/wp-json\/wp\/v2\/comments?post=135"}],"wp:featuredmedia":[{"embeddable":true,"href":"https:\/\/gothicmx.com\/index.php\/wp-json\/wp\/v2\/media\/136"}],"wp:attachment":[{"href":"https:\/\/gothicmx.com\/index.php\/wp-json\/wp\/v2\/media?parent=135"}],"wp:term":[{"taxonomy":"product_cat","embeddable":true,"href":"https:\/\/gothicmx.com\/index.php\/wp-json\/wp\/v2\/product_cat?post=135"},{"taxonomy":"product_tag","embeddable":true,"href":"https:\/\/gothicmx.com\/index.php\/wp-json\/wp\/v2\/product_tag?post=135"}],"curies":[{"name":"wp","href":"https:\/\/api.w.org\/{rel}","templated":true}]}}