{"id":183,"date":"2020-07-29T02:48:14","date_gmt":"2020-07-29T07:48:14","guid":{"rendered":"http:\/\/gothicmx.com\/?post_type=product&#038;p=183"},"modified":"2023-01-12T22:32:15","modified_gmt":"2023-01-13T04:32:15","slug":"mental-codec-antes-de-caer","status":"publish","type":"product","link":"https:\/\/gothicmx.com\/index.php\/producto\/mental-codec-antes-de-caer\/","title":{"rendered":"Mental codec\/Antes de caer"},"content":{"rendered":"<p>A tres a\u00f1os de su creaci\u00f3n, la banda mexicana Mental C\u00f3dec sobresale en la escena del rock a trav\u00e9s de su disco \u201cAntes de caer\u201d que mediante sus temas in\u00e9ditos lanza una cr\u00edtica social antes diversos acontecimientos.<\/p>\n<p>\u201cNo atacamos al gobierno, pero s\u00ed exponemos nuestro punto de vista desde el \u00e1ngulo musical, como es el caso de \u2018Justicia&#8217;, compuesta por el vocalista Carlos Salas se refiere a los 43 estudiantes desaparecidos en Ayotzinapa, explic\u00f3 el bajista Pedro Navarro<\/p>\n","protected":false},"excerpt":{"rendered":"<div class=\"DigitalMusicDetailPage PrimeMusic USMarket\">\n<div id=\"divsinglecolumnminwidth\" class=\"singlecolumnminwidth\">\n<div id=\"ppd\" class=\"a-section a-spacing-none\">\n<div>\n<div class=\"a-fixed-right-grid a-spacing-large\">\n<div class=\"a-fixed-right-grid-inner\">\n<div id=\"ppd-right\" class=\"a-fixed-right-grid-col a-col-right\">\n<div id=\"buyboxv3_feature_div\" class=\"celwidget\" data-feature-name=\"buyboxv3\" data-csa-c-id=\"rg2bgc-6rjw6d-h0vn8y-iqjcc2\" data-cel-widget=\"buyboxv3_feature_div\">\n<div id=\"dmusic_buybox_container\" class=\"a-section aok-float-right\">\n<div id=\"dmusic_buy_box_group\" class=\"a-box-group a-spacing-mini\">\n<div id=\"dmusic_library_section\" class=\"\">\n<div id=\"dmusic_library_button_box\" class=\"a-box a-color-base-background\">\n<div class=\"a-box-inner\">\n<div class=\"a-button-stack\"><\/div>\n<\/div>\n<\/div>\n<\/div>\n<\/div>\n<\/div>\n<\/div>\n<div id=\"atfTrigger_feature_div\" class=\"celwidget\" data-feature-name=\"atfTrigger\" data-csa-c-id=\"8l5pcs-hze4kx-7xf0jg-v9omnb\" data-cel-widget=\"atfTrigger_feature_div\"><\/div>\n<\/div>\n<\/div>\n<\/div>\n<\/div>\n<\/div>\n<\/div>\n<\/div>\n<div class=\"DigitalMusicDetailPage PrimeMusic USMarket\">\n<div id=\"divsinglecolumnminwidth\" class=\"singlecolumnminwidth\">\n<div id=\"divsinglecolumnpadding\">\n<div id=\"dmusicTracklistV2_feature_div\" class=\"celwidget\" data-feature-name=\"dmusicTracklistV2\" data-csa-c-id=\"8sqffc-td9xhp-3bjeva-6cyf3d\" data-cel-widget=\"dmusicTracklistV2_feature_div\">\n<div id=\"dmusicTracklist_feature_div\" class=\"a-section a-spacing-base\">\n<table id=\"dmusic_tracklist_content\" class=\"a-keyvalue a-horizontal-stripes a-align-center a-span12\">\n<tbody>\n<tr id=\"dmusic_tracklist_content_row_B01M0R2P4M\" class=\"a-text-left a-align-center darkenOnHover\">\n<td id=\"dmusic_tracklist_track_number_1\" class=\"a-text-left a-align-center\"><span class=\"a-size-base-plus\">1<\/span><\/td>\n<td id=\"dmusic_tracklist_track_title_B01M0R2P4M\" class=\"a-text-left a-align-center a-span-flex\">Insomnia<\/td>\n<td id=\"dmusic_tracklist_duration_B01M0R2P4M\" class=\"a-text-center a-align-center\"><span class=\"a-size-base-plus a-color-secondary\">3:10<\/span><\/td>\n<\/tr>\n<tr id=\"dmusic_tracklist_content_row_B01LWUFHUJ\" class=\"a-text-left a-align-center darkenOnHover\">\n<td id=\"dmusic_tracklist_track_number_2\" class=\"a-text-left a-align-center\"><span class=\"a-size-base-plus\">2<\/span><\/td>\n<td id=\"dmusic_tracklist_track_title_B01LWUFHUJ\" class=\"a-text-left a-align-center a-span-flex\">La Fosa<\/td>\n<td id=\"dmusic_tracklist_duration_B01LWUFHUJ\" class=\"a-text-center a-align-center\"><span class=\"a-size-base-plus a-color-secondary\">3:35<\/span><\/td>\n<\/tr>\n<tr id=\"dmusic_tracklist_content_row_B01M0R2UEZ\" class=\"a-text-left a-align-center darkenOnHover\">\n<td id=\"dmusic_tracklist_track_number_3\" class=\"a-text-left a-align-center\"><span class=\"a-size-base-plus\">3<\/span><\/td>\n<td id=\"dmusic_tracklist_track_title_B01M0R2UEZ\" class=\"a-text-left a-align-center a-span-flex\">Himno Entre Ruinas<\/td>\n<td id=\"dmusic_tracklist_duration_B01M0R2UEZ\" class=\"a-text-center a-align-center\"><span class=\"a-size-base-plus a-color-secondary\">5:17<\/span><\/td>\n<\/tr>\n<tr id=\"dmusic_tracklist_content_row_B01LXHWHF3\" class=\"a-text-left a-align-center darkenOnHover\">\n<td id=\"dmusic_tracklist_track_number_4\" class=\"a-text-left a-align-center\"><span class=\"a-size-base-plus\">4<\/span><\/td>\n<td id=\"dmusic_tracklist_track_title_B01LXHWHF3\" class=\"a-text-left a-align-center a-span-flex\">Destino<\/td>\n<td id=\"dmusic_tracklist_duration_B01LXHWHF3\" class=\"a-text-center a-align-center\"><span class=\"a-size-base-plus a-color-secondary\">4:14<\/span><\/td>\n<\/tr>\n<tr id=\"dmusic_tracklist_content_row_B01LY5BK8S\" class=\"a-text-left a-align-center darkenOnHover\">\n<td id=\"dmusic_tracklist_track_number_5\" class=\"a-text-left a-align-center\"><span class=\"a-size-base-plus\">5<\/span><\/td>\n<td id=\"dmusic_tracklist_track_title_B01LY5BK8S\" class=\"a-text-left a-align-center a-span-flex\">Justicia (Miseria)<\/td>\n<td id=\"dmusic_tracklist_duration_B01LY5BK8S\" class=\"a-text-center a-align-center\"><span class=\"a-size-base-plus a-color-secondary\">3:34<\/span><\/td>\n<\/tr>\n<tr id=\"dmusic_tracklist_content_row_B01LWIPSKK\" class=\"a-text-left a-align-center darkenOnHover\">\n<td id=\"dmusic_tracklist_track_number_6\" class=\"a-text-left a-align-center\"><span class=\"a-size-base-plus\">6<\/span><\/td>\n<td id=\"dmusic_tracklist_track_title_B01LWIPSKK\" class=\"a-text-left a-align-center a-span-flex\">Antes de Caer<\/td>\n<td id=\"dmusic_tracklist_duration_B01LWIPSKK\" class=\"a-text-center a-align-center\"><span class=\"a-size-base-plus a-color-secondary\">4:11<\/span><\/td>\n<\/tr>\n<tr id=\"dmusic_tracklist_content_row_B01LWIPT86\" class=\"a-text-left a-align-center darkenOnHover\">\n<td id=\"dmusic_tracklist_track_number_7\" class=\"a-text-left a-align-center\"><span class=\"a-size-base-plus\">7<\/span><\/td>\n<td id=\"dmusic_tracklist_track_title_B01LWIPT86\" class=\"a-text-left a-align-center a-span-flex\">Ojos de Cristal (Caricias) [Bonus Track]<\/td>\n<td id=\"dmusic_tracklist_duration_B01LWIPT86\" class=\"a-text-center a-align-center\"><span class=\"a-size-base-plus a-color-secondary\">4:07<\/span><\/td>\n<\/tr>\n<tr id=\"dmusic_tracklist_content_row_B01LZG5UAA\" class=\"a-text-left a-align-center darkenOnHover\">\n<td id=\"dmusic_tracklist_track_number_8\" class=\"a-text-left a-align-center\"><span class=\"a-size-base-plus\">8<\/span><\/td>\n<td id=\"dmusic_tracklist_track_title_B01LZG5UAA\" class=\"a-text-left a-align-center a-span-flex\">Nuevo D\u00eda<\/td>\n<td id=\"dmusic_tracklist_duration_B01LZG5UAA\" class=\"a-text-center a-align-center\"><span class=\"a-size-base-plus a-color-secondary\">4:23<\/span><\/td>\n<\/tr>\n<tr id=\"dmusic_tracklist_content_row_B01M031X2Q\" class=\"a-text-left a-align-center darkenOnHover\">\n<td id=\"dmusic_tracklist_track_number_9\" class=\"a-text-left a-align-center\"><span class=\"a-size-base-plus\">9<\/span><\/td>\n<td id=\"dmusic_tracklist_track_title_B01M031X2Q\" class=\"a-text-left a-align-center a-span-flex\">Vida<\/td>\n<td id=\"dmusic_tracklist_duration_B01M031X2Q\" class=\"a-text-center a-align-center\"><span class=\"a-size-base-plus a-color-secondary\">4:07<\/span><\/td>\n<\/tr>\n<tr id=\"dmusic_tracklist_content_row_B01M12SJE0\" class=\"a-text-left a-align-center darkenOnHover\">\n<td id=\"dmusic_tracklist_track_number_10\" class=\"a-text-left a-align-center\"><span class=\"a-size-base-plus\">10<\/span><\/td>\n<td id=\"dmusic_tracklist_track_title_B01M12SJE0\" class=\"a-text-left a-align-center a-span-flex\">Lo Que Habita la Noche<\/td>\n<td id=\"dmusic_tracklist_duration_B01M12SJE0\" class=\"a-text-center a-align-center\"><span class=\"a-size-base-plus a-color-secondary\">3:42<\/span><\/td>\n<\/tr>\n<\/tbody>\n<\/table>\n<\/div>\n<\/div>\n<\/div>\n<\/div>\n<\/div>\n","protected":false},"featured_media":185,"comment_status":"open","ping_status":"closed","template":"","meta":{"_bbp_topic_count":0,"_bbp_reply_count":0,"_bbp_total_topic_count":0,"_bbp_total_reply_count":0,"_bbp_voice_count":0,"_bbp_anonymous_reply_count":0,"_bbp_topic_count_hidden":0,"_bbp_reply_count_hidden":0,"_bbp_forum_subforum_count":0,"_monsterinsights_skip_tracking":false,"_monsterinsights_sitenote_active":false,"_monsterinsights_sitenote_note":"","_monsterinsights_sitenote_category":0,"_joinchat":[]},"product_cat":[47,15],"product_tag":[],"aioseo_notices":[],"_links":{"self":[{"href":"https:\/\/gothicmx.com\/index.php\/wp-json\/wp\/v2\/product\/183"}],"collection":[{"href":"https:\/\/gothicmx.com\/index.php\/wp-json\/wp\/v2\/product"}],"about":[{"href":"https:\/\/gothicmx.com\/index.php\/wp-json\/wp\/v2\/types\/product"}],"replies":[{"embeddable":true,"href":"https:\/\/gothicmx.com\/index.php\/wp-json\/wp\/v2\/comments?post=183"}],"wp:featuredmedia":[{"embeddable":true,"href":"https:\/\/gothicmx.com\/index.php\/wp-json\/wp\/v2\/media\/185"}],"wp:attachment":[{"href":"https:\/\/gothicmx.com\/index.php\/wp-json\/wp\/v2\/media?parent=183"}],"wp:term":[{"taxonomy":"product_cat","embeddable":true,"href":"https:\/\/gothicmx.com\/index.php\/wp-json\/wp\/v2\/product_cat?post=183"},{"taxonomy":"product_tag","embeddable":true,"href":"https:\/\/gothicmx.com\/index.php\/wp-json\/wp\/v2\/product_tag?post=183"}],"curies":[{"name":"wp","href":"https:\/\/api.w.org\/{rel}","templated":true}]}}