{"id":225,"date":"2020-08-05T19:50:13","date_gmt":"2020-08-06T00:50:13","guid":{"rendered":"http:\/\/gothicmx.com\/?post_type=product&#038;p=225"},"modified":"2024-12-24T02:46:55","modified_gmt":"2024-12-24T08:46:55","slug":"fausto-homonimo-copia","status":"publish","type":"product","link":"https:\/\/gothicmx.com\/index.php\/producto\/fausto-homonimo-copia\/","title":{"rendered":"FAUSTO\/Hom\u00f3nimo"},"content":{"rendered":"<p>Fausto, \u201cEs un proyecto que busca volver a la ra\u00edz hist\u00f3rica de una \u00e9poca de resplandor en lo que a rock mexicano ata\u00f1e, sin mayor pretensi\u00f3n que presentar un trabajo aut\u00e9ntico, con canciones solidas y de gran impacto\u201d.Guillermo Clemente<\/p>\n<p>El disco Hom\u00f3nimo cuenta con un tema en honor a los 43 normalistas desaparecidos de Ayotzinapa, fue producido en 2017 por Osvaldo de Le\u00f3n, guitarrista de La Casta\u00f1eda.<\/p>\n","protected":false},"excerpt":{"rendered":"<p><a href=\"https:\/\/gothicmx.com\/index.php\/2020\/10\/18\/fausto-homonimo\/\">Rese\u00f1a<\/a><\/p>\n<ol>\n<li>Det\u00e9n mi ca\u00edda<\/li>\n<li>Fr\u00edo<\/li>\n<li>Oc\u00e9ano<\/li>\n<li>Hurac\u00e1n<\/li>\n<li>Contramarea<\/li>\n<li>Litio<\/li>\n<li>Andr\u00f3meda<\/li>\n<li>Aunque no vuelvas m\u00e1s<\/li>\n<li>Cuando no est\u00e1s aqu\u00ed<\/li>\n<li>Cuentos crueles<\/li>\n<li>Somos todos Ayotzinapa: 43 l\u00edneas<\/li>\n<\/ol>\n","protected":false},"featured_media":176,"comment_status":"open","ping_status":"closed","template":"","meta":{"_bbp_topic_count":0,"_bbp_reply_count":0,"_bbp_total_topic_count":0,"_bbp_total_reply_count":0,"_bbp_voice_count":0,"_bbp_anonymous_reply_count":0,"_bbp_topic_count_hidden":0,"_bbp_reply_count_hidden":0,"_bbp_forum_subforum_count":0,"_monsterinsights_skip_tracking":false,"_monsterinsights_sitenote_active":false,"_monsterinsights_sitenote_note":"","_monsterinsights_sitenote_category":0,"_joinchat":[]},"product_cat":[47,43],"product_tag":[],"aioseo_notices":[],"_links":{"self":[{"href":"https:\/\/gothicmx.com\/index.php\/wp-json\/wp\/v2\/product\/225"}],"collection":[{"href":"https:\/\/gothicmx.com\/index.php\/wp-json\/wp\/v2\/product"}],"about":[{"href":"https:\/\/gothicmx.com\/index.php\/wp-json\/wp\/v2\/types\/product"}],"replies":[{"embeddable":true,"href":"https:\/\/gothicmx.com\/index.php\/wp-json\/wp\/v2\/comments?post=225"}],"wp:featuredmedia":[{"embeddable":true,"href":"https:\/\/gothicmx.com\/index.php\/wp-json\/wp\/v2\/media\/176"}],"wp:attachment":[{"href":"https:\/\/gothicmx.com\/index.php\/wp-json\/wp\/v2\/media?parent=225"}],"wp:term":[{"taxonomy":"product_cat","embeddable":true,"href":"https:\/\/gothicmx.com\/index.php\/wp-json\/wp\/v2\/product_cat?post=225"},{"taxonomy":"product_tag","embeddable":true,"href":"https:\/\/gothicmx.com\/index.php\/wp-json\/wp\/v2\/product_tag?post=225"}],"curies":[{"name":"wp","href":"https:\/\/api.w.org\/{rel}","templated":true}]}}