{"id":227,"date":"2020-08-05T23:35:11","date_gmt":"2020-08-06T04:35:11","guid":{"rendered":"http:\/\/gothicmx.com\/?post_type=product&#038;p=227"},"modified":"2023-05-30T21:34:53","modified_gmt":"2023-05-31T02:34:53","slug":"hoffen-cold-tears-of-an-angel","status":"publish","type":"product","link":"https:\/\/gothicmx.com\/index.php\/producto\/hoffen-cold-tears-of-an-angel\/","title":{"rendered":"Hoffen\/ Cold tears of an angel"},"content":{"rendered":"<p>Es la banda de Cold Wave\/Post punk del m\u00fasico mexicano Dal\u00ed Lantzeta, la banda nace a principios del a\u00f1o 2015 con el sencillo Cold Tears of a An Angel, el cual le d\u00e1 nombre a la primera producci\u00f3n de la banda y el cual fue editado bajo los sellos NOF, Sector industrial, Abztrakt Muzak y Squall Rec. (Alemania &#8211; Version Tape)<\/p>\n<p>&nbsp;<\/p>\n<p>Digipack<\/p>\n","protected":false},"excerpt":{"rendered":"<table id=\"track_table\" class=\"track_list track_table\">\n<tbody>\n<tr class=\"track_row_view linked\">\n<td class=\"play-col\">\n<div class=\"play_status\"><\/div>\n<\/td>\n<td class=\"track-number-col\">\n<div class=\"track_number secondaryText\">1.<\/div>\n<\/td>\n<td class=\"title-col\">\n<div class=\"title\"><span class=\"track-title\">Cold Tears of an Angel<\/span>\u00a0<span class=\"time secondaryText\">03:38<\/span><\/div>\n<\/td>\n<td class=\"info-col\">\n<div class=\"info_link\"><\/div>\n<\/td>\n<td class=\"download-col\">\n<div class=\"dl_link\"><\/div>\n<\/td>\n<\/tr>\n<tr class=\"track_row_view linked\">\n<td class=\"play-col\">\n<div class=\"play_status\"><\/div>\n<\/td>\n<td class=\"track-number-col\">\n<div class=\"track_number secondaryText\">2.<\/div>\n<\/td>\n<td class=\"title-col\">\n<div class=\"title\"><span class=\"track-title\">Rowan<\/span>\u00a0<span class=\"time secondaryText\">03:19<\/span><\/div>\n<\/td>\n<td class=\"info-col\">\n<div class=\"info_link\"><\/div>\n<\/td>\n<td class=\"download-col\">\n<div class=\"dl_link\"><\/div>\n<\/td>\n<\/tr>\n<tr class=\"track_row_view linked\">\n<td class=\"play-col\">\n<div class=\"play_status\"><\/div>\n<\/td>\n<td class=\"track-number-col\">\n<div class=\"track_number secondaryText\">3.<\/div>\n<\/td>\n<td class=\"title-col\">\n<div class=\"title\"><span class=\"track-title\">Calisto<\/span>\u00a0<span class=\"time secondaryText\">04:36<\/span><\/div>\n<\/td>\n<td class=\"info-col\">\n<div class=\"info_link\"><\/div>\n<\/td>\n<td class=\"download-col\">\n<div class=\"dl_link\"><\/div>\n<\/td>\n<\/tr>\n<tr class=\"track_row_view linked\">\n<td class=\"play-col\">\n<div class=\"play_status\"><\/div>\n<\/td>\n<td class=\"track-number-col\">\n<div class=\"track_number secondaryText\">4.<\/div>\n<\/td>\n<td class=\"title-col\">\n<div class=\"title\"><span class=\"track-title\">I&#8217;ll never<\/span>\u00a0<span class=\"time secondaryText\">03:38<\/span><\/div>\n<\/td>\n<td class=\"info-col\">\n<div class=\"info_link\"><\/div>\n<\/td>\n<td class=\"download-col\">\n<div class=\"dl_link\"><\/div>\n<\/td>\n<\/tr>\n<tr class=\"track_row_view linked\">\n<td class=\"play-col\">\n<div class=\"play_status\"><\/div>\n<\/td>\n<td class=\"track-number-col\">\n<div class=\"track_number secondaryText\">5.<\/div>\n<\/td>\n<td class=\"title-col\">\n<div class=\"title\"><span class=\"track-title\">Two headed hydra<\/span>\u00a0<span class=\"time secondaryText\">03:23<\/span><\/div>\n<\/td>\n<td class=\"info-col\">\n<div class=\"info_link\"><\/div>\n<\/td>\n<td class=\"download-col\">\n<div class=\"dl_link\"><\/div>\n<\/td>\n<\/tr>\n<tr class=\"track_row_view linked\">\n<td class=\"play-col\">\n<div class=\"play_status\"><\/div>\n<\/td>\n<td class=\"track-number-col\">\n<div class=\"track_number secondaryText\">6.<\/div>\n<\/td>\n<td class=\"title-col\">\n<div class=\"title\"><span class=\"track-title\">Amniotic<\/span>\u00a0<span class=\"time secondaryText\">03:17<\/span><\/div>\n<\/td>\n<td class=\"info-col\">\n<div class=\"info_link\"><\/div>\n<\/td>\n<td class=\"download-col\">\n<div class=\"dl_link\"><\/div>\n<\/td>\n<\/tr>\n<tr class=\"track_row_view linked\">\n<td class=\"play-col\">\n<div class=\"play_status\"><\/div>\n<\/td>\n<td class=\"track-number-col\">\n<div class=\"track_number secondaryText\">7.<\/div>\n<\/td>\n<td class=\"title-col\">\n<div class=\"title\"><span class=\"track-title\">Purple light<\/span>\u00a0<span class=\"time secondaryText\">04:42<\/span><\/div>\n<\/td>\n<td class=\"info-col\">\n<div class=\"info_link\"><\/div>\n<\/td>\n<td class=\"download-col\">\n<div class=\"dl_link\"><\/div>\n<\/td>\n<\/tr>\n<tr class=\"track_row_view linked\">\n<td class=\"play-col\">\n<div class=\"play_status\"><\/div>\n<\/td>\n<td class=\"track-number-col\">\n<div class=\"track_number secondaryText\">8.<\/div>\n<\/td>\n<td class=\"title-col\">\n<div class=\"title\"><span class=\"track-title\">Wakefulness<\/span>\u00a0<span class=\"time secondaryText\">04:14<\/span><\/div>\n<\/td>\n<td class=\"info-col\">\n<div class=\"info_link\"><\/div>\n<\/td>\n<td class=\"download-col\">\n<div class=\"dl_link\"><\/div>\n<\/td>\n<\/tr>\n<tr class=\"track_row_view linked\">\n<td class=\"play-col\">\n<div class=\"play_status\"><\/div>\n<\/td>\n<td class=\"track-number-col\">\n<div class=\"track_number secondaryText\">9.<\/div>\n<\/td>\n<td class=\"title-col\">\n<div class=\"title\"><span class=\"track-title\">Nowhere boy<\/span>\u00a0<span class=\"time secondaryText\">04:09<\/span><\/div>\n<\/td>\n<td class=\"info-col\">\n<div class=\"info_link\"><\/div>\n<\/td>\n<td class=\"download-col\">\n<div class=\"dl_link\"><\/div>\n<\/td>\n<\/tr>\n<tr class=\"track_row_view linked\">\n<td class=\"play-col\">\n<div class=\"play_status\"><\/div>\n<\/td>\n<td class=\"track-number-col\">\n<div class=\"track_number secondaryText\">10.<\/div>\n<\/td>\n<td class=\"title-col\">\n<div class=\"title\"><span class=\"track-title\">Cold Tears of an Angel (Remix version)<\/span>\u00a0<span class=\"time secondaryText\">03:33<\/span><\/div>\n<\/td>\n<\/tr>\n<\/tbody>\n<\/table>\n","protected":false},"featured_media":228,"comment_status":"open","ping_status":"closed","template":"","meta":{"_bbp_topic_count":0,"_bbp_reply_count":0,"_bbp_total_topic_count":0,"_bbp_total_reply_count":0,"_bbp_voice_count":0,"_bbp_anonymous_reply_count":0,"_bbp_topic_count_hidden":0,"_bbp_reply_count_hidden":0,"_bbp_forum_subforum_count":0,"_monsterinsights_skip_tracking":false,"_monsterinsights_sitenote_active":false,"_monsterinsights_sitenote_note":"","_monsterinsights_sitenote_category":0,"_joinchat":[]},"product_cat":[47,58,46],"product_tag":[],"aioseo_notices":[],"_links":{"self":[{"href":"https:\/\/gothicmx.com\/index.php\/wp-json\/wp\/v2\/product\/227"}],"collection":[{"href":"https:\/\/gothicmx.com\/index.php\/wp-json\/wp\/v2\/product"}],"about":[{"href":"https:\/\/gothicmx.com\/index.php\/wp-json\/wp\/v2\/types\/product"}],"replies":[{"embeddable":true,"href":"https:\/\/gothicmx.com\/index.php\/wp-json\/wp\/v2\/comments?post=227"}],"wp:featuredmedia":[{"embeddable":true,"href":"https:\/\/gothicmx.com\/index.php\/wp-json\/wp\/v2\/media\/228"}],"wp:attachment":[{"href":"https:\/\/gothicmx.com\/index.php\/wp-json\/wp\/v2\/media?parent=227"}],"wp:term":[{"taxonomy":"product_cat","embeddable":true,"href":"https:\/\/gothicmx.com\/index.php\/wp-json\/wp\/v2\/product_cat?post=227"},{"taxonomy":"product_tag","embeddable":true,"href":"https:\/\/gothicmx.com\/index.php\/wp-json\/wp\/v2\/product_tag?post=227"}],"curies":[{"name":"wp","href":"https:\/\/api.w.org\/{rel}","templated":true}]}}