{"id":229,"date":"2020-08-05T23:43:02","date_gmt":"2020-08-06T04:43:02","guid":{"rendered":"http:\/\/gothicmx.com\/?post_type=product&#038;p=229"},"modified":"2025-12-02T22:28:26","modified_gmt":"2025-12-03T04:28:26","slug":"los-robotes-hablando-solo","status":"publish","type":"product","link":"https:\/\/gothicmx.com\/index.php\/producto\/los-robotes-hablando-solo\/","title":{"rendered":"Los robotes\/hablando solo"},"content":{"rendered":"<p>&#8220;Los Robotes&#8221; surgen a mediados de 2011 y consiste de cinco personas: Sid (voz), Dali (guitarra), Juris (bajo), David (teclado) y Kelvin (bateria). Su propuesta<span class=\"text_exposed_show\">\u00a0musical mezcla elementos tanto innovadores como olvidados del rock alternativo y la m\u00fasica electr\u00f3nica. Su LP de debut &#8220;Hablando solo&#8221; fue lanzado en abril del 2013. Los oyentes ya pudieron conocer el sonido de la banda con la canci\u00f3n \u201cDos\u201d, una de las primeras piezas publicadas por el grupo que, adem\u00e1s, fue acompa\u00f1ada con un video musical filmado en el D.F. (M\u00e9xico) y Kolka (Letonia).<br \/>\nAhora LOS ROBOTES les presentan \u201cHanoi\u201d &#8211; el primer sencillo oficial de su debut &#8220;Hablando solo&#8221; lanzado en abril del 2013<br \/>\nSi LOS ROBOTES tienen un estilo, es una mezcla de todas sus influencias y bandas anteriores. Si quisi\u00e9ramos seguir elucubrando podr\u00edamos ubicarlos en el espacio de su naciente sonido \u201crock bipolar\u201d.<\/span><\/p>\n<p>&nbsp;<\/p>\n<p>Producido por: Los Robotes<br \/>\nMezclado y masterizado por: Bona Bonson<br \/>\nArte de portada: Eva Villase\u00f1or<\/p>\n<p>Formato: CD<\/p>\n<p>Sobre doble<\/p>\n","protected":false},"excerpt":{"rendered":"<p>&nbsp;<\/p>\n<table id=\"track_table\" class=\"track_list track_table\">\n<tbody>\n<tr class=\"track_row_view linked\">\n<td class=\"title-col\">\n<div class=\"title\"><\/div>\n<\/td>\n<td class=\"info-col\">\n<div class=\"info_link\">1.<\/div>\n<\/td>\n<td class=\"download-col\">\n<div class=\"dl_link\">Escamas 04:17<\/div>\n<\/td>\n<\/tr>\n<tr class=\"track_row_view linked\">\n<td class=\"play-col\">\n<div class=\"play_status\"><\/div>\n<\/td>\n<td class=\"track-number-col\">\n<div class=\"track_number secondaryText\">2.<\/div>\n<\/td>\n<td class=\"title-col\">\n<div class=\"title\"><span class=\"track-title\">Nada que<\/span>\u00a0<span class=\"time secondaryText\">03:36<\/span><\/div>\n<\/td>\n<td class=\"info-col\">\n<div class=\"info_link\"><\/div>\n<\/td>\n<td class=\"download-col\">\n<div class=\"dl_link\"><\/div>\n<\/td>\n<\/tr>\n<tr class=\"track_row_view linked\">\n<td class=\"play-col\">\n<div class=\"play_status\"><\/div>\n<\/td>\n<td class=\"track-number-col\">\n<div class=\"track_number secondaryText\">3.<\/div>\n<\/td>\n<td class=\"title-col\">\n<div class=\"title\"><span class=\"track-title\">El arte de ser visible<\/span>\u00a0<span class=\"time secondaryText\">03:07<\/span><\/div>\n<\/td>\n<td class=\"info-col\">\n<div class=\"info_link\"><\/div>\n<\/td>\n<td class=\"download-col\">\n<div class=\"dl_link\"><\/div>\n<\/td>\n<\/tr>\n<tr class=\"track_row_view linked\">\n<td class=\"play-col\">\n<div class=\"play_status\"><\/div>\n<\/td>\n<td class=\"track-number-col\">\n<div class=\"track_number secondaryText\">4.<\/div>\n<\/td>\n<td class=\"title-col\">\n<div class=\"title\"><span class=\"track-title\">El baile arduo<\/span>\u00a0<span class=\"time secondaryText\">03:54<\/span><\/div>\n<\/td>\n<td class=\"info-col\">\n<div class=\"info_link\"><\/div>\n<\/td>\n<td class=\"download-col\">\n<div class=\"dl_link\"><\/div>\n<\/td>\n<\/tr>\n<tr class=\"track_row_view linked\">\n<td class=\"play-col\">\n<div class=\"play_status\"><\/div>\n<\/td>\n<td class=\"track-number-col\">\n<div class=\"track_number secondaryText\">5.<\/div>\n<\/td>\n<td class=\"title-col\">\n<div class=\"title\"><span class=\"track-title\">Hanoi<\/span>\u00a0<span class=\"time secondaryText\">03:21<\/span><\/div>\n<\/td>\n<td class=\"info-col\">\n<div class=\"info_link\"><\/div>\n<\/td>\n<td class=\"download-col\">\n<div class=\"dl_link\"><\/div>\n<\/td>\n<\/tr>\n<tr class=\"track_row_view linked\">\n<td class=\"play-col\">\n<div class=\"play_status\"><\/div>\n<\/td>\n<td class=\"track-number-col\">\n<div class=\"track_number secondaryText\">6.<\/div>\n<\/td>\n<td class=\"title-col\">\n<div class=\"title\"><span class=\"track-title\">Del.fin<\/span>\u00a0<span class=\"time secondaryText\">03:06<\/span><\/div>\n<\/td>\n<td class=\"info-col\">\n<div class=\"info_link\"><\/div>\n<\/td>\n<td class=\"download-col\">\n<div class=\"dl_link\"><\/div>\n<\/td>\n<\/tr>\n<tr class=\"track_row_view linked\">\n<td class=\"play-col\">\n<div class=\"play_status\"><\/div>\n<\/td>\n<td class=\"track-number-col\">\n<div class=\"track_number secondaryText\">7.<\/div>\n<\/td>\n<td class=\"title-col\">\n<div class=\"title\"><span class=\"track-title\">Dos<\/span>\u00a0<span class=\"time secondaryText\">03:58<\/span><\/div>\n<\/td>\n<td class=\"info-col\">\n<div class=\"info_link\"><\/div>\n<\/td>\n<td class=\"download-col\">\n<div class=\"dl_link\"><\/div>\n<\/td>\n<\/tr>\n<tr class=\"track_row_view linked\">\n<td class=\"play-col\">\n<div class=\"play_status\"><\/div>\n<\/td>\n<td class=\"track-number-col\">\n<div class=\"track_number secondaryText\">8.<\/div>\n<\/td>\n<td class=\"title-col\">\n<div class=\"title\"><span class=\"track-title\">Rojo y gris<\/span>\u00a0<span class=\"time secondaryText\">03:54<\/span><\/div>\n<\/td>\n<td class=\"info-col\">\n<div class=\"info_link\"><\/div>\n<\/td>\n<td class=\"download-col\">\n<div class=\"dl_link\"><\/div>\n<\/td>\n<\/tr>\n<tr class=\"track_row_view linked\">\n<td class=\"play-col\">\n<div class=\"play_status\"><\/div>\n<\/td>\n<td class=\"track-number-col\">\n<div class=\"track_number secondaryText\">9.<\/div>\n<\/td>\n<td class=\"title-col\">\n<div class=\"title\"><span class=\"track-title\">Martes<\/span>\u00a0<span class=\"time secondaryText\">03:51<\/span><\/div>\n<\/td>\n<td class=\"info-col\">\n<div class=\"info_link\"><\/div>\n<\/td>\n<td class=\"download-col\">\n<div class=\"dl_link\"><\/div>\n<\/td>\n<\/tr>\n<tr class=\"track_row_view linked\">\n<td class=\"play-col\">\n<div class=\"play_status\"><\/div>\n<\/td>\n<td class=\"track-number-col\">\n<div class=\"track_number secondaryText\">10.<\/div>\n<\/td>\n<td class=\"title-col\">\n<div class=\"title\"><span class=\"track-title\">La ultima nota<\/span>\u00a0<span class=\"time secondaryText\">03:18<\/span><\/div>\n<\/td>\n<\/tr>\n<\/tbody>\n<\/table>\n<p>&nbsp;<\/p>\n","protected":false},"featured_media":230,"comment_status":"open","ping_status":"closed","template":"","meta":{"_bbp_topic_count":0,"_bbp_reply_count":0,"_bbp_total_topic_count":0,"_bbp_total_reply_count":0,"_bbp_voice_count":0,"_bbp_anonymous_reply_count":0,"_bbp_topic_count_hidden":0,"_bbp_reply_count_hidden":0,"_bbp_forum_subforum_count":0,"_monsterinsights_skip_tracking":false,"_monsterinsights_sitenote_active":false,"_monsterinsights_sitenote_note":"","_monsterinsights_sitenote_category":0,"_joinchat":[]},"product_cat":[47,16],"product_tag":[],"aioseo_notices":[],"_links":{"self":[{"href":"https:\/\/gothicmx.com\/index.php\/wp-json\/wp\/v2\/product\/229"}],"collection":[{"href":"https:\/\/gothicmx.com\/index.php\/wp-json\/wp\/v2\/product"}],"about":[{"href":"https:\/\/gothicmx.com\/index.php\/wp-json\/wp\/v2\/types\/product"}],"replies":[{"embeddable":true,"href":"https:\/\/gothicmx.com\/index.php\/wp-json\/wp\/v2\/comments?post=229"}],"wp:featuredmedia":[{"embeddable":true,"href":"https:\/\/gothicmx.com\/index.php\/wp-json\/wp\/v2\/media\/230"}],"wp:attachment":[{"href":"https:\/\/gothicmx.com\/index.php\/wp-json\/wp\/v2\/media?parent=229"}],"wp:term":[{"taxonomy":"product_cat","embeddable":true,"href":"https:\/\/gothicmx.com\/index.php\/wp-json\/wp\/v2\/product_cat?post=229"},{"taxonomy":"product_tag","embeddable":true,"href":"https:\/\/gothicmx.com\/index.php\/wp-json\/wp\/v2\/product_tag?post=229"}],"curies":[{"name":"wp","href":"https:\/\/api.w.org\/{rel}","templated":true}]}}