{"id":231,"date":"2020-08-05T23:57:49","date_gmt":"2020-08-06T04:57:49","guid":{"rendered":"http:\/\/gothicmx.com\/?post_type=product&#038;p=231"},"modified":"2025-12-02T22:28:26","modified_gmt":"2025-12-03T04:28:26","slug":"leslie-grun-el-tercer-dia","status":"publish","type":"product","link":"https:\/\/gothicmx.com\/index.php\/producto\/leslie-grun-el-tercer-dia\/","title":{"rendered":"Leslie Grun\/ El tercer d\u00eda"},"content":{"rendered":"<p>Con diez a\u00f1os de trayectoria,\u00a0<i>Leslie Grun\u00a0<\/i>sigue demostrando que no hay l\u00edmites, superando cada uno de los obst\u00e1culos que representa ser una banda independiente. Ellos no s\u00f3lo son los compositores de sus canciones, tambi\u00e9n han producido, mezclado y masterizado sus tres discos, cada uno de los cuales nos presenta diversas emociones y una gran evoluci\u00f3n musical.<\/p>\n<p>&nbsp;<\/p>\n<p>&nbsp;<\/p>\n<p>Sobre triple<\/p>\n","protected":false},"excerpt":{"rendered":"<table id=\"dmusic_tracklist_content\" class=\"a-keyvalue a-horizontal-stripes  a-align-center a-span12\">\n<tbody>\n<tr id=\"dmusic_tracklist_content_row_B081W2GNLN\" class=\"a-text-left a-align-center darkenOnHover\">\n<td id=\"dmusic_tracklist_track_number_1\" class=\"a-text-left a-align-center\"><span class=\"a-size-base-plus\">1<\/span><\/td>\n<td id=\"dmusic_tracklist_track_title_B081W2GNLN\" class=\"a-text-left a-align-center a-span-flex\">Directo al Sol<\/td>\n<td id=\"dmusic_tracklist_duration_B081W2GNLN\" class=\"a-text-center a-align-center\"><span class=\"a-size-base-plus a-color-secondary\">3:56<\/span><\/td>\n<\/tr>\n<tr id=\"dmusic_tracklist_content_row_B081W4CFCK\" class=\"a-text-left a-align-center darkenOnHover\">\n<td id=\"dmusic_tracklist_track_number_2\" class=\"a-text-left a-align-center\"><span class=\"a-size-base-plus\">2<\/span><\/td>\n<td id=\"dmusic_tracklist_track_title_B081W4CFCK\" class=\"a-text-left a-align-center a-span-flex\">Que\u0301date Conmigo<\/td>\n<td id=\"dmusic_tracklist_duration_B081W4CFCK\" class=\"a-text-center a-align-center\"><span class=\"a-size-base-plus a-color-secondary\">3:28<\/span><\/td>\n<\/tr>\n<tr id=\"dmusic_tracklist_content_row_B081W4H51C\" class=\"a-text-left a-align-center darkenOnHover\">\n<td id=\"dmusic_tracklist_track_number_3\" class=\"a-text-left a-align-center\"><span class=\"a-size-base-plus\">3<\/span><\/td>\n<td id=\"dmusic_tracklist_track_title_B081W4H51C\" class=\"a-text-left a-align-center a-span-flex\">1994<\/td>\n<td id=\"dmusic_tracklist_duration_B081W4H51C\" class=\"a-text-center a-align-center\"><span class=\"a-size-base-plus a-color-secondary\">3:08<\/span><\/td>\n<\/tr>\n<tr id=\"dmusic_tracklist_content_row_B081W9BHD5\" class=\"a-text-left a-align-center darkenOnHover\">\n<td id=\"dmusic_tracklist_track_number_4\" class=\"a-text-left a-align-center\"><span class=\"a-size-base-plus\">4<\/span><\/td>\n<td id=\"dmusic_tracklist_track_title_B081W9BHD5\" class=\"a-text-left a-align-center a-span-flex\">Mundo Feliz (Cover a Fobia)<\/td>\n<td id=\"dmusic_tracklist_duration_B081W9BHD5\" class=\"a-text-center a-align-center\"><span class=\"a-size-base-plus a-color-secondary\">4:12<\/span><\/td>\n<\/tr>\n<tr id=\"dmusic_tracklist_content_row_B081W4C7W8\" class=\"a-text-left a-align-center darkenOnHover\">\n<td id=\"dmusic_tracklist_track_number_5\" class=\"a-text-left a-align-center\"><span class=\"a-size-base-plus\">5<\/span><\/td>\n<td id=\"dmusic_tracklist_track_title_B081W4C7W8\" class=\"a-text-left a-align-center a-span-flex\">No Existes<\/td>\n<td id=\"dmusic_tracklist_duration_B081W4C7W8\" class=\"a-text-center a-align-center\"><span class=\"a-size-base-plus a-color-secondary\">3:32<\/span><\/td>\n<\/tr>\n<tr id=\"dmusic_tracklist_content_row_B081W3VZFQ\" class=\"a-text-left a-align-center darkenOnHover\">\n<td id=\"dmusic_tracklist_track_number_6\" class=\"a-text-left a-align-center\"><span class=\"a-size-base-plus\">6<\/span><\/td>\n<td id=\"dmusic_tracklist_track_title_B081W3VZFQ\" class=\"a-text-left a-align-center a-span-flex\">Galaga<\/td>\n<td id=\"dmusic_tracklist_duration_B081W3VZFQ\" class=\"a-text-center a-align-center\"><span class=\"a-size-base-plus a-color-secondary\">3:41<\/span><\/td>\n<\/tr>\n<tr id=\"dmusic_tracklist_content_row_B081W2Q8WS\" class=\"a-text-left a-align-center darkenOnHover\">\n<td id=\"dmusic_tracklist_track_number_7\" class=\"a-text-left a-align-center\"><span class=\"a-size-base-plus\">7<\/span><\/td>\n<td id=\"dmusic_tracklist_track_title_B081W2Q8WS\" class=\"a-text-left a-align-center a-span-flex\">Espacio Sin Atajos<\/td>\n<td id=\"dmusic_tracklist_duration_B081W2Q8WS\" class=\"a-text-center a-align-center\"><span class=\"a-size-base-plus a-color-secondary\">4:15<\/span><\/td>\n<\/tr>\n<tr id=\"dmusic_tracklist_content_row_B081W2893N\" class=\"a-text-left a-align-center darkenOnHover\">\n<td id=\"dmusic_tracklist_track_number_8\" class=\"a-text-left a-align-center\"><span class=\"a-size-base-plus\">8<\/span><\/td>\n<td id=\"dmusic_tracklist_track_title_B081W2893N\" class=\"a-text-left a-align-center a-span-flex\">Adio\u0301s Amor<\/td>\n<td id=\"dmusic_tracklist_duration_B081W2893N\" class=\"a-text-center a-align-center\"><span class=\"a-size-base-plus a-color-secondary\">3:41<\/span><\/td>\n<\/tr>\n<tr id=\"dmusic_tracklist_content_row_B081W3LTMG\" class=\"a-text-left a-align-center darkenOnHover\">\n<td id=\"dmusic_tracklist_track_number_9\" class=\"a-text-left a-align-center\"><span class=\"a-size-base-plus\">9<\/span><\/td>\n<td id=\"dmusic_tracklist_track_title_B081W3LTMG\" class=\"a-text-left a-align-center a-span-flex\">Te Sigo Son\u0303ando<\/td>\n<td id=\"dmusic_tracklist_duration_B081W3LTMG\" class=\"a-text-center a-align-center\"><span class=\"a-size-base-plus a-color-secondary\">3:33<\/span><\/td>\n<\/tr>\n<tr id=\"dmusic_tracklist_content_row_B081W3PQ4K\" class=\"a-text-left a-align-center darkenOnHover\">\n<td id=\"dmusic_tracklist_track_number_10\" class=\"a-text-left a-align-center\"><span class=\"a-size-base-plus\">10<\/span><\/td>\n<td id=\"dmusic_tracklist_track_title_B081W3PQ4K\" class=\"a-text-left a-align-center a-span-flex\">Cancio\u0301n Feliz<\/td>\n<td id=\"dmusic_tracklist_duration_B081W3PQ4K\" class=\"a-text-center a-align-center\"><span class=\"a-size-base-plus a-color-secondary\">3:49<\/span><\/td>\n<\/tr>\n<tr id=\"dmusic_tracklist_content_row_B081W4XMDT\" class=\"a-text-left a-align-center darkenOnHover\">\n<td id=\"dmusic_tracklist_track_number_11\" class=\"a-text-left a-align-center\"><span class=\"a-size-base-plus\">11<\/span><\/td>\n<td id=\"dmusic_tracklist_track_title_B081W4XMDT\" class=\"a-text-left a-align-center a-span-flex\">Dime Qu\u00e9 Paso\u0301<\/td>\n<td id=\"dmusic_tracklist_duration_B081W4XMDT\" class=\"a-text-center a-align-center\"><span class=\"a-size-base-plus a-color-secondary\">3:26<\/span><\/td>\n<\/tr>\n<tr id=\"dmusic_tracklist_content_row_B081W3LLZ8\" class=\"a-text-left a-align-center darkenOnHover\">\n<td id=\"dmusic_tracklist_track_number_12\" class=\"a-text-left a-align-center\"><span class=\"a-size-base-plus\">12<\/span><\/td>\n<td id=\"dmusic_tracklist_track_title_B081W3LLZ8\" class=\"a-text-left a-align-center a-span-flex\">Pi X Radio al Cuadrado<\/td>\n<td id=\"dmusic_tracklist_duration_B081W3LLZ8\" class=\"a-text-center a-align-center\"><span class=\"a-size-base-plus a-color-secondary\">3:02<\/span><\/td>\n<\/tr>\n<tr id=\"dmusic_tracklist_content_row_B081W4LP8C\" class=\"a-text-left a-align-center darkenOnHover\">\n<td id=\"dmusic_tracklist_track_number_13\" class=\"a-text-left a-align-center\"><span class=\"a-size-base-plus\">13<\/span><\/td>\n<td id=\"dmusic_tracklist_track_title_B081W4LP8C\" class=\"a-text-left a-align-center a-span-flex\">Nave<\/td>\n<td id=\"dmusic_tracklist_duration_B081W4LP8C\" class=\"a-text-center a-align-center\"><span class=\"a-size-base-plus a-color-secondary\">4:08<\/span><\/td>\n<\/tr>\n<\/tbody>\n<\/table>\n","protected":false},"featured_media":232,"comment_status":"open","ping_status":"closed","template":"","meta":{"_bbp_topic_count":0,"_bbp_reply_count":0,"_bbp_total_topic_count":0,"_bbp_total_reply_count":0,"_bbp_voice_count":0,"_bbp_anonymous_reply_count":0,"_bbp_topic_count_hidden":0,"_bbp_reply_count_hidden":0,"_bbp_forum_subforum_count":0,"_monsterinsights_skip_tracking":false,"_monsterinsights_sitenote_active":false,"_monsterinsights_sitenote_note":"","_monsterinsights_sitenote_category":0,"_joinchat":[]},"product_cat":[47,15],"product_tag":[],"aioseo_notices":[],"_links":{"self":[{"href":"https:\/\/gothicmx.com\/index.php\/wp-json\/wp\/v2\/product\/231"}],"collection":[{"href":"https:\/\/gothicmx.com\/index.php\/wp-json\/wp\/v2\/product"}],"about":[{"href":"https:\/\/gothicmx.com\/index.php\/wp-json\/wp\/v2\/types\/product"}],"replies":[{"embeddable":true,"href":"https:\/\/gothicmx.com\/index.php\/wp-json\/wp\/v2\/comments?post=231"}],"wp:featuredmedia":[{"embeddable":true,"href":"https:\/\/gothicmx.com\/index.php\/wp-json\/wp\/v2\/media\/232"}],"wp:attachment":[{"href":"https:\/\/gothicmx.com\/index.php\/wp-json\/wp\/v2\/media?parent=231"}],"wp:term":[{"taxonomy":"product_cat","embeddable":true,"href":"https:\/\/gothicmx.com\/index.php\/wp-json\/wp\/v2\/product_cat?post=231"},{"taxonomy":"product_tag","embeddable":true,"href":"https:\/\/gothicmx.com\/index.php\/wp-json\/wp\/v2\/product_tag?post=231"}],"curies":[{"name":"wp","href":"https:\/\/api.w.org\/{rel}","templated":true}]}}