{"id":233,"date":"2020-08-06T00:14:50","date_gmt":"2020-08-06T05:14:50","guid":{"rendered":"http:\/\/gothicmx.com\/?post_type=product&#038;p=233"},"modified":"2024-03-10T16:04:49","modified_gmt":"2024-03-10T22:04:49","slug":"la-parade-monstrueuse-in-strict-confidence","status":"publish","type":"product","link":"https:\/\/gothicmx.com\/index.php\/producto\/la-parade-monstrueuse-in-strict-confidence\/","title":{"rendered":"La Parade Monstrueuse \/ In Strict Confidence"},"content":{"rendered":"<p>(Art\u00edculo usado)<\/p>\n<p>&nbsp;<\/p>\n<p>Durante m\u00e1s de 13 a\u00f1os, In Strict Confidence ha creado una combinaci\u00f3n \u00fanica de m\u00fasica industrial electr\u00f3nica. Sus \u00faltimos lanzamientos vieron una incorporaci\u00f3n de sensibilidad pop lanzada a la mezcla para dar a sus canciones un &#8220;ambiente rockero&#8221; mientras manten\u00edan la identidad caracter\u00edstica de In Strict Confidence. Para 2010, la banda est\u00e1 lista para lanzar La Parade Monstrueuse. Una vez m\u00e1s, la voz caracter\u00edstica de Dennis Osterman fluye a la perfecci\u00f3n con la m\u00fasica, mientras que ambas se acent\u00faan con voces femeninas en varias pistas.<\/p>\n<p>La Parade Monstrueuse est\u00e1 dise\u00f1ada con una sensaci\u00f3n m\u00e1s pulida que sus predecesoras con solo una cosa en mente: los fan\u00e1ticos de ISC.<\/p>\n<p>&nbsp;<\/p>\n<p>Incluye dos videoclips<\/p>\n<p>sobre<\/p>\n","protected":false},"excerpt":{"rendered":"<ol>\n<li>La Parade Monstrueuse (intro)<\/li>\n<li>My Despair<\/li>\n<li>Silver Bullets<\/li>\n<li>One Drop<\/li>\n<li>Set Me Free<\/li>\n<li>This is All<\/li>\n<li>Ewige Nacht<\/li>\n<li>Snow White<\/li>\n<li>I Surrender<\/li>\n<li>Schwarzes Licht<\/li>\n<li>Golden Gate<\/li>\n<li>Set Me Free (ASP Remix)<\/li>\n<li>Silver Bullets (X-Fusion Remix)<\/li>\n<li>Set Me Free (Rhys Fulber Remix)<\/li>\n<\/ol>\n<p>My Despair (Videoclip)<\/p>\n<p>Ewige Nacht (Videoclip)<\/p>\n<p>&nbsp;<\/p>\n","protected":false},"featured_media":235,"comment_status":"open","ping_status":"closed","template":"","meta":{"_bbp_topic_count":0,"_bbp_reply_count":0,"_bbp_total_topic_count":0,"_bbp_total_reply_count":0,"_bbp_voice_count":0,"_bbp_anonymous_reply_count":0,"_bbp_topic_count_hidden":0,"_bbp_reply_count_hidden":0,"_bbp_forum_subforum_count":0,"_monsterinsights_skip_tracking":false,"_monsterinsights_sitenote_active":false,"_monsterinsights_sitenote_note":"","_monsterinsights_sitenote_category":0,"_joinchat":[]},"product_cat":[47,16],"product_tag":[],"aioseo_notices":[],"_links":{"self":[{"href":"https:\/\/gothicmx.com\/index.php\/wp-json\/wp\/v2\/product\/233"}],"collection":[{"href":"https:\/\/gothicmx.com\/index.php\/wp-json\/wp\/v2\/product"}],"about":[{"href":"https:\/\/gothicmx.com\/index.php\/wp-json\/wp\/v2\/types\/product"}],"replies":[{"embeddable":true,"href":"https:\/\/gothicmx.com\/index.php\/wp-json\/wp\/v2\/comments?post=233"}],"wp:featuredmedia":[{"embeddable":true,"href":"https:\/\/gothicmx.com\/index.php\/wp-json\/wp\/v2\/media\/235"}],"wp:attachment":[{"href":"https:\/\/gothicmx.com\/index.php\/wp-json\/wp\/v2\/media?parent=233"}],"wp:term":[{"taxonomy":"product_cat","embeddable":true,"href":"https:\/\/gothicmx.com\/index.php\/wp-json\/wp\/v2\/product_cat?post=233"},{"taxonomy":"product_tag","embeddable":true,"href":"https:\/\/gothicmx.com\/index.php\/wp-json\/wp\/v2\/product_tag?post=233"}],"curies":[{"name":"wp","href":"https:\/\/api.w.org\/{rel}","templated":true}]}}