{"id":236,"date":"2020-08-06T00:24:13","date_gmt":"2020-08-06T05:24:13","guid":{"rendered":"http:\/\/gothicmx.com\/?post_type=product&#038;p=236"},"modified":"2022-11-09T08:49:59","modified_gmt":"2022-11-09T14:49:59","slug":"a-life-divided-heart-on-fire","status":"publish","type":"product","link":"https:\/\/gothicmx.com\/index.php\/producto\/a-life-divided-heart-on-fire\/","title":{"rendered":"A Life (Divided)\/ Heart on fire"},"content":{"rendered":"<p><strong>Sello:<\/strong>\u00a0AFM Records<\/p>\n<p><b>Copyright:<\/b>\u00a0AFM Records, a Division of Soulfood Music Distribution GmbH<\/p>\n<p><b>Duraci\u00f3n total:<\/b>\u00a011:46<\/p>\n<p>&nbsp;<\/p>\n<p>A Life Divided se fund\u00f3 en 2003. Sus dos primeros \u00e1lbumes fueron autoeditados. En 2006, se lanz\u00f3 el \u00e1lbum Far, que apoy\u00f3 como acto de apertura en la gira GlaubeLiebeTod de Oomph. En 2007 acompa\u00f1aron a Eisbrecher como acto de apertura en la gira de <i>Antik\u00f6rper-Tournee<\/i>. . De 2008 a 2010, J\u00fcrgen Plangger y Erik Damk\u00f6hler escribieron el \u00e1lbum Passenger, del que se extrajeron los sencillos Heart on Fire y Doesn\u2019t Count. En 2011, A Life Divided abri\u00f3 a la banda Apocalyptica en su 7th Symphony Tour.<\/p>\n","protected":false},"excerpt":{"rendered":"<table id=\"dmusic_tracklist_content\" class=\"a-keyvalue a-horizontal-stripes  a-align-center a-span12\">\n<tbody>\n<tr id=\"dmusic_tracklist_content_row_B00QLJBXWI\" class=\"a-text-left a-align-center darkenOnHover\">\n<td id=\"dmusic_tracklist_track_number_1\" class=\"a-text-left a-align-center\"><span class=\"a-size-base-plus\">1<\/span><\/td>\n<td id=\"dmusic_tracklist_track_title_B00QLJBXWI\" class=\"a-text-left a-align-center a-span-flex\">Sounds Like a Melody<\/td>\n<td id=\"dmusic_tracklist_duration_B00QLJBXWI\" class=\"a-text-center a-align-center\"><span class=\"a-size-base-plus a-color-secondary\">4:32<\/span><\/td>\n<\/tr>\n<tr id=\"dmusic_tracklist_content_row_B00QLJBTI6\" class=\"a-text-left a-align-center darkenOnHover\">\n<td id=\"dmusic_tracklist_track_number_2\" class=\"a-text-left a-align-center\"><span class=\"a-size-base-plus\">2<\/span><\/td>\n<td id=\"dmusic_tracklist_track_title_B00QLJBTI6\" class=\"a-text-left a-align-center a-span-flex\">Heart on Fire<\/td>\n<td id=\"dmusic_tracklist_duration_B00QLJBTI6\" class=\"a-text-center a-align-center\"><span class=\"a-size-base-plus a-color-secondary\">3:31<\/span><\/td>\n<\/tr>\n<tr id=\"dmusic_tracklist_content_row_B00QLJC0S4\" class=\"a-text-left a-align-center darkenOnHover\">\n<td id=\"dmusic_tracklist_track_number_3\" class=\"a-text-left a-align-center\"><span class=\"a-size-base-plus\">3<\/span><\/td>\n<td id=\"dmusic_tracklist_track_title_B00QLJC0S4\" class=\"a-text-left a-align-center a-span-flex\">Hey You<\/td>\n<td id=\"dmusic_tracklist_duration_B00QLJC0S4\" class=\"a-text-center a-align-center\"><span class=\"a-size-base-plus a-color-secondary\">3:43<\/span><\/td>\n<\/tr>\n<\/tbody>\n<\/table>\n","protected":false},"featured_media":237,"comment_status":"open","ping_status":"closed","template":"","meta":{"_bbp_topic_count":0,"_bbp_reply_count":0,"_bbp_total_topic_count":0,"_bbp_total_reply_count":0,"_bbp_voice_count":0,"_bbp_anonymous_reply_count":0,"_bbp_topic_count_hidden":0,"_bbp_reply_count_hidden":0,"_bbp_forum_subforum_count":0,"_monsterinsights_skip_tracking":false,"_monsterinsights_sitenote_active":false,"_monsterinsights_sitenote_note":"","_monsterinsights_sitenote_category":0,"_joinchat":[]},"product_cat":[47,56,51,16],"product_tag":[],"aioseo_notices":[],"_links":{"self":[{"href":"https:\/\/gothicmx.com\/index.php\/wp-json\/wp\/v2\/product\/236"}],"collection":[{"href":"https:\/\/gothicmx.com\/index.php\/wp-json\/wp\/v2\/product"}],"about":[{"href":"https:\/\/gothicmx.com\/index.php\/wp-json\/wp\/v2\/types\/product"}],"replies":[{"embeddable":true,"href":"https:\/\/gothicmx.com\/index.php\/wp-json\/wp\/v2\/comments?post=236"}],"wp:featuredmedia":[{"embeddable":true,"href":"https:\/\/gothicmx.com\/index.php\/wp-json\/wp\/v2\/media\/237"}],"wp:attachment":[{"href":"https:\/\/gothicmx.com\/index.php\/wp-json\/wp\/v2\/media?parent=236"}],"wp:term":[{"taxonomy":"product_cat","embeddable":true,"href":"https:\/\/gothicmx.com\/index.php\/wp-json\/wp\/v2\/product_cat?post=236"},{"taxonomy":"product_tag","embeddable":true,"href":"https:\/\/gothicmx.com\/index.php\/wp-json\/wp\/v2\/product_tag?post=236"}],"curies":[{"name":"wp","href":"https:\/\/api.w.org\/{rel}","templated":true}]}}