{"id":238,"date":"2020-08-06T00:30:10","date_gmt":"2020-08-06T05:30:10","guid":{"rendered":"http:\/\/gothicmx.com\/?post_type=product&#038;p=238"},"modified":"2025-05-23T03:08:14","modified_gmt":"2025-05-23T09:08:14","slug":"oz-sonador","status":"publish","type":"product","link":"https:\/\/gothicmx.com\/index.php\/producto\/oz-sonador\/","title":{"rendered":"OZ\/So\u00f1ador"},"content":{"rendered":"<p>Projecto solista de Oswaldo de Le\u00f3n, guitarrista l\u00edder del grupo La Casta\u00f1eda. Experimenta con sonidos et\u00e9reos y ambientales, as\u00ed como voces de cantantes como Zaira Franco en una fusi\u00f3n de rock con lounge. El Oz Project graba este \u00e1lbum con 9 tracks in\u00e9ditos.<\/p>\n","protected":false},"excerpt":{"rendered":"<ol>\n<li>Inicio<\/li>\n<li>Pasi\u00f3n<\/li>\n<li>Sensual<\/li>\n<li>Ritual<\/li>\n<li>Ni\u00f1os<\/li>\n<li>Celebro<\/li>\n<li>So\u00f1ador<\/li>\n<li>Destino<\/li>\n<li>Canto<\/li>\n<\/ol>\n","protected":false},"featured_media":239,"comment_status":"open","ping_status":"closed","template":"","meta":{"_bbp_topic_count":0,"_bbp_reply_count":0,"_bbp_total_topic_count":0,"_bbp_total_reply_count":0,"_bbp_voice_count":0,"_bbp_anonymous_reply_count":0,"_bbp_topic_count_hidden":0,"_bbp_reply_count_hidden":0,"_bbp_forum_subforum_count":0,"_monsterinsights_skip_tracking":false,"_monsterinsights_sitenote_active":false,"_monsterinsights_sitenote_note":"","_monsterinsights_sitenote_category":0,"_joinchat":[]},"product_cat":[47,15],"product_tag":[],"aioseo_notices":[],"_links":{"self":[{"href":"https:\/\/gothicmx.com\/index.php\/wp-json\/wp\/v2\/product\/238"}],"collection":[{"href":"https:\/\/gothicmx.com\/index.php\/wp-json\/wp\/v2\/product"}],"about":[{"href":"https:\/\/gothicmx.com\/index.php\/wp-json\/wp\/v2\/types\/product"}],"replies":[{"embeddable":true,"href":"https:\/\/gothicmx.com\/index.php\/wp-json\/wp\/v2\/comments?post=238"}],"wp:featuredmedia":[{"embeddable":true,"href":"https:\/\/gothicmx.com\/index.php\/wp-json\/wp\/v2\/media\/239"}],"wp:attachment":[{"href":"https:\/\/gothicmx.com\/index.php\/wp-json\/wp\/v2\/media?parent=238"}],"wp:term":[{"taxonomy":"product_cat","embeddable":true,"href":"https:\/\/gothicmx.com\/index.php\/wp-json\/wp\/v2\/product_cat?post=238"},{"taxonomy":"product_tag","embeddable":true,"href":"https:\/\/gothicmx.com\/index.php\/wp-json\/wp\/v2\/product_tag?post=238"}],"curies":[{"name":"wp","href":"https:\/\/api.w.org\/{rel}","templated":true}]}}