{"id":240,"date":"2020-08-06T00:41:23","date_gmt":"2020-08-06T05:41:23","guid":{"rendered":"http:\/\/gothicmx.com\/?post_type=product&#038;p=240"},"modified":"2024-03-10T19:01:03","modified_gmt":"2024-03-11T01:01:03","slug":"alfonso-andre-mar-rojo","status":"publish","type":"product","link":"https:\/\/gothicmx.com\/index.php\/producto\/alfonso-andre-mar-rojo\/","title":{"rendered":"Alfonso Andr\u00e9\/ Mar rojo"},"content":{"rendered":"<div class=\"head\">Sello: Alternativa Representa \u200e<\/div>\n<div class=\"head\">Formato: CD, Album,\u00a0<i>Digipack<\/i><\/div>\n<div class=\"head\">Pa\u00eds: Mexico<\/div>\n<div class=\"head\">Publicado: 2015<\/div>\n<div class=\"head\">G\u00e9nero: Rock<\/div>\n<div class=\"head\">Estilo: Pop Rock<\/div>\n<div><\/div>\n<div>digipack<\/div>\n<div><\/div>\n<div><\/div>\n<div>\n<div class=\"affix-start \">\n<p class=\"byline\">Adolfo L\u00f3pez<\/p>\n<\/div>\n<div class=\"content-body clearfix \">\n<div id=\"content-body-225-1850431\">\n<p class=\"p1\">Aunque Alfonso Andr\u00e9 ha disfrutado las mieles del \u00e9xito como baterista de La Barranca, Jaguares y Caifanes, alineaci\u00f3n a la que sigue perteneciendo, desde hace siete a\u00f1os decidi\u00f3 emprender en paralelo un viaje como solista. En 2011 present\u00f3\u00a0<i>Cerro del aire<\/i>, su primer disco como cantante, y cuatro a\u00f1os despu\u00e9s estren\u00f3\u00a0<i>Mar Rojo<\/i>, material que reedita en formato f\u00edsico con dos temas nuevos.<\/p>\n<\/div>\n<\/div>\n<\/div>\n","protected":false},"excerpt":{"rendered":"<p>Lado A<\/p>\n<ol>\n<li>\u00cdcaroMar rojo<\/li>\n<li>Mar rojo<\/li>\n<li>C\u00farameTormenta<\/li>\n<li>TormentaTorre de olvido<\/li>\n<li>Torre de olvido<\/li>\n<li>El sol saldr\u00e1<\/li>\n<\/ol>\n<p>Lado B<\/p>\n<ol>\n<li>Flores rotas<\/li>\n<li>Puedes dejarme atr\u00e1s<\/li>\n<li>Suelta<\/li>\n<li>Rayo<\/li>\n<li>Brisa<\/li>\n<li>Ese lugar<\/li>\n<\/ol>\n","protected":false},"featured_media":241,"comment_status":"open","ping_status":"closed","template":"","meta":{"_bbp_topic_count":0,"_bbp_reply_count":0,"_bbp_total_topic_count":0,"_bbp_total_reply_count":0,"_bbp_voice_count":0,"_bbp_anonymous_reply_count":0,"_bbp_topic_count_hidden":0,"_bbp_reply_count_hidden":0,"_bbp_forum_subforum_count":0,"_monsterinsights_skip_tracking":false,"_monsterinsights_sitenote_active":false,"_monsterinsights_sitenote_note":"","_monsterinsights_sitenote_category":0,"_joinchat":[]},"product_cat":[47,15],"product_tag":[],"aioseo_notices":[],"_links":{"self":[{"href":"https:\/\/gothicmx.com\/index.php\/wp-json\/wp\/v2\/product\/240"}],"collection":[{"href":"https:\/\/gothicmx.com\/index.php\/wp-json\/wp\/v2\/product"}],"about":[{"href":"https:\/\/gothicmx.com\/index.php\/wp-json\/wp\/v2\/types\/product"}],"replies":[{"embeddable":true,"href":"https:\/\/gothicmx.com\/index.php\/wp-json\/wp\/v2\/comments?post=240"}],"wp:featuredmedia":[{"embeddable":true,"href":"https:\/\/gothicmx.com\/index.php\/wp-json\/wp\/v2\/media\/241"}],"wp:attachment":[{"href":"https:\/\/gothicmx.com\/index.php\/wp-json\/wp\/v2\/media?parent=240"}],"wp:term":[{"taxonomy":"product_cat","embeddable":true,"href":"https:\/\/gothicmx.com\/index.php\/wp-json\/wp\/v2\/product_cat?post=240"},{"taxonomy":"product_tag","embeddable":true,"href":"https:\/\/gothicmx.com\/index.php\/wp-json\/wp\/v2\/product_tag?post=240"}],"curies":[{"name":"wp","href":"https:\/\/api.w.org\/{rel}","templated":true}]}}