{"id":297,"date":"2020-08-24T23:01:10","date_gmt":"2020-08-25T04:01:10","guid":{"rendered":"http:\/\/gothicmx.com\/?post_type=product&#038;p=297"},"modified":"2025-05-04T23:10:51","modified_gmt":"2025-05-05T05:10:51","slug":"mystica-girls-veronica-la-cortesana-del-infierno","status":"publish","type":"product","link":"https:\/\/gothicmx.com\/index.php\/producto\/mystica-girls-veronica-la-cortesana-del-infierno\/","title":{"rendered":"Mystica Girls\/ Ver\u00f3nica La Cortesana del Infierno"},"content":{"rendered":"<p>\u201cVer\u00f3nica: La Cortesana del Infierno\u201d es la producci\u00f3n m\u00e1s reciente del cuarteto femenino de rock\/metal Mystica Girls, que sigue demostrando que las chicas<br \/>\nsaben rockear duro y bien. Ver\u00f3nica resulta ser un disco que retrata a trav\u00e9s de sus doce tracks las diferentes caras y facetas de una emoci\u00f3n exacerbada. El fuego, la oscuridad, los miedos, la entrega, la dualidad del cielo y el infierno as\u00ed como la fidelidad a uno mismo y la cr\u00edtica social son las tem\u00e1ticas en las cuales Cinthya Blackcat, guitarrista l\u00edder y autora de la m\u00fasica y las letras, indaga de manera apasionada. Quiero destacar de manera muy especial la canci\u00f3n Sin Ti, ya que muestra una faceta completamente diferente de la banda a comparaci\u00f3n de los dem\u00e1s tracks. La voz es dulce, la cual podemos escuchar que se mezcla y acompa\u00f1a de manera excelente con los arreglos orquestales y las letras. Esto da como resultado un estilo que le sienta muy bien a la banda, as\u00ed como aportar un equilibrio con las intenciones l\u00edricas de cada canci\u00f3n. Boogie Biker por otro lado, es una canci\u00f3n divertida donde Luzbel viene a visitar la tierra y a divertirse con su motocicleta.<\/p>\n<p>&nbsp;<\/p>\n<p>Dave Cort\u00e9s<\/p>\n<p>&nbsp;<\/p>\n<p>&nbsp;<\/p>\n<p>Digipack 2 cuerpos sin libreto<\/p>\n","protected":false},"excerpt":{"rendered":"<p>1 Hechizo<\/p>\n<p>2 Siempre fiel<\/p>\n<p>3 Sin ti<\/p>\n<p>4 Medios tiempos<\/p>\n<p>5 Almas depresivas<\/p>\n<p>6 Abre bien los ojos<\/p>\n<p>7 Una parte de m\u00ed<\/p>\n<p>8 \u00c1ngel ca\u00eddo<\/p>\n<p>9 Estereotipos<\/p>\n<p>10 Vida o muerte<\/p>\n<p>11 No m\u00e1s<\/p>\n<p>12 Boogie biker v. Espa\u00f1ol<\/p>\n","protected":false},"featured_media":299,"comment_status":"open","ping_status":"closed","template":"","meta":{"_bbp_topic_count":0,"_bbp_reply_count":0,"_bbp_total_topic_count":0,"_bbp_total_reply_count":0,"_bbp_voice_count":0,"_bbp_anonymous_reply_count":0,"_bbp_topic_count_hidden":0,"_bbp_reply_count_hidden":0,"_bbp_forum_subforum_count":0,"_monsterinsights_skip_tracking":false,"_monsterinsights_sitenote_active":false,"_monsterinsights_sitenote_note":"","_monsterinsights_sitenote_category":0,"_joinchat":[]},"product_cat":[47,42,61],"product_tag":[62],"aioseo_notices":[],"_links":{"self":[{"href":"https:\/\/gothicmx.com\/index.php\/wp-json\/wp\/v2\/product\/297"}],"collection":[{"href":"https:\/\/gothicmx.com\/index.php\/wp-json\/wp\/v2\/product"}],"about":[{"href":"https:\/\/gothicmx.com\/index.php\/wp-json\/wp\/v2\/types\/product"}],"replies":[{"embeddable":true,"href":"https:\/\/gothicmx.com\/index.php\/wp-json\/wp\/v2\/comments?post=297"}],"wp:featuredmedia":[{"embeddable":true,"href":"https:\/\/gothicmx.com\/index.php\/wp-json\/wp\/v2\/media\/299"}],"wp:attachment":[{"href":"https:\/\/gothicmx.com\/index.php\/wp-json\/wp\/v2\/media?parent=297"}],"wp:term":[{"taxonomy":"product_cat","embeddable":true,"href":"https:\/\/gothicmx.com\/index.php\/wp-json\/wp\/v2\/product_cat?post=297"},{"taxonomy":"product_tag","embeddable":true,"href":"https:\/\/gothicmx.com\/index.php\/wp-json\/wp\/v2\/product_tag?post=297"}],"curies":[{"name":"wp","href":"https:\/\/api.w.org\/{rel}","templated":true}]}}