{"id":303,"date":"2020-08-24T23:22:42","date_gmt":"2020-08-25T04:22:42","guid":{"rendered":"http:\/\/gothicmx.com\/?post_type=product&#038;p=303"},"modified":"2025-02-25T07:31:59","modified_gmt":"2025-02-25T13:31:59","slug":"303","status":"publish","type":"product","link":"https:\/\/gothicmx.com\/index.php\/producto\/303\/","title":{"rendered":"Mystica Girls \/ The Conquest (Sencillo)"},"content":{"rendered":"<p><strong>Mystica Girls<\/strong>\u00a0es una banda mexicana e independiente de Rock\/Metal con trece a\u00f1os de trayectoria, y temas interpretados tanto en espa\u00f1ol como en ingl\u00e9s.<\/p>\n<p>&nbsp;<\/p>\n<p>Sobre simple de cart\u00f3n<\/p>\n","protected":false},"excerpt":{"rendered":"<p>The Conquest<\/p>\n<p>&nbsp;<\/p>\n<p>&nbsp;<\/p>\n","protected":false},"featured_media":304,"comment_status":"open","ping_status":"closed","template":"","meta":{"_bbp_topic_count":0,"_bbp_reply_count":0,"_bbp_total_topic_count":0,"_bbp_total_reply_count":0,"_bbp_voice_count":0,"_bbp_anonymous_reply_count":0,"_bbp_topic_count_hidden":0,"_bbp_reply_count_hidden":0,"_bbp_forum_subforum_count":0,"_monsterinsights_skip_tracking":false,"_monsterinsights_sitenote_active":false,"_monsterinsights_sitenote_note":"","_monsterinsights_sitenote_category":0,"_joinchat":[]},"product_cat":[47,61],"product_tag":[],"aioseo_notices":[],"_links":{"self":[{"href":"https:\/\/gothicmx.com\/index.php\/wp-json\/wp\/v2\/product\/303"}],"collection":[{"href":"https:\/\/gothicmx.com\/index.php\/wp-json\/wp\/v2\/product"}],"about":[{"href":"https:\/\/gothicmx.com\/index.php\/wp-json\/wp\/v2\/types\/product"}],"replies":[{"embeddable":true,"href":"https:\/\/gothicmx.com\/index.php\/wp-json\/wp\/v2\/comments?post=303"}],"wp:featuredmedia":[{"embeddable":true,"href":"https:\/\/gothicmx.com\/index.php\/wp-json\/wp\/v2\/media\/304"}],"wp:attachment":[{"href":"https:\/\/gothicmx.com\/index.php\/wp-json\/wp\/v2\/media?parent=303"}],"wp:term":[{"taxonomy":"product_cat","embeddable":true,"href":"https:\/\/gothicmx.com\/index.php\/wp-json\/wp\/v2\/product_cat?post=303"},{"taxonomy":"product_tag","embeddable":true,"href":"https:\/\/gothicmx.com\/index.php\/wp-json\/wp\/v2\/product_tag?post=303"}],"curies":[{"name":"wp","href":"https:\/\/api.w.org\/{rel}","templated":true}]}}