{"id":305,"date":"2020-08-24T23:30:51","date_gmt":"2020-08-25T04:30:51","guid":{"rendered":"http:\/\/gothicmx.com\/?post_type=product&#038;p=305"},"modified":"2025-05-29T01:13:20","modified_gmt":"2025-05-29T07:13:20","slug":"mystica-girls-veronica-la-cortesana-del-infierno-live-at-circo-volador-2017","status":"publish","type":"product","link":"https:\/\/gothicmx.com\/index.php\/producto\/mystica-girls-veronica-la-cortesana-del-infierno-live-at-circo-volador-2017\/","title":{"rendered":"Mystica Girls\/Ver\u00f3nica la Cortesana del infierno (DVD&#038;CD-Live at Circo Volador 2017)"},"content":{"rendered":"<p><strong>Mystica Girls<\/strong>\u00a0es una banda mexicana e independiente de Rock\/Metal con trece a\u00f1os de trayectoria, y temas interpretados tanto en espa\u00f1ol como en ingl\u00e9s.<\/p>\n<p>&nbsp;<\/p>\n<p>&nbsp;<\/p>\n<p>DVD de 50 minutos y CD<\/p>\n","protected":false},"excerpt":{"rendered":"<div id=\"tracklist\" class=\"section tracklist\" data-toggle=\"tracklist\">\n<div class=\"section_content\">\n<table class=\"playlist\">\n<tbody>\n<tr class=\"first tracklist_track track_heading\">\n<td class=\"tracklist_track_title\" colspan=\"2\">CD<\/td>\n<\/tr>\n<tr class=\" tracklist_track track\" data-track-position=\"1\">\n<td class=\"tracklist_track_pos\">1<\/td>\n<td class=\"track tracklist_track_title \"><span class=\"tracklist_track_title\">Hechizo (Live)<\/span><\/td>\n<td class=\"tracklist_track_duration\" width=\"25\"><\/td>\n<\/tr>\n<tr class=\" tracklist_track track\" data-track-position=\"2\">\n<td class=\"tracklist_track_pos\">2<\/td>\n<td class=\"track tracklist_track_title \"><span class=\"tracklist_track_title\">Siempre Fiel (Live)<\/span><\/td>\n<td class=\"tracklist_track_duration\" width=\"25\"><\/td>\n<\/tr>\n<tr class=\" tracklist_track track\" data-track-position=\"3\">\n<td class=\"tracklist_track_pos\">3<\/td>\n<td class=\"track tracklist_track_title \"><span class=\"tracklist_track_title\">Viejos Tiempos(Live)<\/span><\/td>\n<td class=\"tracklist_track_duration\" width=\"25\"><\/td>\n<\/tr>\n<tr class=\" tracklist_track track\" data-track-position=\"4\">\n<td class=\"tracklist_track_pos\">4<\/td>\n<td class=\"track tracklist_track_title \"><span class=\"tracklist_track_title\">Sin Ti (Live Con Orquesta De C\u00e1mara)<\/span><\/td>\n<td class=\"tracklist_track_duration\" width=\"25\"><\/td>\n<\/tr>\n<tr class=\" tracklist_track track\" data-track-position=\"5\">\n<td class=\"tracklist_track_pos\">5<\/td>\n<td class=\"track tracklist_track_title \"><span class=\"tracklist_track_title\">The Conquest (Live)<\/span><\/td>\n<td class=\"tracklist_track_duration\" width=\"25\"><\/td>\n<\/tr>\n<tr class=\" tracklist_track track\" data-track-position=\"6\">\n<td class=\"tracklist_track_pos\">6<\/td>\n<td class=\"track tracklist_track_title \"><span class=\"tracklist_track_title\">No More! (Live)<\/span><\/td>\n<td class=\"tracklist_track_duration\" width=\"25\"><\/td>\n<\/tr>\n<tr class=\" tracklist_track track\" data-track-position=\"7\">\n<td class=\"tracklist_track_pos\">7<\/td>\n<td class=\"track tracklist_track_title \"><span class=\"tracklist_track_title\">Sweet Picking (Live)<\/span><\/td>\n<td class=\"tracklist_track_duration\" width=\"25\"><\/td>\n<\/tr>\n<tr class=\" tracklist_track track\" data-track-position=\"8\">\n<td class=\"tracklist_track_pos\">8<\/td>\n<td class=\"track tracklist_track_title \"><span class=\"tracklist_track_title\">Depressive Souls (Live)<\/span><\/td>\n<td class=\"tracklist_track_duration\" width=\"25\"><\/td>\n<\/tr>\n<tr class=\" tracklist_track track\" data-track-position=\"9\">\n<td class=\"tracklist_track_pos\">9<\/td>\n<td class=\"track tracklist_track_title \"><span class=\"tracklist_track_title\">Spooky Cookie (Live)<\/span><\/td>\n<td class=\"tracklist_track_duration\" width=\"25\"><\/td>\n<\/tr>\n<tr class=\" tracklist_track track\" data-track-position=\"10\">\n<td class=\"tracklist_track_pos\">10<\/td>\n<td class=\"track tracklist_track_title \"><span class=\"tracklist_track_title\">Abre Bien Los Ojos (Live)<\/span><\/td>\n<td class=\"tracklist_track_duration\" width=\"25\"><\/td>\n<\/tr>\n<tr class=\" tracklist_track track\" data-track-position=\"11\">\n<td class=\"tracklist_track_pos\">11<\/td>\n<td class=\"track tracklist_track_title \"><span class=\"tracklist_track_title\">Tiny Blue Dot (Live)<\/span><\/td>\n<td class=\"tracklist_track_duration\" width=\"25\"><\/td>\n<\/tr>\n<tr class=\" tracklist_track track\" data-track-position=\"12\">\n<td class=\"tracklist_track_pos\">12<\/td>\n<td class=\"track tracklist_track_title \"><span class=\"tracklist_track_title\">Una Parte De M\u00ed (Live)<\/span><\/td>\n<td class=\"tracklist_track_duration\" width=\"25\"><\/td>\n<\/tr>\n<tr class=\" tracklist_track track\" data-track-position=\"13\">\n<td class=\"tracklist_track_pos\">13<\/td>\n<td class=\"track tracklist_track_title \"><span class=\"tracklist_track_title\">Fallen Angel (Live)<\/span><\/td>\n<td class=\"tracklist_track_duration\" width=\"25\"><\/td>\n<\/tr>\n<tr class=\" tracklist_track track\" data-track-position=\"14\">\n<td class=\"tracklist_track_pos\">14<\/td>\n<td class=\"track tracklist_track_title \"><span class=\"tracklist_track_title\">Why Should We Need (Live)<\/span><\/td>\n<td class=\"tracklist_track_duration\" width=\"25\"><\/td>\n<\/tr>\n<tr class=\" tracklist_track track\" data-track-position=\"15\">\n<td class=\"tracklist_track_pos\">15<\/td>\n<td class=\"track tracklist_track_title \"><span class=\"tracklist_track_title\">Monster Surf (Live)<\/span><\/td>\n<td class=\"tracklist_track_duration\" width=\"25\"><\/td>\n<\/tr>\n<tr class=\" tracklist_track track\" data-track-position=\"16\">\n<td class=\"tracklist_track_pos\">16<\/td>\n<td class=\"track tracklist_track_title \"><span class=\"tracklist_track_title\">Gates of Hell (Live)<\/span><\/td>\n<td class=\"tracklist_track_duration\" width=\"25\"><\/td>\n<\/tr>\n<tr class=\" tracklist_track track_heading\">\n<td class=\"tracklist_track_pos\"><\/td>\n<td class=\"tracklist_track_title\" colspan=\"2\">DVD<\/td>\n<\/tr>\n<tr class=\" tracklist_track track\" data-track-position=\"1\">\n<td class=\"tracklist_track_pos\">1<\/td>\n<td class=\"track tracklist_track_title \"><span class=\"tracklist_track_title\">Live Concert<\/span><\/td>\n<td class=\"tracklist_track_duration\" width=\"25\"><\/td>\n<\/tr>\n<\/tbody>\n<\/table>\n<\/div>\n<\/div>\n<div id=\"reviews\" class=\"section reviews toggle_section toggle_section_remember\" data-toggle-section-id=\"reviews\">\n<h3 class=\"toggle_section_control float_fix\" data-for=\".reviews\">Rezensionen<\/h3>\n<\/div>\n","protected":false},"featured_media":306,"comment_status":"open","ping_status":"closed","template":"","meta":{"_bbp_topic_count":0,"_bbp_reply_count":0,"_bbp_total_topic_count":0,"_bbp_total_reply_count":0,"_bbp_voice_count":0,"_bbp_anonymous_reply_count":0,"_bbp_topic_count_hidden":0,"_bbp_reply_count_hidden":0,"_bbp_forum_subforum_count":0,"_monsterinsights_skip_tracking":false,"_monsterinsights_sitenote_active":false,"_monsterinsights_sitenote_note":"","_monsterinsights_sitenote_category":0,"_joinchat":[]},"product_cat":[47,61],"product_tag":[],"aioseo_notices":[],"_links":{"self":[{"href":"https:\/\/gothicmx.com\/index.php\/wp-json\/wp\/v2\/product\/305"}],"collection":[{"href":"https:\/\/gothicmx.com\/index.php\/wp-json\/wp\/v2\/product"}],"about":[{"href":"https:\/\/gothicmx.com\/index.php\/wp-json\/wp\/v2\/types\/product"}],"replies":[{"embeddable":true,"href":"https:\/\/gothicmx.com\/index.php\/wp-json\/wp\/v2\/comments?post=305"}],"wp:featuredmedia":[{"embeddable":true,"href":"https:\/\/gothicmx.com\/index.php\/wp-json\/wp\/v2\/media\/306"}],"wp:attachment":[{"href":"https:\/\/gothicmx.com\/index.php\/wp-json\/wp\/v2\/media?parent=305"}],"wp:term":[{"taxonomy":"product_cat","embeddable":true,"href":"https:\/\/gothicmx.com\/index.php\/wp-json\/wp\/v2\/product_cat?post=305"},{"taxonomy":"product_tag","embeddable":true,"href":"https:\/\/gothicmx.com\/index.php\/wp-json\/wp\/v2\/product_tag?post=305"}],"curies":[{"name":"wp","href":"https:\/\/api.w.org\/{rel}","templated":true}]}}