{"id":315,"date":"2020-08-25T00:25:15","date_gmt":"2020-08-25T05:25:15","guid":{"rendered":"http:\/\/gothicmx.com\/?post_type=product&#038;p=315"},"modified":"2025-05-04T23:10:51","modified_gmt":"2025-05-05T05:10:51","slug":"mystica-girls-the-courtesan-from-hell","status":"publish","type":"product","link":"https:\/\/gothicmx.com\/index.php\/producto\/mystica-girls-the-courtesan-from-hell\/","title":{"rendered":"Mystica Girls\/ The Courtesan from Hell"},"content":{"rendered":"<p>Contrario a lo que muchos pensar\u00edan, (Ver\u00f3nica, The Courtesan From Hell) no es un disco conceptual.\u00a0El mensaje de cada canci\u00f3n es distinto, m\u00e1s engloba la mentalidad y la vida de cuatro mujeres que nos identificamos con una manera de pensar que se puede contextualizar en un personaje hist\u00f3rico como fue Ver\u00f3nica Franco. Este disco es nuestra hija, esa hija que piensa, dice y se expresa a trav\u00e9s de diferentes canciones; de all\u00ed el nombre de \u00abVeronica, Cortesana del Infierno\u00bb porque seguimos con la linea de Gates of Hell,\u00a0todo haciendo un complemento de lo que sencillamente nos gusta.<\/p>\n<p>lCinthya Blackcat<\/p>\n<p>&nbsp;<\/p>\n<p>Digipack<\/p>\n","protected":false},"excerpt":{"rendered":"<table class=\"playlist\">\n<tbody>\n<tr class=\"first tracklist_track track\" data-track-position=\"1\">\n<td class=\"tracklist_track_pos\">1<\/td>\n<td class=\"track tracklist_track_title \"><span class=\"tracklist_track_title\">Moonspell<\/span><\/td>\n<td class=\"tracklist_track_duration\" width=\"25\"><\/td>\n<\/tr>\n<tr class=\" tracklist_track track\" data-track-position=\"2\">\n<td class=\"tracklist_track_pos\">2<\/td>\n<td class=\"track tracklist_track_title \"><span class=\"tracklist_track_title\">To Be Myself<\/span><\/td>\n<td class=\"tracklist_track_duration\" width=\"25\"><\/td>\n<\/tr>\n<tr class=\" tracklist_track track\" data-track-position=\"3\">\n<td class=\"tracklist_track_pos\">3<\/td>\n<td class=\"track tracklist_track_title \"><span class=\"tracklist_track_title\">Without You<\/span><\/td>\n<td class=\"tracklist_track_duration\" width=\"25\"><\/td>\n<\/tr>\n<tr class=\" tracklist_track track\" data-track-position=\"4\">\n<td class=\"tracklist_track_pos\">4<\/td>\n<td class=\"track tracklist_track_title \"><span class=\"tracklist_track_title\">Old Times<\/span><\/td>\n<td class=\"tracklist_track_duration\" width=\"25\"><\/td>\n<\/tr>\n<tr class=\" tracklist_track track\" data-track-position=\"5\">\n<td class=\"tracklist_track_pos\">5<\/td>\n<td class=\"track tracklist_track_title \"><span class=\"tracklist_track_title\">Depressive Souls<\/span><\/td>\n<td class=\"tracklist_track_duration\" width=\"25\"><\/td>\n<\/tr>\n<tr class=\" tracklist_track track\" data-track-position=\"6\">\n<td class=\"tracklist_track_pos\">6<\/td>\n<td class=\"track tracklist_track_title \"><span class=\"tracklist_track_title\">So Now It\u00b4s What?<\/span><\/td>\n<td class=\"tracklist_track_duration\" width=\"25\"><\/td>\n<\/tr>\n<tr class=\" tracklist_track track\" data-track-position=\"7\">\n<td class=\"tracklist_track_pos\">7<\/td>\n<td class=\"track tracklist_track_title \"><span class=\"tracklist_track_title\">A Part Of My Own Self<\/span><\/td>\n<td class=\"tracklist_track_duration\" width=\"25\"><\/td>\n<\/tr>\n<tr class=\" tracklist_track track\" data-track-position=\"8\">\n<td class=\"tracklist_track_pos\">8<\/td>\n<td class=\"track tracklist_track_title \"><span class=\"tracklist_track_title\">Fallen Angel<\/span><\/td>\n<td class=\"tracklist_track_duration\" width=\"25\"><\/td>\n<\/tr>\n<tr class=\" tracklist_track track\" data-track-position=\"9\">\n<td class=\"tracklist_track_pos\">9<\/td>\n<td class=\"track tracklist_track_title \"><span class=\"tracklist_track_title\">Stereotypes<\/span><\/td>\n<td class=\"tracklist_track_duration\" width=\"25\"><\/td>\n<\/tr>\n<tr class=\" tracklist_track track\" data-track-position=\"10\">\n<td class=\"tracklist_track_pos\">10<\/td>\n<td class=\"track tracklist_track_title \"><span class=\"tracklist_track_title\">Life or Death<\/span><\/td>\n<td class=\"tracklist_track_duration\" width=\"25\"><\/td>\n<\/tr>\n<tr class=\" tracklist_track track\" data-track-position=\"11\">\n<td class=\"tracklist_track_pos\">11<\/td>\n<td class=\"track tracklist_track_title \"><span class=\"tracklist_track_title\">No More!<\/span><\/td>\n<td class=\"tracklist_track_duration\" width=\"25\"><\/td>\n<\/tr>\n<tr class=\" tracklist_track track\" data-track-position=\"12\">\n<td class=\"tracklist_track_pos\">12<\/td>\n<td class=\"track tracklist_track_title \"><span class=\"tracklist_track_title\">Boogie Biker<\/span><\/td>\n<td class=\"tracklist_track_duration\" width=\"25\"><\/td>\n<\/tr>\n<tr class=\" tracklist_track track\" data-track-position=\"13\">\n<td class=\"tracklist_track_pos\">13<\/td>\n<td class=\"track tracklist_track_title \"><span class=\"tracklist_track_title\">Monster Surf<\/span><\/td>\n<\/tr>\n<\/tbody>\n<\/table>\n","protected":false},"featured_media":316,"comment_status":"open","ping_status":"closed","template":"","meta":{"_bbp_topic_count":0,"_bbp_reply_count":0,"_bbp_total_topic_count":0,"_bbp_total_reply_count":0,"_bbp_voice_count":0,"_bbp_anonymous_reply_count":0,"_bbp_topic_count_hidden":0,"_bbp_reply_count_hidden":0,"_bbp_forum_subforum_count":0,"_monsterinsights_skip_tracking":false,"_monsterinsights_sitenote_active":false,"_monsterinsights_sitenote_note":"","_monsterinsights_sitenote_category":0,"_joinchat":[]},"product_cat":[47,61],"product_tag":[],"aioseo_notices":[],"_links":{"self":[{"href":"https:\/\/gothicmx.com\/index.php\/wp-json\/wp\/v2\/product\/315"}],"collection":[{"href":"https:\/\/gothicmx.com\/index.php\/wp-json\/wp\/v2\/product"}],"about":[{"href":"https:\/\/gothicmx.com\/index.php\/wp-json\/wp\/v2\/types\/product"}],"replies":[{"embeddable":true,"href":"https:\/\/gothicmx.com\/index.php\/wp-json\/wp\/v2\/comments?post=315"}],"wp:featuredmedia":[{"embeddable":true,"href":"https:\/\/gothicmx.com\/index.php\/wp-json\/wp\/v2\/media\/316"}],"wp:attachment":[{"href":"https:\/\/gothicmx.com\/index.php\/wp-json\/wp\/v2\/media?parent=315"}],"wp:term":[{"taxonomy":"product_cat","embeddable":true,"href":"https:\/\/gothicmx.com\/index.php\/wp-json\/wp\/v2\/product_cat?post=315"},{"taxonomy":"product_tag","embeddable":true,"href":"https:\/\/gothicmx.com\/index.php\/wp-json\/wp\/v2\/product_tag?post=315"}],"curies":[{"name":"wp","href":"https:\/\/api.w.org\/{rel}","templated":true}]}}