{"id":333,"date":"2020-08-29T02:50:50","date_gmt":"2020-08-29T07:50:50","guid":{"rendered":"http:\/\/gothicmx.com\/?post_type=product&#038;p=333"},"modified":"2021-05-20T15:20:08","modified_gmt":"2021-05-20T20:20:08","slug":"exsecror-vecordia-compilado-2008","status":"publish","type":"product","link":"https:\/\/gothicmx.com\/index.php\/producto\/exsecror-vecordia-compilado-2008\/","title":{"rendered":"Exsecror Vecordia\/ Compilado 2008"},"content":{"rendered":"<p>Exsecror Vecordia comienza su historia en 1999 en la Ciudad de M\u00e9xico dentro de las aulas de la Escuela Superior de M\u00fasica. Un grupo de j\u00f3venes se plantearon la creaci\u00f3n de un grupo que fusionara sonidos, instrumentos y lenguajes propios de la m\u00fasica cl\u00e1sica y el rock. Es as\u00ed que toman a la Demencia como bandera creativa y salen de las aulas para presentarse en bares, escenarios de rock y festivales de la Ciudad de M\u00e9xico e interior de la Rep\u00fablica.<\/p>\n<p>Algunos de los escenarios donde se ha presentado han sido el Circo Volador, Club Dad\u00e1 X, Z\u00f3calo Capitalino de la Ciudad de M\u00e9xico, Cine Venustiano Carranza, Explanada de la Delegaci\u00f3n Venustiano Carranza, Centro Nacional de las Artes, Teatro de la Ciudad de Puebla, Vive Cuervo Sal\u00f3n, CAC Juriquilla UNAM, Capilla del Arte UDLAP, Explanada Municipal de Monterrey, Centro Cultural Hel\u00e9nico, Foro Cultural Bonampak (Chiapas) y varios m\u00e1s.<\/p>\n<p>&nbsp;<\/p>\n<p>&nbsp;<\/p>\n<p>Sobre de cart\u00f3n<\/p>\n","protected":false},"excerpt":{"rendered":"<p>1.- El p\u00e1ramo<\/p>\n<p>2.- Hay que gritar la locura que nos mata<\/p>\n<p>3.- Suite Ven\u00e9rea *<\/p>\n<p>4.- Vena cava **<\/p>\n<p>5.- In dreams ***<\/p>\n<ul>\n<li>* Cortes\u00eda de Misha Records<\/li>\n<li>** Cortes\u00eda de Carpe Noctem Records<\/li>\n<li>*** Cortes\u00eda de Templario Records<\/li>\n<\/ul>\n","protected":false},"featured_media":334,"comment_status":"open","ping_status":"closed","template":"","meta":{"_bbp_topic_count":0,"_bbp_reply_count":0,"_bbp_total_topic_count":0,"_bbp_total_reply_count":0,"_bbp_voice_count":0,"_bbp_anonymous_reply_count":0,"_bbp_topic_count_hidden":0,"_bbp_reply_count_hidden":0,"_bbp_forum_subforum_count":0,"_monsterinsights_skip_tracking":false,"_monsterinsights_sitenote_active":false,"_monsterinsights_sitenote_note":"","_monsterinsights_sitenote_category":0,"_joinchat":[]},"product_cat":[47,45],"product_tag":[],"aioseo_notices":[],"_links":{"self":[{"href":"https:\/\/gothicmx.com\/index.php\/wp-json\/wp\/v2\/product\/333"}],"collection":[{"href":"https:\/\/gothicmx.com\/index.php\/wp-json\/wp\/v2\/product"}],"about":[{"href":"https:\/\/gothicmx.com\/index.php\/wp-json\/wp\/v2\/types\/product"}],"replies":[{"embeddable":true,"href":"https:\/\/gothicmx.com\/index.php\/wp-json\/wp\/v2\/comments?post=333"}],"wp:featuredmedia":[{"embeddable":true,"href":"https:\/\/gothicmx.com\/index.php\/wp-json\/wp\/v2\/media\/334"}],"wp:attachment":[{"href":"https:\/\/gothicmx.com\/index.php\/wp-json\/wp\/v2\/media?parent=333"}],"wp:term":[{"taxonomy":"product_cat","embeddable":true,"href":"https:\/\/gothicmx.com\/index.php\/wp-json\/wp\/v2\/product_cat?post=333"},{"taxonomy":"product_tag","embeddable":true,"href":"https:\/\/gothicmx.com\/index.php\/wp-json\/wp\/v2\/product_tag?post=333"}],"curies":[{"name":"wp","href":"https:\/\/api.w.org\/{rel}","templated":true}]}}