{"id":335,"date":"2020-08-29T02:55:38","date_gmt":"2020-08-29T07:55:38","guid":{"rendered":"http:\/\/gothicmx.com\/?post_type=product&#038;p=335"},"modified":"2025-09-01T10:07:20","modified_gmt":"2025-09-01T16:07:20","slug":"montclova-demo","status":"publish","type":"product","link":"https:\/\/gothicmx.com\/index.php\/producto\/montclova-demo\/","title":{"rendered":"MONTCLOVA\/ Demo"},"content":{"rendered":"<p>MONTCLOVA<br \/>\nLess Mendoza conocida profesionalmente como Montclova es una cantautora y productora discogr\u00e1fica de la Ciudad de M\u00e9xico, actualmente radicada en Par\u00eds, Francia.<br \/>\nLess comenz\u00f3 su carrera en 2014 cuando lanz\u00f3 su primer sencillo Catlike Bite, producido por Manuel Coe de Camilo VII y Omar Bustamante de The Cavernarios y seguido de su primer EP de producci\u00f3n propia Come Across.<\/p>\n<p>&nbsp;<\/p>\n<p>&nbsp;<\/p>\n<p>Sobre de papel<\/p>\n","protected":false},"excerpt":{"rendered":"<p>DEMO<\/p>\n","protected":false},"featured_media":336,"comment_status":"open","ping_status":"closed","template":"","meta":{"_bbp_topic_count":0,"_bbp_reply_count":0,"_bbp_total_topic_count":0,"_bbp_total_reply_count":0,"_bbp_voice_count":0,"_bbp_anonymous_reply_count":0,"_bbp_topic_count_hidden":0,"_bbp_reply_count_hidden":0,"_bbp_forum_subforum_count":0,"_monsterinsights_skip_tracking":false,"_monsterinsights_sitenote_active":false,"_monsterinsights_sitenote_note":"","_monsterinsights_sitenote_category":0,"_joinchat":[]},"product_cat":[47,50],"product_tag":[],"aioseo_notices":[],"_links":{"self":[{"href":"https:\/\/gothicmx.com\/index.php\/wp-json\/wp\/v2\/product\/335"}],"collection":[{"href":"https:\/\/gothicmx.com\/index.php\/wp-json\/wp\/v2\/product"}],"about":[{"href":"https:\/\/gothicmx.com\/index.php\/wp-json\/wp\/v2\/types\/product"}],"replies":[{"embeddable":true,"href":"https:\/\/gothicmx.com\/index.php\/wp-json\/wp\/v2\/comments?post=335"}],"wp:featuredmedia":[{"embeddable":true,"href":"https:\/\/gothicmx.com\/index.php\/wp-json\/wp\/v2\/media\/336"}],"wp:attachment":[{"href":"https:\/\/gothicmx.com\/index.php\/wp-json\/wp\/v2\/media?parent=335"}],"wp:term":[{"taxonomy":"product_cat","embeddable":true,"href":"https:\/\/gothicmx.com\/index.php\/wp-json\/wp\/v2\/product_cat?post=335"},{"taxonomy":"product_tag","embeddable":true,"href":"https:\/\/gothicmx.com\/index.php\/wp-json\/wp\/v2\/product_tag?post=335"}],"curies":[{"name":"wp","href":"https:\/\/api.w.org\/{rel}","templated":true}]}}