{"id":340,"date":"2020-09-04T14:53:03","date_gmt":"2020-09-04T19:53:03","guid":{"rendered":"http:\/\/gothicmx.com\/?post_type=product&#038;p=340"},"modified":"2025-10-11T11:15:45","modified_gmt":"2025-10-11T17:15:45","slug":"rock-independiente-vol-12","status":"publish","type":"product","link":"https:\/\/gothicmx.com\/index.php\/producto\/rock-independiente-vol-12\/","title":{"rendered":"Rock independiente Vol 10"},"content":{"rendered":"<p>Es un volumen especial del Vive Latino producido por disqueras independientes .<\/p>\n<p>&nbsp;<\/p>\n<p>&nbsp;<\/p>\n<p>Formato: Sobre de cart\u00f3n<\/p>\n<p>&nbsp;<\/p>\n<p>&nbsp;<\/p>\n","protected":false},"excerpt":{"rendered":"<ol>\n<li><strong>Los Marty <\/strong>&#8220;Octubre&#8221; del disco Espera <strong>(Intolerancia)<\/strong><\/li>\n<li><strong>Chikita Violenta<\/strong> &#8220;Colapsoman\u00eda&#8221; del disco Colapsoman\u00eda<strong> (Arts and Crafts)<\/strong><\/li>\n<li><strong>El pecado de Afrodita<\/strong> &#8220;Adicto&#8221; del disco El pescado de Afrodita <strong>(Carpe Diem)<\/strong><\/li>\n<li><strong>Rastrillos<\/strong> &#8220;\u00bfD\u00f3nde ha ido el amor?\u00a0 del disco Luces <strong>( Fonarte)<\/strong><\/li>\n<li><strong>Los super duppers<\/strong> &#8220;No te voy a esperar&#8221; del disco Los super duppers <strong>(Pepe Lobo)<\/strong><\/li>\n<li><strong>Los Mambo Jambo<\/strong> &#8220;Impacto inminente&#8221; del disco Impacto inminente <strong>(Isotonic)<\/strong><\/li>\n<li><strong>Little Jesus<\/strong> &#8220;Azul&#8221; del disco Norte <strong>(Casete)<\/strong><\/li>\n<li><strong>Aurora<\/strong>\u00a0 &#8220;Islas&#8221; del disco G\u00e9menis <strong>(Terr\u00edcolas imb\u00e9ciles)<\/strong><\/li>\n<li><strong>V\u00eda Dolorosa<\/strong> &#8220;Madrugada&#8221; del disco Canciones del sagrado Coraz\u00f3n <strong>(Revuelta Sonora)<\/strong><\/li>\n<li><strong>Silverio<\/strong> &#8220;Perro&#8221; del disco Naylons <strong>(\u00c9pico)<\/strong><\/li>\n<li><strong>Adi\u00f3s Par\u00eds<\/strong> &#8220;Soy un caminante&#8221; del disco No me sueltes <strong>(Dragora)<\/strong><\/li>\n<li><strong>Deliber<\/strong> &#8220;Volar&#8221; in\u00e9dita <strong>(imprimedia)<\/strong><\/li>\n<li><strong>Silent Lune<\/strong> &#8220;Shades Of Red&#8221; del disco Soft Decay <strong>(Class)<\/strong><\/li>\n<li><strong>Highway<\/strong> &#8220;Sue\u00f1o entre sombras&#8221; del disco Producci\u00f3n fatal <strong>(Barahunda)<\/strong><\/li>\n<li><strong>Skaidan<\/strong> &#8220;Canciones del viento&#8221; del disco Canciones del viento <strong>(Gravis)<\/strong><\/li>\n<\/ol>\n","protected":false},"featured_media":341,"comment_status":"open","ping_status":"closed","template":"","meta":{"_bbp_topic_count":0,"_bbp_reply_count":0,"_bbp_total_topic_count":0,"_bbp_total_reply_count":0,"_bbp_voice_count":0,"_bbp_anonymous_reply_count":0,"_bbp_topic_count_hidden":0,"_bbp_reply_count_hidden":0,"_bbp_forum_subforum_count":0,"_monsterinsights_skip_tracking":false,"_monsterinsights_sitenote_active":false,"_monsterinsights_sitenote_note":"","_monsterinsights_sitenote_category":0,"_joinchat":[]},"product_cat":[47,49],"product_tag":[],"aioseo_notices":[],"_links":{"self":[{"href":"https:\/\/gothicmx.com\/index.php\/wp-json\/wp\/v2\/product\/340"}],"collection":[{"href":"https:\/\/gothicmx.com\/index.php\/wp-json\/wp\/v2\/product"}],"about":[{"href":"https:\/\/gothicmx.com\/index.php\/wp-json\/wp\/v2\/types\/product"}],"replies":[{"embeddable":true,"href":"https:\/\/gothicmx.com\/index.php\/wp-json\/wp\/v2\/comments?post=340"}],"wp:featuredmedia":[{"embeddable":true,"href":"https:\/\/gothicmx.com\/index.php\/wp-json\/wp\/v2\/media\/341"}],"wp:attachment":[{"href":"https:\/\/gothicmx.com\/index.php\/wp-json\/wp\/v2\/media?parent=340"}],"wp:term":[{"taxonomy":"product_cat","embeddable":true,"href":"https:\/\/gothicmx.com\/index.php\/wp-json\/wp\/v2\/product_cat?post=340"},{"taxonomy":"product_tag","embeddable":true,"href":"https:\/\/gothicmx.com\/index.php\/wp-json\/wp\/v2\/product_tag?post=340"}],"curies":[{"name":"wp","href":"https:\/\/api.w.org\/{rel}","templated":true}]}}