{"id":345,"date":"2020-09-04T15:27:09","date_gmt":"2020-09-04T20:27:09","guid":{"rendered":"http:\/\/gothicmx.com\/?post_type=product&#038;p=345"},"modified":"2025-08-25T21:39:18","modified_gmt":"2025-08-26T03:39:18","slug":"the-dragulas-le-pop-dangereux-vol-5","status":"publish","type":"product","link":"https:\/\/gothicmx.com\/index.php\/producto\/the-dragulas-le-pop-dangereux-vol-5\/","title":{"rendered":"The Dragulas \/ Le pop Dangereux Vol 5"},"content":{"rendered":"<div class=\"track-wrapper col-12 track-controls\" data-v-a5c0677a=\"\">\n<div class=\"track-items\" data-v-a5c0677a=\"\">\n<div class=\"track-list-number-col\" tabindex=\"0\" title=\"Reproducir pista\" data-v-a5c0677a=\"\"><\/div>\n<\/div>\n<\/div>\n<div class=\"track-wrapper col-12 track-controls\" data-v-a5c0677a=\"\">\n<div class=\"track-items\" data-v-a5c0677a=\"\">\n<div class=\"track-name-artist margin-0 col-9 col-md-8 col-sm-6 flex-grow\" data-v-a5c0677a=\"\">\n<p class=\"artist-list ellipsis margin-0\" data-v-a5c0677a=\"\">\n<\/div>\n<\/div>\n<\/div>\n<div class=\"track-wrapper col-12 track-controls\" data-v-a5c0677a=\"\">\n<div class=\"track-items\" data-v-a5c0677a=\"\">\n<div class=\"track-name-artist margin-0 col-9 col-md-8 col-sm-6 flex-grow\" data-v-a5c0677a=\"\">\n<p>The Dragulas presenta su m\u00e1s reciente material llamado \u201cLe Pop Dangereux Vol.5 #Nostalgia por el Futuro\u201d, con el cual rinden homenaje a cinco bandas del New Wave mexicano de principios de los 80, tales como \u201cLa Cabellera de Berenice\u201d de SIZE, \u201cPerdidos en el espacio\u201d de Syntoma, \u201cEl Paso del tiempo\u201d de Silueta P\u00e1lida, \u201cLoco poco a poco\u201d de los Agentes Secretos y \u201cExcesos\u201d del Escuadr\u00f3n del Ritmo\u201d.<\/p>\n<p>El disco tambi\u00e9n fue producido por Alex Eisenring y cont\u00f3 con la colaboraci\u00f3n musical de miembros originales de bandas como: Walter Schmidt, Carlos Robledo, Carlos Vivanco, V\u00edctor Robledo y el mismo Eisenring; as\u00ed como de grupos contempor\u00e1neos de la escena post-punk mexicano como Sid Ney Robote y Anna Utopian.<\/p>\n<p>A partir de este proyecto musical se desprende el proyecto GLAM GUI\u00d1OL, el cual est\u00e1 integrado por The Dragulas, Dennys Sanborns y This Grace (SIZE), Alex Ice&amp;Drinks (Syntoma) y Carlos Vivanco (Broken Heart), quienes interpretar\u00e1n en vivo las canciones que integran el disco as\u00ed como otros cortes m\u00e1s, en un espect\u00e1culo audiovisual que comenzar\u00e1 a presentarse en distintos foros del pa\u00eds o mediados del a\u00f1o.<\/p>\n<\/div>\n<\/div>\n<\/div>\n","protected":false},"excerpt":{"rendered":"<div class=\"track-wrapper col-12 track-controls\" data-v-a5c0677a=\"\">\n<div class=\"track-items\" data-v-a5c0677a=\"\">\n<div class=\"track-list-number-col\" tabindex=\"0\" title=\"Reproducir pista\" data-v-a5c0677a=\"\">\n<p class=\"track-list-number secondary-title margin-0\" data-v-a5c0677a=\"\">1- Perdidos en el Espacio<\/p>\n<p class=\"track-list-number secondary-title margin-0\" data-v-a5c0677a=\"\">2 Excesos<\/p>\n<\/div>\n<\/div>\n<\/div>\n<div class=\"track-wrapper col-12 track-controls\" data-v-a5c0677a=\"\">\n<div class=\"track-items\" data-v-a5c0677a=\"\">\n<div class=\"track-list-number-col\" tabindex=\"0\" title=\"Reproducir pista\" data-v-a5c0677a=\"\">\n<p class=\"track-list-number secondary-title margin-0\" data-v-a5c0677a=\"\">3 Loco Poco a Poco<\/p>\n<\/div>\n<div class=\"track-name-artist margin-0 col-9 col-md-8 col-sm-6 flex-grow\" data-v-a5c0677a=\"\"><\/div>\n<\/div>\n<\/div>\n<div class=\"track-wrapper col-12 track-controls\" data-v-a5c0677a=\"\">\n<div class=\"track-items\" data-v-a5c0677a=\"\">\n<div class=\"track-list-number-col\" tabindex=\"0\" title=\"Reproducir pista\" data-v-a5c0677a=\"\">\n<p class=\"track-list-number secondary-title margin-0\" data-v-a5c0677a=\"\">4 El Paso del Tiempo<\/p>\n<\/div>\n<\/div>\n<\/div>\n<div class=\"track-wrapper col-12 track-controls\" data-v-a5c0677a=\"\">\n<div class=\"track-items\" data-v-a5c0677a=\"\">\n<div class=\"track-list-number-col\" tabindex=\"0\" title=\"Reproducir pista\" data-v-a5c0677a=\"\">\n<p class=\"track-list-number secondary-title margin-0\" data-v-a5c0677a=\"\">5 La Cabellera de Berenice<\/p>\n<p class=\"track-list-number secondary-title margin-0\" data-v-a5c0677a=\"\">6 Excesos\u00a0<span data-v-a5c0677a=\"\">(Ice &amp; Drinks Borneo Jungle Remix)<\/span><\/p>\n<\/div>\n<\/div>\n<\/div>\n<div class=\"track-wrapper col-12 track-controls\" data-v-a5c0677a=\"\">\n<div class=\"track-items\" data-v-a5c0677a=\"\">\n<div class=\"track-list-number-col\" tabindex=\"0\" title=\"Reproducir pista\" data-v-a5c0677a=\"\">\n<p class=\"track-list-number secondary-title margin-0\" data-v-a5c0677a=\"\">7 Loco Poco a Poco\u00a0<span data-v-a5c0677a=\"\">(Ice &amp; Drinks Mechanical Trance Remix)<\/span><\/p>\n<\/div>\n<\/div>\n<\/div>\n<div class=\"track-wrapper col-12 track-controls\" data-v-a5c0677a=\"\">\n<div class=\"track-items\" data-v-a5c0677a=\"\">\n<div class=\"track-list-number-col\" tabindex=\"0\" title=\"Reproducir pista\" data-v-a5c0677a=\"\">\n<p class=\"track-list-number secondary-title margin-0\" data-v-a5c0677a=\"\">8 El Paso del Tiempo\u00a0<span data-v-a5c0677a=\"\">(Ice &amp; Drinks Space Lounge Remix)<\/span><\/p>\n<\/div>\n<div class=\"track-name-artist margin-0 col-9 col-md-8 col-sm-6 flex-grow\" data-v-a5c0677a=\"\">\n<p class=\"artist-list ellipsis margin-0\" data-v-a5c0677a=\"\">9 Perdidos en el Espacio\u00a0<span data-v-a5c0677a=\"\">(Ice &amp; Drinks Neu Tech Remix)<\/span><\/p>\n<\/div>\n<\/div>\n<\/div>\n<div class=\"track-wrapper col-12 track-controls track-highlight\" data-v-a5c0677a=\"\">\n<div class=\"track-items\" data-v-a5c0677a=\"\">\n<div class=\"track-list-number-col\" tabindex=\"0\" title=\"Reproducir pista\" data-v-a5c0677a=\"\">\n<p class=\"track-list-number secondary-title margin-0\" data-v-a5c0677a=\"\">10 La Cabellera de Berenice\u00a0<span data-v-a5c0677a=\"\">(Ice &amp; Drinks Ambient Remix)<\/span><\/p>\n<\/div>\n<div class=\"track-list-action col-2 col-md-2 col-sm-3\" data-v-a5c0677a=\"\"><\/div>\n<\/div>\n<\/div>\n","protected":false},"featured_media":346,"comment_status":"open","ping_status":"closed","template":"","meta":{"_bbp_topic_count":0,"_bbp_reply_count":0,"_bbp_total_topic_count":0,"_bbp_total_reply_count":0,"_bbp_voice_count":0,"_bbp_anonymous_reply_count":0,"_bbp_topic_count_hidden":0,"_bbp_reply_count_hidden":0,"_bbp_forum_subforum_count":0,"_monsterinsights_skip_tracking":false,"_monsterinsights_sitenote_active":false,"_monsterinsights_sitenote_note":"","_monsterinsights_sitenote_category":0,"_joinchat":[]},"product_cat":[47,16],"product_tag":[],"aioseo_notices":[],"_links":{"self":[{"href":"https:\/\/gothicmx.com\/index.php\/wp-json\/wp\/v2\/product\/345"}],"collection":[{"href":"https:\/\/gothicmx.com\/index.php\/wp-json\/wp\/v2\/product"}],"about":[{"href":"https:\/\/gothicmx.com\/index.php\/wp-json\/wp\/v2\/types\/product"}],"replies":[{"embeddable":true,"href":"https:\/\/gothicmx.com\/index.php\/wp-json\/wp\/v2\/comments?post=345"}],"wp:featuredmedia":[{"embeddable":true,"href":"https:\/\/gothicmx.com\/index.php\/wp-json\/wp\/v2\/media\/346"}],"wp:attachment":[{"href":"https:\/\/gothicmx.com\/index.php\/wp-json\/wp\/v2\/media?parent=345"}],"wp:term":[{"taxonomy":"product_cat","embeddable":true,"href":"https:\/\/gothicmx.com\/index.php\/wp-json\/wp\/v2\/product_cat?post=345"},{"taxonomy":"product_tag","embeddable":true,"href":"https:\/\/gothicmx.com\/index.php\/wp-json\/wp\/v2\/product_tag?post=345"}],"curies":[{"name":"wp","href":"https:\/\/api.w.org\/{rel}","templated":true}]}}