{"id":347,"date":"2020-09-04T15:36:11","date_gmt":"2020-09-04T20:36:11","guid":{"rendered":"http:\/\/gothicmx.com\/?post_type=product&#038;p=347"},"modified":"2025-04-13T01:22:10","modified_gmt":"2025-04-13T07:22:10","slug":"hueco-la-negra-voz-de-dios","status":"publish","type":"product","link":"https:\/\/gothicmx.com\/index.php\/producto\/hueco-la-negra-voz-de-dios\/","title":{"rendered":"Hueco\/La negra voz de Dios"},"content":{"rendered":"<p><b>Hueco<\/b>\u00a0se forma a principios de 1995 bajo la iniciativa de Jos\u00e9 Hern\u00e1ndez Riwes (Hollow Kid) y la producci\u00f3n art\u00edstica de\u00a0Rogelio G\u00f3mez\u00a0(guitarrista de\u00a0Ansia). Para ambos era importante definir un sonido que mostrara referencias a los grupos que ya hab\u00edan generado una propuesta importante en la escena del Rock Mexicano como\u00a0Decibel,\u00a0La Concepci\u00f3n de la Luna,\u00a0Santa Sabina\u00a0,\u00a0El Clan\u00a0y, por supuesto\u00a0Ansia; con independencia de los tintes evidentes a bandas anglosajonas como\u00a0Bauhaus (banda),\u00a0Killing Joke,\u00a0Ministry,\u00a0the Cure\u00a0y\u00a0Joy Division. La revista Banda Roquera coment\u00f3 al respecto: &#8220;De la oscuridad siguen emerguiendo a la luz los nuevos grupos dark, as\u00ed surge\u00a0<b>Hueco<\/b>, agruaci\u00f3n que denotan un estilo bien trabajado con el que tratan de repercutir en la escena darky para gusto nuestro. Su m\u00fasica deja sentir influencias de los grupos europeos, con atm\u00f3sferas bizarras que asemejan golpes met\u00e1licos&#8221;.<\/p>\n","protected":false},"excerpt":{"rendered":"<ol>\n<li>Tren al sur (Canica azul)<\/li>\n<li>Laura Feroz<\/li>\n<li>Lover, lover, lover<\/li>\n<li>Lucrative Methods<\/li>\n<li>Where The Wild Roses Grow<\/li>\n<li>Nos vamos juntos<\/li>\n<li>La navaja autom\u00e1tica de tu voz<\/li>\n<li>Nature Boy<\/li>\n<\/ol>\n","protected":false},"featured_media":348,"comment_status":"open","ping_status":"closed","template":"","meta":{"_bbp_topic_count":0,"_bbp_reply_count":0,"_bbp_total_topic_count":0,"_bbp_total_reply_count":0,"_bbp_voice_count":0,"_bbp_anonymous_reply_count":0,"_bbp_topic_count_hidden":0,"_bbp_reply_count_hidden":0,"_bbp_forum_subforum_count":0,"_monsterinsights_skip_tracking":false,"_monsterinsights_sitenote_active":false,"_monsterinsights_sitenote_note":"","_monsterinsights_sitenote_category":0,"_joinchat":[]},"product_cat":[47,41,43],"product_tag":[],"aioseo_notices":[],"_links":{"self":[{"href":"https:\/\/gothicmx.com\/index.php\/wp-json\/wp\/v2\/product\/347"}],"collection":[{"href":"https:\/\/gothicmx.com\/index.php\/wp-json\/wp\/v2\/product"}],"about":[{"href":"https:\/\/gothicmx.com\/index.php\/wp-json\/wp\/v2\/types\/product"}],"replies":[{"embeddable":true,"href":"https:\/\/gothicmx.com\/index.php\/wp-json\/wp\/v2\/comments?post=347"}],"wp:featuredmedia":[{"embeddable":true,"href":"https:\/\/gothicmx.com\/index.php\/wp-json\/wp\/v2\/media\/348"}],"wp:attachment":[{"href":"https:\/\/gothicmx.com\/index.php\/wp-json\/wp\/v2\/media?parent=347"}],"wp:term":[{"taxonomy":"product_cat","embeddable":true,"href":"https:\/\/gothicmx.com\/index.php\/wp-json\/wp\/v2\/product_cat?post=347"},{"taxonomy":"product_tag","embeddable":true,"href":"https:\/\/gothicmx.com\/index.php\/wp-json\/wp\/v2\/product_tag?post=347"}],"curies":[{"name":"wp","href":"https:\/\/api.w.org\/{rel}","templated":true}]}}