{"id":349,"date":"2020-09-04T17:55:10","date_gmt":"2020-09-04T22:55:10","guid":{"rendered":"http:\/\/gothicmx.com\/?post_type=product&#038;p=349"},"modified":"2024-05-21T19:01:25","modified_gmt":"2024-05-22T00:01:25","slug":"hueco-mexican-gothic","status":"publish","type":"product","link":"https:\/\/gothicmx.com\/index.php\/producto\/hueco-mexican-gothic\/","title":{"rendered":"Hueco\/Mexican Gothic"},"content":{"rendered":"<p><b>Hueco<\/b>\u00a0es una banda de\u00a0rock\u00a0de atm\u00f3sferas oscuras formado en el a\u00f1o 1995. Hueco es reconocido como uno de los grupos m\u00e1s importantes de la vieja guardia de la escena g\u00f3tica de la\u00a0Ciudad de M\u00e9xico.<sup id=\"cite_ref-1\" class=\"reference separada\"><\/sup><\/p>\n","protected":false},"excerpt":{"rendered":"<p>1 1980<\/p>\n<p>2 <span class=\"tracklist_track_title\">Medusa (Dreaming Mix)<\/span><\/p>\n<p>3 <span class=\"tracklist_track_title\">Wee Needa Kan\u00fa<\/span><\/p>\n<p>4 <span class=\"tracklist_track_title\">Inspiratio<\/span><\/p>\n<p>5 <span class=\"tracklist_track_title\">Suspiria<\/span><\/p>\n<p>6 <span class=\"tracklist_track_title\">Mar\u00eda Tranquillitas<\/span><\/p>\n<p>&nbsp;<\/p>\n","protected":false},"featured_media":350,"comment_status":"open","ping_status":"closed","template":"","meta":{"_bbp_topic_count":0,"_bbp_reply_count":0,"_bbp_total_topic_count":0,"_bbp_total_reply_count":0,"_bbp_voice_count":0,"_bbp_anonymous_reply_count":0,"_bbp_topic_count_hidden":0,"_bbp_reply_count_hidden":0,"_bbp_forum_subforum_count":0,"_monsterinsights_skip_tracking":false,"_monsterinsights_sitenote_active":false,"_monsterinsights_sitenote_note":"","_monsterinsights_sitenote_category":0,"_joinchat":[]},"product_cat":[47,43],"product_tag":[],"aioseo_notices":[],"_links":{"self":[{"href":"https:\/\/gothicmx.com\/index.php\/wp-json\/wp\/v2\/product\/349"}],"collection":[{"href":"https:\/\/gothicmx.com\/index.php\/wp-json\/wp\/v2\/product"}],"about":[{"href":"https:\/\/gothicmx.com\/index.php\/wp-json\/wp\/v2\/types\/product"}],"replies":[{"embeddable":true,"href":"https:\/\/gothicmx.com\/index.php\/wp-json\/wp\/v2\/comments?post=349"}],"wp:featuredmedia":[{"embeddable":true,"href":"https:\/\/gothicmx.com\/index.php\/wp-json\/wp\/v2\/media\/350"}],"wp:attachment":[{"href":"https:\/\/gothicmx.com\/index.php\/wp-json\/wp\/v2\/media?parent=349"}],"wp:term":[{"taxonomy":"product_cat","embeddable":true,"href":"https:\/\/gothicmx.com\/index.php\/wp-json\/wp\/v2\/product_cat?post=349"},{"taxonomy":"product_tag","embeddable":true,"href":"https:\/\/gothicmx.com\/index.php\/wp-json\/wp\/v2\/product_tag?post=349"}],"curies":[{"name":"wp","href":"https:\/\/api.w.org\/{rel}","templated":true}]}}