{"id":351,"date":"2020-09-04T23:34:53","date_gmt":"2020-09-05T04:34:53","guid":{"rendered":"http:\/\/gothicmx.com\/?post_type=product&#038;p=351"},"modified":"2021-03-16T23:37:21","modified_gmt":"2021-03-17T05:37:21","slug":"hueco-medusa-desnuda","status":"publish","type":"product","link":"https:\/\/gothicmx.com\/index.php\/producto\/hueco-medusa-desnuda\/","title":{"rendered":"Hueco\/ Medusa desnuda"},"content":{"rendered":"<p>Hueco es una banda de rock de atm\u00f3sferas oscuras formado en el a\u00f1o 1995. Hueco es reconocido como uno de los grupos m\u00e1s importantes de la vieja guardia de la escena g\u00f3tica de la Ciudad de M\u00e9xico.\u200b<\/p>\n","protected":false},"excerpt":{"rendered":"<table class=\"playlist\">\n<tbody>\n<tr class=\"first tracklist_track track\" data-track-position=\"1\">\n<td class=\"tracklist_track_pos\">1<\/td>\n<td class=\"track tracklist_track_title \"><span class=\"tracklist_track_title\">El \u00c1ngel Exterminador<\/span><\/td>\n<td class=\"tracklist_track_duration\" width=\"25\"><\/td>\n<\/tr>\n<tr class=\" tracklist_track track\" data-track-position=\"2\">\n<td class=\"tracklist_track_pos\">2<\/td>\n<td class=\"track tracklist_track_title \"><span class=\"tracklist_track_title\">Medusa<\/span><\/td>\n<td class=\"tracklist_track_duration\" width=\"25\"><\/td>\n<\/tr>\n<tr class=\" tracklist_track track\" data-track-position=\"3\">\n<td class=\"tracklist_track_pos\">3<\/td>\n<td class=\"track tracklist_track_title \"><span class=\"tracklist_track_title\">La Puerta Del infierno<\/span><\/td>\n<td class=\"tracklist_track_duration\" width=\"25\"><\/td>\n<\/tr>\n<tr class=\" tracklist_track track\" data-track-position=\"4\">\n<td class=\"tracklist_track_pos\">4<\/td>\n<td class=\"track tracklist_track_title \"><span class=\"tracklist_track_title\">Crep\u00fasculo Ascendente<\/span><\/td>\n<td class=\"tracklist_track_duration\" width=\"25\"><\/td>\n<\/tr>\n<tr class=\" tracklist_track track\" data-track-position=\"5\">\n<td class=\"tracklist_track_pos\">5<\/td>\n<td class=\"track tracklist_track_title \"><span class=\"tracklist_track_title\">25 Segundos<\/span><\/td>\n<td class=\"tracklist_track_duration\" width=\"25\"><\/td>\n<\/tr>\n<tr class=\" tracklist_track track\" data-track-position=\"6\">\n<td class=\"tracklist_track_pos\">6<\/td>\n<td class=\"track tracklist_track_title \"><span class=\"tracklist_track_title\">Vagina Dentata<\/span><\/td>\n<td class=\"tracklist_track_duration\" width=\"25\"><\/td>\n<\/tr>\n<tr class=\" tracklist_track track\" data-track-position=\"7\">\n<td class=\"tracklist_track_pos\"><\/td>\n<td class=\"track tracklist_track_title \"><\/td>\n<td class=\"tracklist_track_duration\" width=\"25\"><\/td>\n<\/tr>\n<tr class=\" tracklist_track track\" data-track-position=\"8\">\n<td class=\"tracklist_track_pos\">8<\/td>\n<td class=\"track tracklist_track_title \"><span class=\"tracklist_track_title\">Holocausto<\/span><\/td>\n<td class=\"tracklist_track_duration\" width=\"25\"><\/td>\n<\/tr>\n<tr class=\" tracklist_track track\" data-track-position=\"9\">\n<td class=\"tracklist_track_pos\">9<\/td>\n<td class=\"track tracklist_track_title \"><span class=\"tracklist_track_title\">Julieta<\/span><\/td>\n<\/tr>\n<\/tbody>\n<\/table>\n","protected":false},"featured_media":358,"comment_status":"open","ping_status":"closed","template":"","meta":{"_bbp_topic_count":0,"_bbp_reply_count":0,"_bbp_total_topic_count":0,"_bbp_total_reply_count":0,"_bbp_voice_count":0,"_bbp_anonymous_reply_count":0,"_bbp_topic_count_hidden":0,"_bbp_reply_count_hidden":0,"_bbp_forum_subforum_count":0,"_monsterinsights_skip_tracking":false,"_monsterinsights_sitenote_active":false,"_monsterinsights_sitenote_note":"","_monsterinsights_sitenote_category":0,"_joinchat":[]},"product_cat":[47,43],"product_tag":[],"aioseo_notices":[],"_links":{"self":[{"href":"https:\/\/gothicmx.com\/index.php\/wp-json\/wp\/v2\/product\/351"}],"collection":[{"href":"https:\/\/gothicmx.com\/index.php\/wp-json\/wp\/v2\/product"}],"about":[{"href":"https:\/\/gothicmx.com\/index.php\/wp-json\/wp\/v2\/types\/product"}],"replies":[{"embeddable":true,"href":"https:\/\/gothicmx.com\/index.php\/wp-json\/wp\/v2\/comments?post=351"}],"wp:featuredmedia":[{"embeddable":true,"href":"https:\/\/gothicmx.com\/index.php\/wp-json\/wp\/v2\/media\/358"}],"wp:attachment":[{"href":"https:\/\/gothicmx.com\/index.php\/wp-json\/wp\/v2\/media?parent=351"}],"wp:term":[{"taxonomy":"product_cat","embeddable":true,"href":"https:\/\/gothicmx.com\/index.php\/wp-json\/wp\/v2\/product_cat?post=351"},{"taxonomy":"product_tag","embeddable":true,"href":"https:\/\/gothicmx.com\/index.php\/wp-json\/wp\/v2\/product_tag?post=351"}],"curies":[{"name":"wp","href":"https:\/\/api.w.org\/{rel}","templated":true}]}}