{"id":370,"date":"2020-09-18T22:42:37","date_gmt":"2020-09-19T03:42:37","guid":{"rendered":"http:\/\/gothicmx.com\/?post_type=product&#038;p=370"},"modified":"2025-05-22T11:04:58","modified_gmt":"2025-05-22T17:04:58","slug":"lucida-fila-et-vidi-lucem","status":"publish","type":"product","link":"https:\/\/gothicmx.com\/index.php\/producto\/lucida-fila-et-vidi-lucem\/","title":{"rendered":"Lucida Fila\/ Et vidi lucem"},"content":{"rendered":"<p>L\u00facida Fila, una banda de la Ciudad de M\u00e9xico que forma parte de la nueva redenci\u00f3n de la escena oscura nos presenta su trabajo, el cual nos recuerda mucho los proyectos de la d\u00e9cada pasada, por su forma de grabaci\u00f3n, sonido y desempe\u00f1o arriba del escenario.<br \/>\nCanciones lentas pero poderosas, donde la guitarra forma parte fundamental, con sus punteos sobresaltando su cercan\u00eda con el postpunk y el cold.<\/p>\n","protected":false},"excerpt":{"rendered":"<table id=\"track_table\" class=\"track_list track_table\">\n<tbody>\n<tr class=\"track_row_view linked\">\n<td class=\"play-col\">\n<div class=\"play_status\"><\/div>\n<\/td>\n<td class=\"track-number-col\">\n<div class=\"track_number secondaryText\">1.<\/div>\n<\/td>\n<td class=\"title-col\">\n<div class=\"title\"><span class=\"track-title\">LOVE NEVER DIES<\/span>\u00a0<span class=\"time secondaryText\">06:27<\/span><\/div>\n<\/td>\n<td class=\"info-col\">\n<div class=\"info_link\"><\/div>\n<\/td>\n<td class=\"download-col\">\n<div class=\"dl_link\"><\/div>\n<\/td>\n<\/tr>\n<tr class=\"track_row_view linked\">\n<td class=\"play-col\">\n<div class=\"play_status\"><\/div>\n<\/td>\n<td class=\"track-number-col\">\n<div class=\"track_number secondaryText\">2.<\/div>\n<\/td>\n<td class=\"title-col\">\n<div class=\"title\"><span class=\"track-title\">SOULS OF THE NIGHT<\/span>\u00a0<span class=\"time secondaryText\">06:35<\/span><\/div>\n<\/td>\n<td class=\"info-col\">\n<div class=\"info_link\"><\/div>\n<\/td>\n<td class=\"download-col\">\n<div class=\"dl_link\"><\/div>\n<\/td>\n<\/tr>\n<tr class=\"track_row_view linked\">\n<td class=\"play-col\">\n<div class=\"play_status\"><\/div>\n<\/td>\n<td class=\"track-number-col\">\n<div class=\"track_number secondaryText\">3.<\/div>\n<\/td>\n<td class=\"title-col\">\n<div class=\"title\"><span class=\"track-title\">CADA AMANECER<\/span>\u00a0<span class=\"time secondaryText\">07:42<\/span><\/div>\n<\/td>\n<td class=\"info-col\">\n<div class=\"info_link\"><\/div>\n<\/td>\n<td class=\"download-col\">\n<div class=\"dl_link\"><\/div>\n<\/td>\n<\/tr>\n<tr class=\"track_row_view linked\">\n<td class=\"play-col\">\n<div class=\"play_status\"><\/div>\n<\/td>\n<td class=\"track-number-col\">\n<div class=\"track_number secondaryText\">4.<\/div>\n<\/td>\n<td class=\"title-col\">\n<div class=\"title\"><span class=\"track-title\">ETERNAL<\/span>\u00a0<span class=\"time secondaryText\">05:38<\/span><\/div>\n<\/td>\n<td class=\"info-col\">\n<div class=\"info_link\"><\/div>\n<\/td>\n<td class=\"download-col\">\n<div class=\"dl_link\"><\/div>\n<\/td>\n<\/tr>\n<tr class=\"track_row_view linked\">\n<td class=\"play-col\">\n<div class=\"play_status\"><\/div>\n<\/td>\n<td class=\"track-number-col\">\n<div class=\"track_number secondaryText\">5.<\/div>\n<\/td>\n<td class=\"title-col\">\n<div class=\"title\"><span class=\"track-title\">REBORN<\/span>\u00a0<span class=\"time secondaryText\">05:58<\/span><\/div>\n<\/td>\n<td class=\"info-col\">\n<div class=\"info_link\"><\/div>\n<\/td>\n<td class=\"download-col\">\n<div class=\"dl_link\"><\/div>\n<\/td>\n<\/tr>\n<tr class=\"track_row_view linked\">\n<td class=\"play-col\">\n<div class=\"play_status\"><\/div>\n<\/td>\n<td class=\"track-number-col\">\n<div class=\"track_number secondaryText\">6.<\/div>\n<\/td>\n<td class=\"title-col\">\n<div class=\"title\"><span class=\"track-title\">VALIUM<\/span>\u00a0<span class=\"time secondaryText\">06:37<\/span><\/div>\n<\/td>\n<td class=\"info-col\">\n<div class=\"info_link\"><\/div>\n<\/td>\n<td class=\"download-col\">\n<div class=\"dl_link\"><\/div>\n<\/td>\n<\/tr>\n<tr class=\"track_row_view linked\">\n<td class=\"play-col\">\n<div class=\"play_status\"><\/div>\n<\/td>\n<td class=\"track-number-col\">\n<div class=\"track_number secondaryText\">7.<\/div>\n<\/td>\n<td class=\"title-col\">\n<div class=\"title\"><span class=\"track-title\">SIGHT THAT KILLS<\/span>\u00a0<span class=\"time secondaryText\">06:58<\/span><\/div>\n<\/td>\n<td class=\"info-col\">\n<div class=\"info_link\"><\/div>\n<\/td>\n<td class=\"download-col\">\n<div class=\"dl_link\"><\/div>\n<\/td>\n<\/tr>\n<tr class=\"track_row_view linked\">\n<td class=\"play-col\">\n<div class=\"play_status\"><\/div>\n<\/td>\n<td class=\"track-number-col\">\n<div class=\"track_number secondaryText\">8.<\/div>\n<\/td>\n<td class=\"title-col\">\n<div class=\"title\"><span class=\"track-title\">LABERINTO<\/span>\u00a0<span class=\"time secondaryText\">05:14<\/span><\/div>\n<\/td>\n<td class=\"info-col\">\n<div class=\"info_link\"><\/div>\n<\/td>\n<td class=\"download-col\">\n<div class=\"dl_link\"><\/div>\n<\/td>\n<\/tr>\n<tr class=\"track_row_view linked\">\n<td class=\"play-col\">\n<div class=\"play_status\"><\/div>\n<\/td>\n<td class=\"track-number-col\">\n<div class=\"track_number secondaryText\">9.<\/div>\n<\/td>\n<td class=\"title-col\">\n<div class=\"title\"><span class=\"track-title\">GOODBYE<\/span>\u00a0<span class=\"time secondaryText\">06:26<\/span><\/div>\n<\/td>\n<td class=\"info-col\">\n<div class=\"info_link\"><\/div>\n<\/td>\n<td class=\"download-col\">\n<div class=\"dl_link\"><\/div>\n<\/td>\n<\/tr>\n<tr class=\"track_row_view linked\">\n<td class=\"play-col\">\n<div class=\"play_status\"><\/div>\n<\/td>\n<td class=\"track-number-col\">\n<div class=\"track_number secondaryText\">10.<\/div>\n<\/td>\n<td class=\"title-col\">\n<div class=\"title\"><span class=\"track-title\">REINCARNATION(My second face)<\/span>\u00a0<span class=\"time secondaryText\">07:22<\/span><\/div>\n<\/td>\n<td class=\"info-col\">\n<div class=\"info_link\"><\/div>\n<\/td>\n<td class=\"download-col\">\n<div class=\"dl_link\"><\/div>\n<\/td>\n<\/tr>\n<\/tbody>\n<\/table>\n","protected":false},"featured_media":371,"comment_status":"open","ping_status":"closed","template":"","meta":{"_bbp_topic_count":0,"_bbp_reply_count":0,"_bbp_total_topic_count":0,"_bbp_total_reply_count":0,"_bbp_voice_count":0,"_bbp_anonymous_reply_count":0,"_bbp_topic_count_hidden":0,"_bbp_reply_count_hidden":0,"_bbp_forum_subforum_count":0,"_monsterinsights_skip_tracking":false,"_monsterinsights_sitenote_active":false,"_monsterinsights_sitenote_note":"","_monsterinsights_sitenote_category":0,"_joinchat":[]},"product_cat":[47,41,43],"product_tag":[],"aioseo_notices":[],"_links":{"self":[{"href":"https:\/\/gothicmx.com\/index.php\/wp-json\/wp\/v2\/product\/370"}],"collection":[{"href":"https:\/\/gothicmx.com\/index.php\/wp-json\/wp\/v2\/product"}],"about":[{"href":"https:\/\/gothicmx.com\/index.php\/wp-json\/wp\/v2\/types\/product"}],"replies":[{"embeddable":true,"href":"https:\/\/gothicmx.com\/index.php\/wp-json\/wp\/v2\/comments?post=370"}],"wp:featuredmedia":[{"embeddable":true,"href":"https:\/\/gothicmx.com\/index.php\/wp-json\/wp\/v2\/media\/371"}],"wp:attachment":[{"href":"https:\/\/gothicmx.com\/index.php\/wp-json\/wp\/v2\/media?parent=370"}],"wp:term":[{"taxonomy":"product_cat","embeddable":true,"href":"https:\/\/gothicmx.com\/index.php\/wp-json\/wp\/v2\/product_cat?post=370"},{"taxonomy":"product_tag","embeddable":true,"href":"https:\/\/gothicmx.com\/index.php\/wp-json\/wp\/v2\/product_tag?post=370"}],"curies":[{"name":"wp","href":"https:\/\/api.w.org\/{rel}","templated":true}]}}