{"id":384,"date":"2020-09-24T20:52:31","date_gmt":"2020-09-25T01:52:31","guid":{"rendered":"http:\/\/gothicmx.com\/?post_type=product&#038;p=384"},"modified":"2020-09-24T21:51:21","modified_gmt":"2020-09-25T02:51:21","slug":"vektor-9-humo","status":"publish","type":"product","link":"https:\/\/gothicmx.com\/index.php\/producto\/vektor-9-humo\/","title":{"rendered":"Vektor 9\/humo"},"content":{"rendered":"<p>Vektor 9 es la suma de los vectores que integran un &#8220;conjunto de vivencias&#8221; , que al recrearlas con la m\u00fasica electr\u00f3nica dan como resultado esta propuesta alternativa que retoma los ritmos m\u00e1s significativos de la escena Techno en el mundo.<\/p>\n<p>&nbsp;<\/p>\n<p>&nbsp;<\/p>\n<p>&nbsp;<\/p>\n<p>Digipack<\/p>\n","protected":false},"excerpt":{"rendered":"<p>1.- Humo<\/p>\n<p>2.- Humo Remix<\/p>\n<p>3.- Susurros<\/p>\n<p>4.- Thx 23<\/p>\n","protected":false},"featured_media":385,"comment_status":"open","ping_status":"closed","template":"","meta":{"_bbp_topic_count":0,"_bbp_reply_count":0,"_bbp_total_topic_count":0,"_bbp_total_reply_count":0,"_bbp_voice_count":0,"_bbp_anonymous_reply_count":0,"_bbp_topic_count_hidden":0,"_bbp_reply_count_hidden":0,"_bbp_forum_subforum_count":0,"_monsterinsights_skip_tracking":false,"_monsterinsights_sitenote_active":false,"_monsterinsights_sitenote_note":"","_monsterinsights_sitenote_category":0,"_joinchat":[]},"product_cat":[47,57,54],"product_tag":[],"aioseo_notices":[],"_links":{"self":[{"href":"https:\/\/gothicmx.com\/index.php\/wp-json\/wp\/v2\/product\/384"}],"collection":[{"href":"https:\/\/gothicmx.com\/index.php\/wp-json\/wp\/v2\/product"}],"about":[{"href":"https:\/\/gothicmx.com\/index.php\/wp-json\/wp\/v2\/types\/product"}],"replies":[{"embeddable":true,"href":"https:\/\/gothicmx.com\/index.php\/wp-json\/wp\/v2\/comments?post=384"}],"wp:featuredmedia":[{"embeddable":true,"href":"https:\/\/gothicmx.com\/index.php\/wp-json\/wp\/v2\/media\/385"}],"wp:attachment":[{"href":"https:\/\/gothicmx.com\/index.php\/wp-json\/wp\/v2\/media?parent=384"}],"wp:term":[{"taxonomy":"product_cat","embeddable":true,"href":"https:\/\/gothicmx.com\/index.php\/wp-json\/wp\/v2\/product_cat?post=384"},{"taxonomy":"product_tag","embeddable":true,"href":"https:\/\/gothicmx.com\/index.php\/wp-json\/wp\/v2\/product_tag?post=384"}],"curies":[{"name":"wp","href":"https:\/\/api.w.org\/{rel}","templated":true}]}}