{"id":401,"date":"2020-09-28T13:01:43","date_gmt":"2020-09-28T18:01:43","guid":{"rendered":"http:\/\/gothicmx.com\/?post_type=product&#038;p=401"},"modified":"2025-05-27T03:36:13","modified_gmt":"2025-05-27T09:36:13","slug":"egonia-magia","status":"publish","type":"product","link":"https:\/\/gothicmx.com\/index.php\/producto\/egonia-magia\/","title":{"rendered":"Egon\u00eda\/Magia"},"content":{"rendered":"<p>Egon\u00eda surge por obra de los deseos, las esperanzas, las historias y las metas de aquel ser humano que desea alimentar sus o\u00eddos de algo m\u00e1s que una secuencia d<span class=\"text_exposed_show\">e notas y busca principalmente la trascendencia por si misma.<\/span><\/p>\n<p>Nuestros instrumentos juntos hacen un conjuro para crear un solo instrumento indestructible, que deja su antigua piel de simple ofidio con el prop\u00f3sito de llegar a convertirse en un majestuoso drag\u00f3n.<\/p>\n<p>Nace como idea en el 2007 conform\u00e1ndose totalmente en el a\u00f1o 2010. Algunas veces se arrastr\u00f3, otras corri\u00f3 y ahora emprende el vuelo hacia el infinito renaciendo una y otra vez de entre sus propias cenizas.<\/p>\n","protected":false},"excerpt":{"rendered":"<table width=\"100%\">\n<tbody>\n<tr>\n<td>\n<div>1.<\/div>\n<p>Aquelarre<\/td>\n<td><\/td>\n<td align=\"right\" width=\"20%\"><\/td>\n<\/tr>\n<tr>\n<td>\n<div>2.<\/div>\n<p>Epitafio<\/td>\n<td><\/td>\n<td align=\"right\" width=\"20%\"><\/td>\n<\/tr>\n<tr>\n<td>\n<div>3.<\/div>\n<p>Gitana<\/td>\n<td><\/td>\n<td align=\"right\" width=\"20%\"><\/td>\n<\/tr>\n<tr>\n<td>\n<div>4.<\/div>\n<p>La Hoguera<\/td>\n<td><\/td>\n<td align=\"right\" width=\"20%\"><\/td>\n<\/tr>\n<tr>\n<td>\n<div>5.<\/div>\n<p>La Sombra en la Ventana<\/td>\n<td><\/td>\n<td align=\"right\" width=\"20%\"><\/td>\n<\/tr>\n<tr>\n<td>\n<div>6.<\/div>\n<p>Magia<\/td>\n<td><\/td>\n<td align=\"right\" width=\"20%\"><\/td>\n<\/tr>\n<tr>\n<td>\n<div>7.<\/div>\n<p>Orfeo<\/td>\n<td><\/td>\n<td align=\"right\" width=\"20%\"><\/td>\n<\/tr>\n<tr>\n<td>\n<div>8.<\/div>\n<p>Santuario<\/td>\n<td><\/td>\n<td align=\"right\" width=\"20%\"><\/td>\n<\/tr>\n<tr>\n<td>\n<div>9.<\/div>\n<p>Sator<\/td>\n<td><\/td>\n<td align=\"right\" width=\"20%\"><\/td>\n<\/tr>\n<tr>\n<td>\n<div>10.<\/div>\n<p>Son\u00e1mbulo<\/td>\n<\/tr>\n<\/tbody>\n<\/table>\n","protected":false},"featured_media":402,"comment_status":"open","ping_status":"closed","template":"","meta":{"_bbp_topic_count":0,"_bbp_reply_count":0,"_bbp_total_topic_count":0,"_bbp_total_reply_count":0,"_bbp_voice_count":0,"_bbp_anonymous_reply_count":0,"_bbp_topic_count_hidden":0,"_bbp_reply_count_hidden":0,"_bbp_forum_subforum_count":0,"_monsterinsights_skip_tracking":false,"_monsterinsights_sitenote_active":false,"_monsterinsights_sitenote_note":"","_monsterinsights_sitenote_category":0,"_joinchat":[]},"product_cat":[47,42],"product_tag":[],"aioseo_notices":[],"_links":{"self":[{"href":"https:\/\/gothicmx.com\/index.php\/wp-json\/wp\/v2\/product\/401"}],"collection":[{"href":"https:\/\/gothicmx.com\/index.php\/wp-json\/wp\/v2\/product"}],"about":[{"href":"https:\/\/gothicmx.com\/index.php\/wp-json\/wp\/v2\/types\/product"}],"replies":[{"embeddable":true,"href":"https:\/\/gothicmx.com\/index.php\/wp-json\/wp\/v2\/comments?post=401"}],"wp:featuredmedia":[{"embeddable":true,"href":"https:\/\/gothicmx.com\/index.php\/wp-json\/wp\/v2\/media\/402"}],"wp:attachment":[{"href":"https:\/\/gothicmx.com\/index.php\/wp-json\/wp\/v2\/media?parent=401"}],"wp:term":[{"taxonomy":"product_cat","embeddable":true,"href":"https:\/\/gothicmx.com\/index.php\/wp-json\/wp\/v2\/product_cat?post=401"},{"taxonomy":"product_tag","embeddable":true,"href":"https:\/\/gothicmx.com\/index.php\/wp-json\/wp\/v2\/product_tag?post=401"}],"curies":[{"name":"wp","href":"https:\/\/api.w.org\/{rel}","templated":true}]}}