{"id":4186,"date":"2024-12-11T21:33:59","date_gmt":"2024-12-12T03:33:59","guid":{"rendered":"https:\/\/gothicmx.com\/?post_type=product&#038;p=4186"},"modified":"2026-03-12T06:05:57","modified_gmt":"2026-03-12T12:05:57","slug":"disorder-jaguar-negro","status":"publish","type":"product","link":"https:\/\/gothicmx.com\/index.php\/producto\/disorder-jaguar-negro\/","title":{"rendered":"Disorder &#8211; Jaguar Negro"},"content":{"rendered":"<p>The Disorder es una banda mexicana de m\u00fasica electr\u00f3nica\/electro punk.\u00a0El proyecto fue fundado en el 2007 por Erwin Benoir en Montreal, Canad\u00e1. \u00c9l es el guitarrista, cantante y compositor multiinstrumental. En sus presentaciones en vivo es apoyado por m\u00e1s m\u00fasicos y un baterista.<br \/>\nRecientemente la banda estren\u00f3 el \u00e1lbum &#8220;Jaguar Negro&#8221;, con el cual invitan a sus oyentes a un viaje m\u00edstico de regreso a las ra\u00edces mayas, mexicas, tarascos, etc. Un viaje de chamanismo, de la brujer\u00eda y de nuestros dones olvidados. De este \u00e1lbum la banda acaba de estrenar el video clip del single\u00a0&#8220;Creadores de Realidades&#8221;. El track habla de como podemos interceptar el mensaje del holograma o la matrix y crear la realidad a nuestro antojo.<\/p>\n<p><iframe loading=\"lazy\" title=\"JAGUAR NEGRO - DISORDER (LIVE SESSION)\" width=\"980\" height=\"551\" src=\"https:\/\/www.youtube.com\/embed\/uaZeoCwO4Ec?feature=oembed\" frameborder=\"0\" allow=\"accelerometer; autoplay; clipboard-write; encrypted-media; gyroscope; picture-in-picture; web-share\" referrerpolicy=\"strict-origin-when-cross-origin\" allowfullscreen><\/iframe><\/p>\n","protected":false},"excerpt":{"rendered":"<p>CD EP &#8211; 2021<\/p>\n<p>1 Jaguar Negro<\/p>\n<p>2 La Chispa divina<\/p>\n<p>3 T\u00fa eres dios<\/p>\n","protected":false},"featured_media":4187,"comment_status":"open","ping_status":"closed","template":"","meta":{"_bbp_topic_count":0,"_bbp_reply_count":0,"_bbp_total_topic_count":0,"_bbp_total_reply_count":0,"_bbp_voice_count":0,"_bbp_anonymous_reply_count":0,"_bbp_topic_count_hidden":0,"_bbp_reply_count_hidden":0,"_bbp_forum_subforum_count":0,"_monsterinsights_skip_tracking":false,"_monsterinsights_sitenote_active":false,"_monsterinsights_sitenote_note":"","_monsterinsights_sitenote_category":0,"_joinchat":[]},"product_cat":[15],"product_tag":[],"aioseo_notices":[],"_links":{"self":[{"href":"https:\/\/gothicmx.com\/index.php\/wp-json\/wp\/v2\/product\/4186"}],"collection":[{"href":"https:\/\/gothicmx.com\/index.php\/wp-json\/wp\/v2\/product"}],"about":[{"href":"https:\/\/gothicmx.com\/index.php\/wp-json\/wp\/v2\/types\/product"}],"replies":[{"embeddable":true,"href":"https:\/\/gothicmx.com\/index.php\/wp-json\/wp\/v2\/comments?post=4186"}],"wp:featuredmedia":[{"embeddable":true,"href":"https:\/\/gothicmx.com\/index.php\/wp-json\/wp\/v2\/media\/4187"}],"wp:attachment":[{"href":"https:\/\/gothicmx.com\/index.php\/wp-json\/wp\/v2\/media?parent=4186"}],"wp:term":[{"taxonomy":"product_cat","embeddable":true,"href":"https:\/\/gothicmx.com\/index.php\/wp-json\/wp\/v2\/product_cat?post=4186"},{"taxonomy":"product_tag","embeddable":true,"href":"https:\/\/gothicmx.com\/index.php\/wp-json\/wp\/v2\/product_tag?post=4186"}],"curies":[{"name":"wp","href":"https:\/\/api.w.org\/{rel}","templated":true}]}}