{"id":4188,"date":"2024-12-11T22:12:02","date_gmt":"2024-12-12T04:12:02","guid":{"rendered":"https:\/\/gothicmx.com\/?post_type=product&#038;p=4188"},"modified":"2026-03-08T06:22:48","modified_gmt":"2026-03-08T12:22:48","slug":"aeon-sable-aequinoctium","status":"publish","type":"product","link":"https:\/\/gothicmx.com\/index.php\/producto\/aeon-sable-aequinoctium\/","title":{"rendered":"Aeon Sable &#8211; Aequinoctium"},"content":{"rendered":"<p>Aeon Sable es una banda de rock g\u00f3tico oscuro con un toque psicod\u00e9lico, muy influenciada por el esoterismo, que se form\u00f3 en 2010 en Essen, Alemania, por Din-Tah Aeon y Nino Sable. La creatividad y destreza de los dos m\u00fasicos, involucrados en varios proyectos de la escena underground alemana desde 1997, les ha permitido viajar a un territorio seductoramente sorprendente creando una atm\u00f3sfera oscura y seductora que sigue llamando la atenci\u00f3n de los fans en Europa y en todo el mundo.<\/p>\n<p><iframe loading=\"lazy\" title=\"Aeon Sable - Aequinoctium - 2013 - Tenfifteen - OFFICIAL VIDEO\" width=\"980\" height=\"551\" src=\"https:\/\/www.youtube.com\/embed\/5WPJwyO9d9s?feature=oembed\" frameborder=\"0\" allow=\"accelerometer; autoplay; clipboard-write; encrypted-media; gyroscope; picture-in-picture; web-share\" referrerpolicy=\"strict-origin-when-cross-origin\" allowfullscreen><\/iframe><\/p>\n","protected":false},"excerpt":{"rendered":"<p>CD EP &#8211; 2013 &#8211; Edici\u00f3n Alemana<\/p>\n<p>1 Aequinoctium<br \/>\n2 Tenfifteen<br \/>\n3 Secret Flower<br \/>\n4 Long road out of hell (Stormed)<br \/>\n5 Drawing circles square&#8230;<\/p>\n","protected":false},"featured_media":4189,"comment_status":"open","ping_status":"closed","template":"","meta":{"_bbp_topic_count":0,"_bbp_reply_count":0,"_bbp_total_topic_count":0,"_bbp_total_reply_count":0,"_bbp_voice_count":0,"_bbp_anonymous_reply_count":0,"_bbp_topic_count_hidden":0,"_bbp_reply_count_hidden":0,"_bbp_forum_subforum_count":0,"_monsterinsights_skip_tracking":false,"_monsterinsights_sitenote_active":false,"_monsterinsights_sitenote_note":"","_monsterinsights_sitenote_category":0,"_joinchat":[]},"product_cat":[56,51,42,61,64],"product_tag":[],"aioseo_notices":[],"_links":{"self":[{"href":"https:\/\/gothicmx.com\/index.php\/wp-json\/wp\/v2\/product\/4188"}],"collection":[{"href":"https:\/\/gothicmx.com\/index.php\/wp-json\/wp\/v2\/product"}],"about":[{"href":"https:\/\/gothicmx.com\/index.php\/wp-json\/wp\/v2\/types\/product"}],"replies":[{"embeddable":true,"href":"https:\/\/gothicmx.com\/index.php\/wp-json\/wp\/v2\/comments?post=4188"}],"wp:featuredmedia":[{"embeddable":true,"href":"https:\/\/gothicmx.com\/index.php\/wp-json\/wp\/v2\/media\/4189"}],"wp:attachment":[{"href":"https:\/\/gothicmx.com\/index.php\/wp-json\/wp\/v2\/media?parent=4188"}],"wp:term":[{"taxonomy":"product_cat","embeddable":true,"href":"https:\/\/gothicmx.com\/index.php\/wp-json\/wp\/v2\/product_cat?post=4188"},{"taxonomy":"product_tag","embeddable":true,"href":"https:\/\/gothicmx.com\/index.php\/wp-json\/wp\/v2\/product_tag?post=4188"}],"curies":[{"name":"wp","href":"https:\/\/api.w.org\/{rel}","templated":true}]}}