{"id":4192,"date":"2024-12-11T22:58:27","date_gmt":"2024-12-12T04:58:27","guid":{"rendered":"https:\/\/gothicmx.com\/?post_type=product&#038;p=4192"},"modified":"2025-11-22T03:57:16","modified_gmt":"2025-11-22T09:57:16","slug":"aeon-sable-aenthology","status":"publish","type":"product","link":"https:\/\/gothicmx.com\/index.php\/producto\/aeon-sable-aenthology\/","title":{"rendered":"Aeon Sable &#8211; Aenthology"},"content":{"rendered":"<p><strong>Este album es una recopilaci\u00f3n de lo mejor de Aeon Sable del 2010 al 2020<\/strong><\/p>\n<p>Aeon Sable es una banda de rock g\u00f3tico oscuro con un toque psicod\u00e9lico, muy influenciada por el esoterismo, que se form\u00f3 en 2010 en Essen, Alemania, por Din-Tah Aeon y Nino Sable. La creatividad y destreza de los dos m\u00fasicos, involucrados en varios proyectos de la escena underground alemana desde 1997, les ha permitido viajar a un territorio seductoramente sorprendente creando una atm\u00f3sfera oscura y seductora que sigue llamando la atenci\u00f3n de los fans en Europa y en todo el mundo.<\/p>\n<p><iframe loading=\"lazy\" title=\"AEON SABLE - Anthology Teaser\" width=\"980\" height=\"551\" src=\"https:\/\/www.youtube.com\/embed\/U37tLfjIwjU?feature=oembed\" frameborder=\"0\" allow=\"accelerometer; autoplay; clipboard-write; encrypted-media; gyroscope; picture-in-picture; web-share\" referrerpolicy=\"strict-origin-when-cross-origin\" allowfullscreen><\/iframe><\/p>\n","protected":false},"excerpt":{"rendered":"<p>CD &#8211; 2020 &#8211; Edici\u00f3n Alemana<\/p>\n<p>01 Into Oblivion*<br \/>\n02 Follow the Light<br \/>\n03 Burn\u00a0<span id=\"package_description_0\" class=\"peekaboo-text\">for Salvation<br \/>\n04 Elysion<br \/>\n05 Garden Of Light<br \/>\n<\/span><span class=\"bcTruncateMore\"><span id=\"package_description_0\" class=\"peekaboo-text\">06 Visions<br \/>\n07 Dancefloor Satellite<br \/>\n08 Tenfifteen<br \/>\n09 Agnosia<br \/>\n10 Praying Mantis<\/span><\/span><\/p>\n<p>&nbsp;<\/p>\n","protected":false},"featured_media":4193,"comment_status":"open","ping_status":"closed","template":"","meta":{"_bbp_topic_count":0,"_bbp_reply_count":0,"_bbp_total_topic_count":0,"_bbp_total_reply_count":0,"_bbp_voice_count":0,"_bbp_anonymous_reply_count":0,"_bbp_topic_count_hidden":0,"_bbp_reply_count_hidden":0,"_bbp_forum_subforum_count":0,"_monsterinsights_skip_tracking":false,"_monsterinsights_sitenote_active":false,"_monsterinsights_sitenote_note":"","_monsterinsights_sitenote_category":0,"_joinchat":[]},"product_cat":[56,42,61,64],"product_tag":[],"aioseo_notices":[],"_links":{"self":[{"href":"https:\/\/gothicmx.com\/index.php\/wp-json\/wp\/v2\/product\/4192"}],"collection":[{"href":"https:\/\/gothicmx.com\/index.php\/wp-json\/wp\/v2\/product"}],"about":[{"href":"https:\/\/gothicmx.com\/index.php\/wp-json\/wp\/v2\/types\/product"}],"replies":[{"embeddable":true,"href":"https:\/\/gothicmx.com\/index.php\/wp-json\/wp\/v2\/comments?post=4192"}],"wp:featuredmedia":[{"embeddable":true,"href":"https:\/\/gothicmx.com\/index.php\/wp-json\/wp\/v2\/media\/4193"}],"wp:attachment":[{"href":"https:\/\/gothicmx.com\/index.php\/wp-json\/wp\/v2\/media?parent=4192"}],"wp:term":[{"taxonomy":"product_cat","embeddable":true,"href":"https:\/\/gothicmx.com\/index.php\/wp-json\/wp\/v2\/product_cat?post=4192"},{"taxonomy":"product_tag","embeddable":true,"href":"https:\/\/gothicmx.com\/index.php\/wp-json\/wp\/v2\/product_tag?post=4192"}],"curies":[{"name":"wp","href":"https:\/\/api.w.org\/{rel}","templated":true}]}}