{"id":4210,"date":"2024-12-16T21:13:00","date_gmt":"2024-12-17T03:13:00","guid":{"rendered":"https:\/\/gothicmx.com\/?post_type=product&#038;p=4210"},"modified":"2025-11-22T03:59:49","modified_gmt":"2025-11-22T09:59:49","slug":"aeon-sable-saturn-return-vinyl","status":"publish","type":"product","link":"https:\/\/gothicmx.com\/index.php\/producto\/aeon-sable-saturn-return-vinyl\/","title":{"rendered":"Aeon Sable &#8211; Saturn Return &#8211; Vinyl"},"content":{"rendered":"<p>Aeon Sable es una banda de rock g\u00f3tico oscuro con un toque psicod\u00e9lico, muy influenciada por el esoterismo, que se form\u00f3 en 2010 en Essen, Alemania, por Din-Tah Aeon y Nino Sable. La creatividad y destreza de los dos m\u00fasicos, involucrados en varios proyectos de la escena underground alemana desde 1997, les ha permitido viajar a un territorio seductoramente sorprendente creando una atm\u00f3sfera oscura y seductora que sigue llamando la atenci\u00f3n de los fans en Europa y en todo el mundo.<\/p>\n<p><iframe loading=\"lazy\" title=\"Aeon Sable - Saturn Return - 2013 - Dancefloor Satellite - OFFICIAL VIDEO\" width=\"980\" height=\"551\" src=\"https:\/\/www.youtube.com\/embed\/LdRur_C7Eb8?feature=oembed\" frameborder=\"0\" allow=\"accelerometer; autoplay; clipboard-write; encrypted-media; gyroscope; picture-in-picture; web-share\" referrerpolicy=\"strict-origin-when-cross-origin\" allowfullscreen><\/iframe><\/p>\n<p>&nbsp;<\/p>\n","protected":false},"excerpt":{"rendered":"<p>LP Vinyl \u2013 2013 \u2013 Edici\u00f3n Alemana<\/p>\n<p>1 &#8230;Algorithm Of None<br \/>\n2 Praying Mantis<br \/>\n3 Dancefloor Satellite<br \/>\n4 Fabulous Land (Stormed)<br \/>\n6 New Breed<br \/>\n7 Dead End<br \/>\n8 Ritual&#8230;<\/p>\n<p>&nbsp;<\/p>\n","protected":false},"featured_media":4211,"comment_status":"open","ping_status":"closed","template":"","meta":{"_bbp_topic_count":0,"_bbp_reply_count":0,"_bbp_total_topic_count":0,"_bbp_total_reply_count":0,"_bbp_voice_count":0,"_bbp_anonymous_reply_count":0,"_bbp_topic_count_hidden":0,"_bbp_reply_count_hidden":0,"_bbp_forum_subforum_count":0,"_monsterinsights_skip_tracking":false,"_monsterinsights_sitenote_active":false,"_monsterinsights_sitenote_note":"","_monsterinsights_sitenote_category":0,"_joinchat":[]},"product_cat":[74,56,42,61,64],"product_tag":[],"aioseo_notices":[],"_links":{"self":[{"href":"https:\/\/gothicmx.com\/index.php\/wp-json\/wp\/v2\/product\/4210"}],"collection":[{"href":"https:\/\/gothicmx.com\/index.php\/wp-json\/wp\/v2\/product"}],"about":[{"href":"https:\/\/gothicmx.com\/index.php\/wp-json\/wp\/v2\/types\/product"}],"replies":[{"embeddable":true,"href":"https:\/\/gothicmx.com\/index.php\/wp-json\/wp\/v2\/comments?post=4210"}],"wp:featuredmedia":[{"embeddable":true,"href":"https:\/\/gothicmx.com\/index.php\/wp-json\/wp\/v2\/media\/4211"}],"wp:attachment":[{"href":"https:\/\/gothicmx.com\/index.php\/wp-json\/wp\/v2\/media?parent=4210"}],"wp:term":[{"taxonomy":"product_cat","embeddable":true,"href":"https:\/\/gothicmx.com\/index.php\/wp-json\/wp\/v2\/product_cat?post=4210"},{"taxonomy":"product_tag","embeddable":true,"href":"https:\/\/gothicmx.com\/index.php\/wp-json\/wp\/v2\/product_tag?post=4210"}],"curies":[{"name":"wp","href":"https:\/\/api.w.org\/{rel}","templated":true}]}}