{"id":444,"date":"2020-10-13T20:50:27","date_gmt":"2020-10-14T01:50:27","guid":{"rendered":"http:\/\/gothicmx.com\/?post_type=product&#038;p=444"},"modified":"2020-10-13T20:50:27","modified_gmt":"2020-10-14T01:50:27","slug":"cibernia-00_00_01","status":"publish","type":"product","link":"https:\/\/gothicmx.com\/index.php\/producto\/cibernia-00_00_01\/","title":{"rendered":"Cibernia \/00_00_01"},"content":{"rendered":"<div class=\"head\">Concebido e integrado en 1993 por Bishop UPG y Kane Brown, Cibernia debut\u00f3 y comenz\u00f3 su carrera hasta 1995 bajo la fuerte influencia de g\u00e9neros como el EBM, har<span class=\"text_exposed_show\">d electro y synth pop; sin embargo la naciente escena rave mexicana los coloc\u00f3 frente a una extensa y prol\u00edfica cantidad de nueva m\u00fasica proveniente de g\u00e9neros como el techno, trance y la cultura de los breakbeats. Lo que los llev\u00f3 a experimentar la fusi\u00f3n de algunos de estos g\u00e9neros para buscar un estilo y un sonido que los diferenciara al contexto de la \u00e9poca. Por aquellos a\u00f1os Cibernia era un neologismo que evocaba a la literatura y el cine de ficci\u00f3n, tambi\u00e9n a la cultura cibern\u00e9tica y su radical manifestaci\u00f3n en el Cyberpunk.<\/span><\/div>\n<div><\/div>\n<div class=\"head\">Sello: Hope System Records\u00a0\u200e\u2013 HS00Cb01-1<\/div>\n<div class=\"head\">Formato: CD, Album<\/div>\n<div class=\"head\">Pa\u00eds: Mexico<\/div>\n<div class=\"head\">Publicado: 2000<\/div>\n<div class=\"head\">G\u00e9nero: Electronic<\/div>\n<div class=\"head\">Estilo: Techno,\u00a0Industrial<\/div>\n","protected":false},"excerpt":{"rendered":"<table class=\"playlist\">\n<tbody>\n<tr class=\"first tracklist_track track\" data-track-position=\"1\">\n<td class=\"tracklist_track_pos\">1<\/td>\n<td class=\"track tracklist_track_title \"><span class=\"tracklist_track_title\">Sponk!<\/span><\/td>\n<td class=\"tracklist_track_duration\" width=\"25\">5:53<\/td>\n<\/tr>\n<tr class=\" tracklist_track track\" data-track-position=\"2\">\n<td class=\"tracklist_track_pos\">2<\/td>\n<td class=\"track tracklist_track_title \"><span class=\"tracklist_track_title\">Flash (recycle Mix)<\/span><\/td>\n<td class=\"tracklist_track_duration\" width=\"25\">7:06<\/td>\n<\/tr>\n<tr class=\" tracklist_track track\" data-track-position=\"3\">\n<td class=\"tracklist_track_pos\">3<\/td>\n<td class=\"track tracklist_track_title \"><span class=\"tracklist_track_title\">Loveless<\/span><\/td>\n<td class=\"tracklist_track_duration\" width=\"25\">6:13<\/td>\n<\/tr>\n<tr class=\" tracklist_track track\" data-track-position=\"4\">\n<td class=\"tracklist_track_pos\">4<\/td>\n<td class=\"track tracklist_track_title \"><span class=\"tracklist_track_title\">Listen To The&#8230;<\/span><\/td>\n<td class=\"tracklist_track_duration\" width=\"25\">7:28<\/td>\n<\/tr>\n<tr class=\" tracklist_track track\" data-track-position=\"5\">\n<td class=\"tracklist_track_pos\">5<\/td>\n<td class=\"track tracklist_track_title \"><span class=\"tracklist_track_title\">Trip With Myself<\/span><\/td>\n<td class=\"tracklist_track_duration\" width=\"25\">6:33<\/td>\n<\/tr>\n<tr class=\" tracklist_track track\" data-track-position=\"6\">\n<td class=\"tracklist_track_pos\">6<\/td>\n<td class=\"track tracklist_track_title \"><span class=\"tracklist_track_title\">Get To Keep Busy<\/span><\/td>\n<td class=\"tracklist_track_duration\" width=\"25\">8:16<\/td>\n<\/tr>\n<tr class=\" tracklist_track track\" data-track-position=\"7\">\n<td class=\"tracklist_track_pos\">7<\/td>\n<td class=\"track tracklist_track_title \"><span class=\"tracklist_track_title\">Pleasure And Pain<\/span><\/td>\n<td class=\"tracklist_track_duration\" width=\"25\">8:08<\/td>\n<\/tr>\n<tr class=\" tracklist_track track\" data-track-position=\"9\">\n<td class=\"tracklist_track_pos\">9<\/td>\n<td class=\"track tracklist_track_title \"><span class=\"tracklist_track_title\">Teotihuacan<\/span><\/td>\n<\/tr>\n<\/tbody>\n<\/table>\n","protected":false},"featured_media":445,"comment_status":"open","ping_status":"closed","template":"","meta":{"_bbp_topic_count":0,"_bbp_reply_count":0,"_bbp_total_topic_count":0,"_bbp_total_reply_count":0,"_bbp_voice_count":0,"_bbp_anonymous_reply_count":0,"_bbp_topic_count_hidden":0,"_bbp_reply_count_hidden":0,"_bbp_forum_subforum_count":0,"_monsterinsights_skip_tracking":false,"_monsterinsights_sitenote_active":false,"_monsterinsights_sitenote_note":"","_monsterinsights_sitenote_category":0,"_joinchat":[]},"product_cat":[47,66],"product_tag":[],"aioseo_notices":[],"_links":{"self":[{"href":"https:\/\/gothicmx.com\/index.php\/wp-json\/wp\/v2\/product\/444"}],"collection":[{"href":"https:\/\/gothicmx.com\/index.php\/wp-json\/wp\/v2\/product"}],"about":[{"href":"https:\/\/gothicmx.com\/index.php\/wp-json\/wp\/v2\/types\/product"}],"replies":[{"embeddable":true,"href":"https:\/\/gothicmx.com\/index.php\/wp-json\/wp\/v2\/comments?post=444"}],"wp:featuredmedia":[{"embeddable":true,"href":"https:\/\/gothicmx.com\/index.php\/wp-json\/wp\/v2\/media\/445"}],"wp:attachment":[{"href":"https:\/\/gothicmx.com\/index.php\/wp-json\/wp\/v2\/media?parent=444"}],"wp:term":[{"taxonomy":"product_cat","embeddable":true,"href":"https:\/\/gothicmx.com\/index.php\/wp-json\/wp\/v2\/product_cat?post=444"},{"taxonomy":"product_tag","embeddable":true,"href":"https:\/\/gothicmx.com\/index.php\/wp-json\/wp\/v2\/product_tag?post=444"}],"curies":[{"name":"wp","href":"https:\/\/api.w.org\/{rel}","templated":true}]}}