{"id":471,"date":"2020-10-13T23:56:27","date_gmt":"2020-10-14T04:56:27","guid":{"rendered":"http:\/\/gothicmx.com\/?post_type=product&#038;p=471"},"modified":"2024-03-10T02:40:32","modified_gmt":"2024-03-10T08:40:32","slug":"rabia-sorda-king-of-the-wasted-land","status":"publish","type":"product","link":"https:\/\/gothicmx.com\/index.php\/producto\/rabia-sorda-king-of-the-wasted-land\/","title":{"rendered":"Rabia Sorda\/ King of the Wasted Land"},"content":{"rendered":"<div>\n<p>Rabia Sorda empez\u00f3 a gestarse como proyecto en el a\u00f1o\u00a02003\u00a0en Alemania despu\u00e9s de que Erk Aicrag, vocalista de\u00a0Hocico quisiera expresar en solitario su visi\u00f3n personal en la m\u00fasica. Para crear, Erk se ve a s\u00ed mismo desde una perspectiva diferente y reinventa muchos aspectos del mismo para darle vida a esta nueva entidad.<\/p>\n<\/div>\n<div class=\"head\">Sello: Out Of Line \u200e<\/div>\n<div class=\"head\">Formato: CD, Single, edici\u00f3n limitada, numerado<\/div>\n<div class=\"head\">Pa\u00eds: Alemania<\/div>\n<div class=\"head\">Publicado: 03 Junio 2016<\/div>\n<div class=\"head\">G\u00e9nero: Electronic,\u00a0Rock<\/div>\n<div class=\"head\">Estilo: Alternative Rock,\u00a0Electro<\/div>\n<p>Digipack Numerado<\/p>\n<p>&nbsp;<\/p>\n<p><iframe loading=\"lazy\" title=\"Rabia Sorda - King Of The Wasteland (Official Video Clip)\" width=\"980\" height=\"551\" src=\"https:\/\/www.youtube.com\/embed\/Gc_cK7SzYaA?feature=oembed\" frameborder=\"0\" allow=\"accelerometer; autoplay; clipboard-write; encrypted-media; gyroscope; picture-in-picture\" allowfullscreen><\/iframe><\/p>\n<p>&nbsp;<\/p>\n","protected":false},"excerpt":{"rendered":"<p>1\u00a0 <span class=\"tracklist_track_title\">King Of The Wasteland<br \/>\n<\/span>2\u00a0 <span class=\"tracklist_track_title\">Monster<br \/>\n<\/span>3\u00a0\u00a0<span class=\"tracklist_track_title\">King Of The Wasteland (Feil Version)<br \/>\n<\/span>4\u00a0 <span class=\"tracklist_track_title\">Monster (Remixed By Practice) <\/span>Remix \u2013\u00a0Practice<br \/>\n5\u00a0 <span class=\"tracklist_track_title\">King Of The Wasteland (Feat. ClemX) (Remixed By Sha\u00e2rghot)<\/span><\/p>\n<blockquote><p><span class=\"tracklist_extra_artist_span\">Featuring \u2013\u00a0ClemX<\/span><\/p><\/blockquote>\n","protected":false},"featured_media":472,"comment_status":"open","ping_status":"closed","template":"","meta":{"_bbp_topic_count":0,"_bbp_reply_count":0,"_bbp_total_topic_count":0,"_bbp_total_reply_count":0,"_bbp_voice_count":0,"_bbp_anonymous_reply_count":0,"_bbp_topic_count_hidden":0,"_bbp_reply_count_hidden":0,"_bbp_forum_subforum_count":0,"_monsterinsights_skip_tracking":false,"_monsterinsights_sitenote_active":false,"_monsterinsights_sitenote_note":"","_monsterinsights_sitenote_category":0,"_joinchat":[]},"product_cat":[47,57,51,54],"product_tag":[],"aioseo_notices":[],"_links":{"self":[{"href":"https:\/\/gothicmx.com\/index.php\/wp-json\/wp\/v2\/product\/471"}],"collection":[{"href":"https:\/\/gothicmx.com\/index.php\/wp-json\/wp\/v2\/product"}],"about":[{"href":"https:\/\/gothicmx.com\/index.php\/wp-json\/wp\/v2\/types\/product"}],"replies":[{"embeddable":true,"href":"https:\/\/gothicmx.com\/index.php\/wp-json\/wp\/v2\/comments?post=471"}],"wp:featuredmedia":[{"embeddable":true,"href":"https:\/\/gothicmx.com\/index.php\/wp-json\/wp\/v2\/media\/472"}],"wp:attachment":[{"href":"https:\/\/gothicmx.com\/index.php\/wp-json\/wp\/v2\/media?parent=471"}],"wp:term":[{"taxonomy":"product_cat","embeddable":true,"href":"https:\/\/gothicmx.com\/index.php\/wp-json\/wp\/v2\/product_cat?post=471"},{"taxonomy":"product_tag","embeddable":true,"href":"https:\/\/gothicmx.com\/index.php\/wp-json\/wp\/v2\/product_tag?post=471"}],"curies":[{"name":"wp","href":"https:\/\/api.w.org\/{rel}","templated":true}]}}