{"id":474,"date":"2020-10-14T01:25:34","date_gmt":"2020-10-14T06:25:34","guid":{"rendered":"http:\/\/gothicmx.com\/?post_type=product&#038;p=474"},"modified":"2023-01-14T06:40:27","modified_gmt":"2023-01-14T12:40:27","slug":"va-electropop-cd-3cd-rom","status":"publish","type":"product","link":"https:\/\/gothicmx.com\/index.php\/producto\/va-electropop-cd-3cd-rom\/","title":{"rendered":"VA \/Electropop CD +  3CD ROM"},"content":{"rendered":"<h4><strong>electropop.14 &#8211; Various Artists &#8211; (4xCD Super Deluxe Fan Bundle)<\/strong><\/h4>\n<p>Conzoom Records are happy to announce the release of the new electropop.14 compilation in April. The strictly limited &#8220;electropop.14 (Super Deluxe Fan Bundle)&#8221; (150 copies worldwide only) will feature three additional bonus CD-Rs with lots of great and rare tracks for you to enjoy.<\/p>\n<p>Formato: Paquete de ventilador de 4xCD Super Deluxe<br \/>\nC\u00f3digo de barras: 7111304753554<br \/>\nN\u00famero de cat\u00e1logo CRCD014<br \/>\nDiscogr\u00e1fica: Conzoom Records<br \/>\nFecha de venta: viernes 26 de abril de 2019<\/p>\n<p><iframe loading=\"lazy\" title=\"91 (Version Por DMT Berzerk)\" width=\"980\" height=\"735\" src=\"https:\/\/www.youtube.com\/embed\/nTjzNaF0sBM?feature=oembed\" frameborder=\"0\" allow=\"accelerometer; autoplay; clipboard-write; encrypted-media; gyroscope; picture-in-picture\" allowfullscreen><\/iframe><\/p>\n<p>&nbsp;<\/p>\n","protected":false},"excerpt":{"rendered":"<p>electropop.14 &#8211; Varios artistas &#8211; (4xCD Super Deluxe Fan Bundle)<\/p>\n<p>Conzoom Records se complace en anunciar el lanzamiento de la nueva compilaci\u00f3n electropop.14. La colecci\u00f3n estrictamente limitada &#8220;electropop.14 (Super Deluxe Fan Bundle)&#8221; (s\u00f3lo hay 150 copias en todo el mundo ) incluye tres CD-ROM adicionales adicionales con muchas pistas geniales y dif\u00edciles de encontrar.<\/p>\n<p>&nbsp;<\/p>\n<p><strong>electropop.14 CD Track Listing<\/strong><\/p>\n<ol>\n<li>Analogue-X &#8211; Another Time (Insight Remix)<\/li>\n<li>Caroline McLavy &#8211; Miss Perfect (LorD &amp; Master Remix)<\/li>\n<li>!Distain &#8211; A Million Engines (Extended Mix)<\/li>\n<li>Defiant Machines &#8211; Remember (Extended Version)<\/li>\n<li>Elektrostaub feat. !distain &#8211; Birthday and Death (!distain Remix)<\/li>\n<li>Huguenot &#8211; Blasphemy (Fiben Remix)<\/li>\n<li>Isaac Junkie &#8211; Don&#8217;t Let Me Down (Electroclash Junkie Extended Mix)<\/li>\n<li>Neocoma &#8211; Mirror In Your Eyes (Extended Mix)<\/li>\n<li>Reflection &#8211; I&#8217;m Gonna Die (12&#8243; Extended Mix)<\/li>\n<li>Remote Control &#8211; Won&#8217;t Sleep Tonight (Dr.Octavo Extended Mix)<\/li>\n<li>Royal Visionaries &#8211; Peace Rain Down (Fill The World With Love) (Dave Oren Remix)<\/li>\n<li>Syrian &#8211; Underwater (Extended Remix)<\/li>\n<li>The Grey Disorder &#8211; Nameless (Master And Servant Mix)<\/li>\n<\/ol>\n<p><strong>electropop.14 Bonus CD-R 1 (DMT Berzerk Remixe Volume 2)<\/strong><\/p>\n<ol>\n<li>Cid Project &#8211; 91 (DMT Berzerk Remix)<\/li>\n<li>WANT-ed &#8211; Fall (feat. Patrick Hansson) (DMT Berzerk Remix)<\/li>\n<li>Projekt Ich &#8211; Es ist wahr (feat. Michael Draw) (DMT Berzerk Remix)<\/li>\n<li>Vantanoir &#8211; The Wish (DMT Berzerk Extended Remix)<\/li>\n<li>Lord Valle &amp; Dimitri Berzerk &#8211; Isla (DMT Berzerk Remix)<\/li>\n<li>Red Industrie &#8211; Strength (feat. Psyche) (DMT Berzerk Instrumental Remix)<\/li>\n<li>Eloquent &#8211; Lay All Your love (DMT Berzerk Remix)<\/li>\n<li>All The Ashes &#8211; Zur\u00fcck auf 0 (DMT Berzerk Remix)<\/li>\n<li>Vyrtual Zociety &#8211; Anthropocene (DMT Berzerk Remix)<\/li>\n<li>Ethan Fawkes &#8211; Control (DMT Berzerk Remix)<\/li>\n<\/ol>\n<p><strong>electropop.14 Bonus CD-R 2 (Section 44 Volume 1)<\/strong><\/p>\n<ol>\n<li>Eloquent &#8211; Foreign Love Affair (Assemblage 23 Remix)<\/li>\n<li>People Theatre &#8211; Here (2019 Club Mix)<\/li>\n<li>Royal Visionaries &#8211; Peace Rain Down (Fill The World With Love) (Parralox Remix)<\/li>\n<li>Reflection &#8211; Los Viernes Siempre Llueve (Mr.Kitty Remix)<\/li>\n<li>Nova Pulsar &#8211; Boomerang de Amor (DJ RAM Remix)<\/li>\n<li>Christopher Anton &#8211; Don&#8217;t Let Me Go (RE:Active Remix)<\/li>\n<li>Machine Made Pleasure &#8211; When I Touch The Moon<\/li>\n<li>Splendor Projekt &#8211; Handheld Halo<\/li>\n<li>Pacific Deep &#8211; More Than I Could Chew<\/li>\n<li>Exciting Valence &#8211; The Sky Is Never Blue<\/li>\n<\/ol>\n<p><strong>electropop.14 Bonus CD-R 3 (Section 44 Volume 2)<\/strong><\/p>\n<ol>\n<li>LorD and Master \u2013 Three Little Words (dEk101 Remix)<\/li>\n<li>Telekon \u2013 King of Nothing (An Eloquent Remix)<\/li>\n<li>Noche Futura \u2013 No Te Voy A Dejar<\/li>\n<li>N\u00f3rdika \u2013 Alas Como Lagrimas<\/li>\n<li>Eminent Sol \u2013 Sway (An Eloquent Remix)<\/li>\n<li>Krewl \u2013 The Whisper Game<\/li>\n<li>Monumental Mind Machine \u2013 Star Figures<\/li>\n<li>Synthetik FM \u2013 Order (Feat. Eloquent)<\/li>\n<li>Pacific Deep \u2013 Desperately<\/li>\n<li>Splendor Projekt \u2013 Darkest Days<\/li>\n<\/ol>\n","protected":false},"featured_media":476,"comment_status":"open","ping_status":"closed","template":"","meta":{"_bbp_topic_count":0,"_bbp_reply_count":0,"_bbp_total_topic_count":0,"_bbp_total_reply_count":0,"_bbp_voice_count":0,"_bbp_anonymous_reply_count":0,"_bbp_topic_count_hidden":0,"_bbp_reply_count_hidden":0,"_bbp_forum_subforum_count":0,"_monsterinsights_skip_tracking":false,"_monsterinsights_sitenote_active":false,"_monsterinsights_sitenote_note":"","_monsterinsights_sitenote_category":0,"_joinchat":[]},"product_cat":[47,49,16],"product_tag":[],"aioseo_notices":[],"_links":{"self":[{"href":"https:\/\/gothicmx.com\/index.php\/wp-json\/wp\/v2\/product\/474"}],"collection":[{"href":"https:\/\/gothicmx.com\/index.php\/wp-json\/wp\/v2\/product"}],"about":[{"href":"https:\/\/gothicmx.com\/index.php\/wp-json\/wp\/v2\/types\/product"}],"replies":[{"embeddable":true,"href":"https:\/\/gothicmx.com\/index.php\/wp-json\/wp\/v2\/comments?post=474"}],"wp:featuredmedia":[{"embeddable":true,"href":"https:\/\/gothicmx.com\/index.php\/wp-json\/wp\/v2\/media\/476"}],"wp:attachment":[{"href":"https:\/\/gothicmx.com\/index.php\/wp-json\/wp\/v2\/media?parent=474"}],"wp:term":[{"taxonomy":"product_cat","embeddable":true,"href":"https:\/\/gothicmx.com\/index.php\/wp-json\/wp\/v2\/product_cat?post=474"},{"taxonomy":"product_tag","embeddable":true,"href":"https:\/\/gothicmx.com\/index.php\/wp-json\/wp\/v2\/product_tag?post=474"}],"curies":[{"name":"wp","href":"https:\/\/api.w.org\/{rel}","templated":true}]}}