{"id":480,"date":"2020-10-14T01:46:12","date_gmt":"2020-10-14T06:46:12","guid":{"rendered":"http:\/\/gothicmx.com\/?post_type=product&#038;p=480"},"modified":"2025-12-02T22:28:26","modified_gmt":"2025-12-03T04:28:26","slug":"vantanoir-the-obscure-truth","status":"publish","type":"product","link":"https:\/\/gothicmx.com\/index.php\/producto\/vantanoir-the-obscure-truth\/","title":{"rendered":"VantaNoir \/ The obscure truth \/ CD Doble"},"content":{"rendered":"<p>VantaNoir es un nuevo proyecto musical liderado por mujeres Ger-Mex (alem\u00e1n \/ mexicano). Nuestro estilo es una mezcla de m\u00fasica electr\u00f3nica y rock alternativo, con claras tendencias al mercado oscuro.<br \/>\nVantaNoir es una representaci\u00f3n del lado m\u00e1s oscuro del alma. Exploramos el comportamiento humano; enfatizando las actitudes c\u00ednicas, sus motivaciones y sus consecuencias.<\/p>\n<p><iframe loading=\"lazy\" title=\"VantaNoir - The Obscure Truth (Preview)\" width=\"980\" height=\"551\" src=\"https:\/\/www.youtube.com\/embed\/gu6icS_6YcU?feature=oembed\" frameborder=\"0\" allow=\"accelerometer; autoplay; clipboard-write; encrypted-media; gyroscope; picture-in-picture\" allowfullscreen><\/iframe><\/p>\n<p>&nbsp;<\/p>\n","protected":false},"excerpt":{"rendered":"<p>CD Doble<\/p>\n<p><span class=\"tracklist_extra_artist_span\">1\u00a0 Soul Eater\u00a0 <\/span>4:10<br \/>\n2\u00a0 <span class=\"tracklist_track_title\">The Wish\u00a0 <\/span>3:47<br \/>\n3\u00a0 <span class=\"tracklist_track_title\">Blattella\u00a0 <\/span>5:07<br \/>\n4\u00a0 <span class=\"tracklist_track_title\">Banshee (VantaNoir vs. Stacy 16)\u00a0 <\/span>4:08<br \/>\n5\u00a0 <span class=\"tracklist_track_title\">Soul Eater (Blue November Mix) <\/span>Remix \u2013 Autumn Angels\u00a0 5:46<br \/>\n6\u00a0 <span class=\"tracklist_track_title\">The Wish (LA-X Remix) <\/span>Remix \u2013 LA-X\u00a0 4:44<br \/>\n7\u00a0 <span class=\"tracklist_track_title\">Banshee (Lost Heroes Mix) <\/span>Remix \u2013 Andreas Friebe\u00a0 4:43<br \/>\n8\u00a0 <span class=\"tracklist_track_title\">Soul Eater (Novemberland Remix) <\/span>Remix \u2013 Autumn Angels\u00a0 4:36<br \/>\n9\u00a0 <span class=\"tracklist_track_title\">The Wish (DMT Berzerk Remix) <\/span>Remix \u2013 Dimitri Berzerk 4:29<br \/>\n10 <span class=\"tracklist_track_title\">Banshee (Guardians Of Tears Mix) <\/span>Remix \u2013 Guardians Of Tears 4:52<br \/>\n11\u00a0 <span class=\"tracklist_track_title\">Soul Eater (Somegirl Mix) <\/span>Remix \u2013 Somegirl\u00a0 6:14<\/p>\n","protected":false},"featured_media":481,"comment_status":"open","ping_status":"closed","template":"","meta":{"_bbp_topic_count":0,"_bbp_reply_count":0,"_bbp_total_topic_count":0,"_bbp_total_reply_count":0,"_bbp_voice_count":0,"_bbp_anonymous_reply_count":0,"_bbp_topic_count_hidden":0,"_bbp_reply_count_hidden":0,"_bbp_forum_subforum_count":0,"_monsterinsights_skip_tracking":false,"_monsterinsights_sitenote_active":false,"_monsterinsights_sitenote_note":"","_monsterinsights_sitenote_category":0,"_joinchat":[]},"product_cat":[47,16],"product_tag":[],"aioseo_notices":[],"_links":{"self":[{"href":"https:\/\/gothicmx.com\/index.php\/wp-json\/wp\/v2\/product\/480"}],"collection":[{"href":"https:\/\/gothicmx.com\/index.php\/wp-json\/wp\/v2\/product"}],"about":[{"href":"https:\/\/gothicmx.com\/index.php\/wp-json\/wp\/v2\/types\/product"}],"replies":[{"embeddable":true,"href":"https:\/\/gothicmx.com\/index.php\/wp-json\/wp\/v2\/comments?post=480"}],"wp:featuredmedia":[{"embeddable":true,"href":"https:\/\/gothicmx.com\/index.php\/wp-json\/wp\/v2\/media\/481"}],"wp:attachment":[{"href":"https:\/\/gothicmx.com\/index.php\/wp-json\/wp\/v2\/media?parent=480"}],"wp:term":[{"taxonomy":"product_cat","embeddable":true,"href":"https:\/\/gothicmx.com\/index.php\/wp-json\/wp\/v2\/product_cat?post=480"},{"taxonomy":"product_tag","embeddable":true,"href":"https:\/\/gothicmx.com\/index.php\/wp-json\/wp\/v2\/product_tag?post=480"}],"curies":[{"name":"wp","href":"https:\/\/api.w.org\/{rel}","templated":true}]}}