{"id":500,"date":"2020-10-22T04:39:42","date_gmt":"2020-10-22T09:39:42","guid":{"rendered":"http:\/\/gothicmx.com\/?post_type=product&#038;p=500"},"modified":"2023-01-18T11:28:31","modified_gmt":"2023-01-18T17:28:31","slug":"cyteres-un-viaje-a-cyteres-vol-ll","status":"publish","type":"product","link":"https:\/\/gothicmx.com\/index.php\/producto\/cyteres-un-viaje-a-cyteres-vol-ll\/","title":{"rendered":"Cyteres &#8211; Un viaje a Cyteres Vol.ll"},"content":{"rendered":"<p><span lang=\"es\">Se form\u00f3 en 2004 con Paco (bajo), Mario (guitarra), Laura (voz), Fabi\u00e1n (bater\u00eda). Vienen de grupos extintos como Maldoror, Moebius, Sarcoma De Kaposi o Flor Nocturna. Aunque sus influencias son variadas, desde soul hasta Deathrock pasando por rockabilly, goa y new-wave, bebe lo suficiente de la ya legendaria banda The Cure.<\/span><\/p>\n<p><iframe loading=\"lazy\" title=\"Cyteres - Mortal\" width=\"980\" height=\"551\" src=\"https:\/\/www.youtube.com\/embed\/XqHdAyao4Iw?feature=oembed\" frameborder=\"0\" allow=\"accelerometer; autoplay; clipboard-write; encrypted-media; gyroscope; picture-in-picture\" allowfullscreen><\/iframe><\/p>\n<p>&nbsp;<\/p>\n","protected":false},"excerpt":{"rendered":"<p>1 Nindria<br \/>\n2 Sogno<br \/>\n3 Imagen<br \/>\n4 Desierto<br \/>\n5 Ofrenda<br \/>\n6 Estrellas<br \/>\n7 Mortal de Cyteres<br \/>\n8 Azul Profundo<br \/>\n9 Eclipse<br \/>\n10 Tornasol (Versi\u00f3n 2009)<br \/>\n11 Sin Aliento<\/p>\n<p>*Formato CD Jewel Case<\/p>\n","protected":false},"featured_media":501,"comment_status":"open","ping_status":"closed","template":"","meta":{"_bbp_topic_count":0,"_bbp_reply_count":0,"_bbp_total_topic_count":0,"_bbp_total_reply_count":0,"_bbp_voice_count":0,"_bbp_anonymous_reply_count":0,"_bbp_topic_count_hidden":0,"_bbp_reply_count_hidden":0,"_bbp_forum_subforum_count":0,"_monsterinsights_skip_tracking":false,"_monsterinsights_sitenote_active":false,"_monsterinsights_sitenote_note":"","_monsterinsights_sitenote_category":0,"_joinchat":[]},"product_cat":[47,58,41],"product_tag":[],"aioseo_notices":[],"_links":{"self":[{"href":"https:\/\/gothicmx.com\/index.php\/wp-json\/wp\/v2\/product\/500"}],"collection":[{"href":"https:\/\/gothicmx.com\/index.php\/wp-json\/wp\/v2\/product"}],"about":[{"href":"https:\/\/gothicmx.com\/index.php\/wp-json\/wp\/v2\/types\/product"}],"replies":[{"embeddable":true,"href":"https:\/\/gothicmx.com\/index.php\/wp-json\/wp\/v2\/comments?post=500"}],"wp:featuredmedia":[{"embeddable":true,"href":"https:\/\/gothicmx.com\/index.php\/wp-json\/wp\/v2\/media\/501"}],"wp:attachment":[{"href":"https:\/\/gothicmx.com\/index.php\/wp-json\/wp\/v2\/media?parent=500"}],"wp:term":[{"taxonomy":"product_cat","embeddable":true,"href":"https:\/\/gothicmx.com\/index.php\/wp-json\/wp\/v2\/product_cat?post=500"},{"taxonomy":"product_tag","embeddable":true,"href":"https:\/\/gothicmx.com\/index.php\/wp-json\/wp\/v2\/product_tag?post=500"}],"curies":[{"name":"wp","href":"https:\/\/api.w.org\/{rel}","templated":true}]}}