{"id":510,"date":"2020-10-22T05:26:12","date_gmt":"2020-10-22T10:26:12","guid":{"rendered":"http:\/\/gothicmx.com\/?post_type=product&#038;p=510"},"modified":"2025-09-01T10:07:20","modified_gmt":"2025-09-01T16:07:20","slug":"trapodolls-camazotz","status":"publish","type":"product","link":"https:\/\/gothicmx.com\/index.php\/producto\/trapodolls-camazotz\/","title":{"rendered":"Trapodolls &#8211; Camazotz"},"content":{"rendered":"<p>Desde las cloacas de la ciudad de M\u00e9xico surge un sonido vomitado por la mente enferma de Alonso De Trapo y llevando como nombre \u201cLas Mu\u00f1ecas De Trapo\u201d<br \/>\nFue durante el oto\u00f1o de 2007, en un viejo y derruido cuarto de azotea que a golpe de guitarras y reclamos de los vecinos, cuando se asoma a la vida (\u201cit`s a live\u201d) \u201ccristales\u201d la primer canci\u00f3n de la banda y a la semana de sonar en internet se les invito a tocar en un peque\u00f1o festival local donde los nombraron una de las mejores bandas del evento.<br \/>\nCon m\u00e1s cerveza que sangre en las venas y durante algunos ensayos desastrosos se graba (de la manera m\u00e1s pobre y rudimentaria posible) la primer maqueta llamada \u201cDesesperanza\u201d que fue abortada en febrero de 2008 teniendo como estandarte \u201cla noche de los muertos bebientes\u201d un horror punk decadente muy a la mexicana.<br \/>\nNo tardo mucho en que la banda llegara a las cabecitas de los ni\u00f1os y no tan ni\u00f1os, de las ni\u00f1as y no tan ni\u00f1as (yeah!!!) para que empezara una serie de eventos y festivales en la capital y la provincia de M\u00e9xico<br \/>\nDespu\u00e9s de un directo en Tehuac\u00e1n Puebla \u201cel brujo\u201d decide dejar los tambores de la agrupaci\u00f3n por que el alcohol no alcanzaba para todos y as\u00ed seguir su sue\u00f1o de vender garnachas en un tianguis<br \/>\nA inicios de 2009 ya siendo un dueto y con un futuro incierto Alonso De Trapo decide entrar a estudio (viejo y derruido cuarto de azotea) y grabar la segunda maqueta llamada \u201cCinema Terror\u201d dando como saldo un micr\u00f3fono destrozado, una pedalera descompuesta, medio cami\u00f3n de cerveza asesinado, una severa resaca y un da\u00f1o permanente a las facultades mentales de este<br \/>\nDurante ese genocidio de neuronas tambi\u00e9n se decide cambiar el nombre a \u201cTrapodolls\u201d para as\u00ed darle un nuevo sentido y direcci\u00f3n al sonido y concepto de la banda, ya con este nombre se graban otras 2 maquetas: Subversive Hate And Distres y El Catalogo De Tus Muertos este ultimo a sido denominado como el mejor trabajo de la banda<br \/>\nYa para 2012 se sigue con la inercia y se graba &#8220;Mis Amigos Los Monstruos&#8221; con un sonido mas menos rabioso pero con mucha mas densidad que sus antecesores. A la salida de este se emprende un gira por sudamerica tocan en varias ciudades de Peru, Chile y Bolivia<br \/>\nDespu\u00e9s de tantas paranoias, botellas vac\u00edas y un accidente automovil\u00edstico en un viaje a Toluca, por ahora este proyecto sigue haciendo ruido\u2026<\/p>\n<p>&nbsp;<\/p>\n<p><iframe loading=\"lazy\" title=\"El Circo De La Desgracia - Trapodolls\" width=\"980\" height=\"551\" src=\"https:\/\/www.youtube.com\/embed\/UmKgzRmLcd4?feature=oembed\" frameborder=\"0\" allow=\"accelerometer; autoplay; clipboard-write; encrypted-media; gyroscope; picture-in-picture\" allowfullscreen><\/iframe><\/p>\n<p>&nbsp;<\/p>\n","protected":false},"excerpt":{"rendered":"<p>1- Camarotz<br \/>\n2- Cita en el cementerio<br \/>\n3- Ara\u00f1\u00e1ndonos<br \/>\n4- El Vac\u00edo<br \/>\n5- Ataudes para desayunar<br \/>\n6- El circo de los lisiados<br \/>\n7- No sabemos morir<br \/>\n8- Caer<\/p>\n<p>+ Bonus<\/p>\n<p>&nbsp;<\/p>\n<p>* Sobre Sencillo<\/p>\n","protected":false},"featured_media":511,"comment_status":"open","ping_status":"closed","template":"","meta":{"_bbp_topic_count":0,"_bbp_reply_count":0,"_bbp_total_topic_count":0,"_bbp_total_reply_count":0,"_bbp_voice_count":0,"_bbp_anonymous_reply_count":0,"_bbp_topic_count_hidden":0,"_bbp_reply_count_hidden":0,"_bbp_forum_subforum_count":0,"_monsterinsights_skip_tracking":false,"_monsterinsights_sitenote_active":false,"_monsterinsights_sitenote_note":"","_monsterinsights_sitenote_category":0,"_joinchat":[]},"product_cat":[47,52,41,43],"product_tag":[],"aioseo_notices":[],"_links":{"self":[{"href":"https:\/\/gothicmx.com\/index.php\/wp-json\/wp\/v2\/product\/510"}],"collection":[{"href":"https:\/\/gothicmx.com\/index.php\/wp-json\/wp\/v2\/product"}],"about":[{"href":"https:\/\/gothicmx.com\/index.php\/wp-json\/wp\/v2\/types\/product"}],"replies":[{"embeddable":true,"href":"https:\/\/gothicmx.com\/index.php\/wp-json\/wp\/v2\/comments?post=510"}],"wp:featuredmedia":[{"embeddable":true,"href":"https:\/\/gothicmx.com\/index.php\/wp-json\/wp\/v2\/media\/511"}],"wp:attachment":[{"href":"https:\/\/gothicmx.com\/index.php\/wp-json\/wp\/v2\/media?parent=510"}],"wp:term":[{"taxonomy":"product_cat","embeddable":true,"href":"https:\/\/gothicmx.com\/index.php\/wp-json\/wp\/v2\/product_cat?post=510"},{"taxonomy":"product_tag","embeddable":true,"href":"https:\/\/gothicmx.com\/index.php\/wp-json\/wp\/v2\/product_tag?post=510"}],"curies":[{"name":"wp","href":"https:\/\/api.w.org\/{rel}","templated":true}]}}