{"id":512,"date":"2020-10-22T05:34:35","date_gmt":"2020-10-22T10:34:35","guid":{"rendered":"http:\/\/gothicmx.com\/?post_type=product&#038;p=512"},"modified":"2024-03-10T16:02:44","modified_gmt":"2024-03-10T22:02:44","slug":"via-dolorosa-xvlll-en-concierto-dvd","status":"publish","type":"product","link":"https:\/\/gothicmx.com\/index.php\/producto\/via-dolorosa-xvlll-en-concierto-dvd\/","title":{"rendered":"V\u00eda Dolorosa &#8211; XVlll en Concierto (DVD)"},"content":{"rendered":"<p>Agrupaci\u00f3n, nacida en 1997, en donde los integrantes sugieren algo llamado ROCK OSCURO [Influidos por todas las variantes del Rock y Oscuro por las tem\u00e1ticas sociales, sobre todo introspectivas], han alternado con casi todas las bandas de la escena Metal\/G\u00f3tica de M\u00e9xico, como El Clan, Maldoror, Bandas Nacionales de renombre como Zoe, Jumbo, Los Daniels, La Casta\u00f1eda, La Cuca&#8230; adem\u00e1s han compartido cartel con bandas extranjeras como Blood [Japon], Christian Death, Human Drama, The Last Dance [U.SA].<\/p>\n<p><iframe loading=\"lazy\" title=\"V\u00cdA DOLOROSA - El Modelo [XVIII En Concierto]\" width=\"980\" height=\"551\" src=\"https:\/\/www.youtube.com\/embed\/rjyAy7F-yRo?feature=oembed\" frameborder=\"0\" allow=\"accelerometer; autoplay; clipboard-write; encrypted-media; gyroscope; picture-in-picture\" allowfullscreen><\/iframe><\/p>\n","protected":false},"excerpt":{"rendered":"<div class=\"container\">\n<div class=\"row\">\n<div class=\"col-8\">\n<div class=\"album-content no-description\">\n<table class=\"song-table js-song-list\">\n<tbody>\n<tr class=\"song-item\" data-song_idx=\"1\">\n<td class=\"song-track\"><span class=\"num\">1<\/span><\/td>\n<td class=\"song-data\">Luna<\/td>\n<td class=\"song-icon\"><\/td>\n<td class=\"song-icon\"><\/td>\n<td class=\"song-time\">04:27<\/td>\n<td class=\"song-popover\"><\/td>\n<\/tr>\n<tr class=\"song-item\" data-song_idx=\"2\">\n<td class=\"song-track\"><span class=\"num\">2<\/span><\/td>\n<td class=\"song-data\">Hace un Eclipse<\/td>\n<td class=\"song-icon\"><\/td>\n<td class=\"song-icon\"><\/td>\n<td class=\"song-time\">08:34<\/td>\n<td class=\"song-popover\"><\/td>\n<\/tr>\n<tr class=\"song-item\" data-song_idx=\"3\">\n<td class=\"song-track\"><span class=\"num\">3<\/span><\/td>\n<td class=\"song-data\">La Secuencia del Viento<\/td>\n<td class=\"song-icon\"><\/td>\n<td class=\"song-icon\"><\/td>\n<td class=\"song-time\">05:37<\/td>\n<td class=\"song-popover\"><\/td>\n<\/tr>\n<tr class=\"song-item\" data-song_idx=\"4\">\n<td class=\"song-track\"><span class=\"num\">4<\/span><\/td>\n<td class=\"song-data\">El Modelo<\/td>\n<td class=\"song-icon\"><\/td>\n<td class=\"song-icon\"><\/td>\n<td class=\"song-time\">05:40<\/td>\n<td class=\"song-popover\"><\/td>\n<\/tr>\n<tr class=\"song-item\" data-song_idx=\"5\">\n<td class=\"song-track\">\n<div class=\"song-track-overlay-action\">5<\/div>\n<\/td>\n<td class=\"song-data\">Historia de los Grillos<\/td>\n<td class=\"song-icon\"><\/td>\n<td class=\"song-icon\"><\/td>\n<td class=\"song-time\">03:51<\/td>\n<td class=\"song-popover\"><\/td>\n<\/tr>\n<tr class=\"song-item\" data-song_idx=\"6\">\n<td class=\"song-track\"><span class=\"num\">6<\/span><\/td>\n<td class=\"song-data\">Adentro<\/td>\n<td class=\"song-icon\"><\/td>\n<td class=\"song-icon\"><\/td>\n<td class=\"song-time\">05:56<\/td>\n<td class=\"song-popover\"><\/td>\n<\/tr>\n<tr class=\"song-item\" data-song_idx=\"7\">\n<td class=\"song-track\"><span class=\"num\">7<\/span><\/td>\n<td class=\"song-data\">Indulta Mi Tierra<\/td>\n<td class=\"song-icon\"><\/td>\n<td class=\"song-icon\"><\/td>\n<td class=\"song-time\">05:28<\/td>\n<td class=\"song-popover\"><\/td>\n<\/tr>\n<tr class=\"song-item\" data-song_idx=\"8\">\n<td class=\"song-track\"><span class=\"num\">8<\/span><\/td>\n<td class=\"song-data\">El Espejo<\/td>\n<td class=\"song-icon\"><\/td>\n<td class=\"song-icon\"><\/td>\n<td class=\"song-time\">07:06<\/td>\n<td class=\"song-popover\"><\/td>\n<\/tr>\n<tr class=\"song-item\" data-song_idx=\"9\">\n<td class=\"song-track\"><span class=\"num\">9<\/span><\/td>\n<td class=\"song-data\">Enti\u00e9rrame<\/td>\n<td class=\"song-icon\"><\/td>\n<td class=\"song-icon\"><\/td>\n<td class=\"song-time\">05:40<\/td>\n<td class=\"song-popover\"><\/td>\n<\/tr>\n<tr class=\"song-item\" data-song_idx=\"10\">\n<td class=\"song-track\"><span class=\"num\">10<\/span><\/td>\n<td class=\"song-data\">Mar de Nubes<\/td>\n<td class=\"song-icon\"><\/td>\n<td class=\"song-icon\"><\/td>\n<td class=\"song-time\">08:50<\/td>\n<td class=\"song-popover\"><\/td>\n<\/tr>\n<tr class=\"song-item\" data-song_idx=\"11\">\n<td class=\"song-track\"><span class=\"num\">11<\/span><\/td>\n<td class=\"song-data\">Cecilia<\/td>\n<td class=\"song-icon\"><\/td>\n<td class=\"song-icon\"><\/td>\n<td class=\"song-time\">04:02<\/td>\n<td class=\"song-popover\"><\/td>\n<\/tr>\n<tr class=\"song-item\" data-song_idx=\"12\">\n<td class=\"song-track\"><span class=\"num\">12<\/span><\/td>\n<td class=\"song-data\">Esclavo y Amo<\/td>\n<td class=\"song-icon\"><\/td>\n<td class=\"song-icon\"><\/td>\n<td class=\"song-time\">04:49<\/td>\n<td class=\"song-popover\"><\/td>\n<\/tr>\n<tr class=\"song-item\" data-song_idx=\"13\">\n<td class=\"song-track\"><span class=\"num\">13<\/span><\/td>\n<td class=\"song-data\">Te Invito a Mis Sue\u00f1os<\/td>\n<td class=\"song-icon\"><\/td>\n<td class=\"song-icon\"><\/td>\n<td class=\"song-time\">06:05<\/td>\n<td class=\"song-popover\"><\/td>\n<\/tr>\n<\/tbody>\n<\/table>\n<p>*DVD Sobre Sencillo<\/p>\n<\/div>\n<div class=\"fb-comments fb_iframe_widget fb_iframe_widget_fluid_desktop\" data-href=\"https:\/\/www.kkbox.com\/tw\/en\/album\/Nj2ojFLi9m9Nyk0FzRui0091-index.html\" data-numposts=\"5\" data-width=\"100%\"><\/div>\n<\/div>\n<\/div>\n<\/div>\n","protected":false},"featured_media":513,"comment_status":"open","ping_status":"closed","template":"","meta":{"_bbp_topic_count":0,"_bbp_reply_count":0,"_bbp_total_topic_count":0,"_bbp_total_reply_count":0,"_bbp_voice_count":0,"_bbp_anonymous_reply_count":0,"_bbp_topic_count_hidden":0,"_bbp_reply_count_hidden":0,"_bbp_forum_subforum_count":0,"_monsterinsights_skip_tracking":false,"_monsterinsights_sitenote_active":false,"_monsterinsights_sitenote_note":"","_monsterinsights_sitenote_category":0,"_joinchat":[]},"product_cat":[47,41,43,61],"product_tag":[],"aioseo_notices":[],"_links":{"self":[{"href":"https:\/\/gothicmx.com\/index.php\/wp-json\/wp\/v2\/product\/512"}],"collection":[{"href":"https:\/\/gothicmx.com\/index.php\/wp-json\/wp\/v2\/product"}],"about":[{"href":"https:\/\/gothicmx.com\/index.php\/wp-json\/wp\/v2\/types\/product"}],"replies":[{"embeddable":true,"href":"https:\/\/gothicmx.com\/index.php\/wp-json\/wp\/v2\/comments?post=512"}],"wp:featuredmedia":[{"embeddable":true,"href":"https:\/\/gothicmx.com\/index.php\/wp-json\/wp\/v2\/media\/513"}],"wp:attachment":[{"href":"https:\/\/gothicmx.com\/index.php\/wp-json\/wp\/v2\/media?parent=512"}],"wp:term":[{"taxonomy":"product_cat","embeddable":true,"href":"https:\/\/gothicmx.com\/index.php\/wp-json\/wp\/v2\/product_cat?post=512"},{"taxonomy":"product_tag","embeddable":true,"href":"https:\/\/gothicmx.com\/index.php\/wp-json\/wp\/v2\/product_tag?post=512"}],"curies":[{"name":"wp","href":"https:\/\/api.w.org\/{rel}","templated":true}]}}