{"id":575,"date":"2020-12-01T02:27:32","date_gmt":"2020-12-01T08:27:32","guid":{"rendered":"http:\/\/gothicmx.com\/?post_type=product&#038;p=575"},"modified":"2025-09-20T05:50:53","modified_gmt":"2025-09-20T11:50:53","slug":"desnudo-digital-dd","status":"publish","type":"product","link":"https:\/\/gothicmx.com\/index.php\/producto\/desnudo-digital-dd\/","title":{"rendered":"Desnudo Digital \/ DD"},"content":{"rendered":"<p>Bajo la influencia de la vieja escuela del Electro-pop y sus or\u00edgenes, \u263desnudo Digital con un sonido electrizante y nost\u00e1lgico; nos invita a la reflexi\u00f3n, a la desnudez, a la exhibici\u00f3n de nuestros m\u00e1s profundos sentimientos&#8230; aquellos que s\u00f3lo revelamos en la intimidad.<\/p>\n<p><iframe loading=\"lazy\" title=\"Reflekting\" width=\"980\" height=\"735\" src=\"https:\/\/www.youtube.com\/embed\/b6ROXU7RPUY?feature=oembed\" frameborder=\"0\" allow=\"accelerometer; autoplay; clipboard-write; encrypted-media; gyroscope; picture-in-picture\" allowfullscreen><\/iframe><\/p>\n<p>&nbsp;<\/p>\n","protected":false},"excerpt":{"rendered":"<h4>EP &#8211; 2018<\/h4>\n<h4 class=\"da131a5c3fb8f6c2330a975363bfe863-scss _15b259574e48922b106bc4b01521f33b-scss\"><span style=\"font-size: 16px;\">1\u00a0 <\/span><span style=\"font-size: 16px;\">Reflekting.\u00a0 \u00a0 \u00a0<\/span>3:43<br \/>\n<span style=\"font-size: 16px;\">2\u00a0 <\/span><span style=\"font-size: 16px;\">Me Despido.\u00a0 \u00a0 \u00a0<\/span>3:44<br \/>\n<span style=\"font-size: 16px;\">3\u00a0 <\/span><span style=\"font-size: 16px;\">I Am the Star.\u00a0 \u00a0 <\/span>4:05<br \/>\n<span style=\"font-size: 16px;\">4\u00a0 <\/span><span style=\"font-size: 16px;\">Me Despido &#8211; Salida Stereo Out\u00a0 \u00a0 \u00a0<\/span>3:50<br \/>\n<span style=\"font-size: 16px;\">5\u00a0 <\/span><span style=\"font-size: 16px;\">Reflekting &#8211; Dry Mix by Christ Under Droids.\u00a0 \u00a0 <\/span>3:39<br \/>\n<span style=\"font-size: 16px;\">6\u00a0 <\/span><span style=\"font-size: 16px;\">I Am the Star.\u00a0 \u00a0 <\/span>4:01<br \/>\n<span style=\"font-size: 16px;\">7\u00a0 <\/span><span style=\"font-size: 16px;\">Infusion.\u00a0 \u00a0 <\/span>4:54<br \/>\n<span style=\"font-size: 16px;\">8\u00a0 <\/span><span style=\"font-size: 16px;\">Existo.\u00a0 \u00a0 <\/span>3:48<br \/>\n<span style=\"font-size: 16px;\">9. <\/span><span style=\"font-size: 16px;\">Reflekting &#8211; Reason Are U.\u00a0 \u00a0 <\/span>3:41<\/h4>\n<p>&nbsp;<\/p>\n","protected":false},"featured_media":576,"comment_status":"open","ping_status":"closed","template":"","meta":{"_bbp_topic_count":0,"_bbp_reply_count":0,"_bbp_total_topic_count":0,"_bbp_total_reply_count":0,"_bbp_voice_count":0,"_bbp_anonymous_reply_count":0,"_bbp_topic_count_hidden":0,"_bbp_reply_count_hidden":0,"_bbp_forum_subforum_count":0,"_monsterinsights_skip_tracking":false,"_monsterinsights_sitenote_active":false,"_monsterinsights_sitenote_note":"","_monsterinsights_sitenote_category":0,"_joinchat":[]},"product_cat":[47,51,16,55],"product_tag":[],"aioseo_notices":[],"_links":{"self":[{"href":"https:\/\/gothicmx.com\/index.php\/wp-json\/wp\/v2\/product\/575"}],"collection":[{"href":"https:\/\/gothicmx.com\/index.php\/wp-json\/wp\/v2\/product"}],"about":[{"href":"https:\/\/gothicmx.com\/index.php\/wp-json\/wp\/v2\/types\/product"}],"replies":[{"embeddable":true,"href":"https:\/\/gothicmx.com\/index.php\/wp-json\/wp\/v2\/comments?post=575"}],"wp:featuredmedia":[{"embeddable":true,"href":"https:\/\/gothicmx.com\/index.php\/wp-json\/wp\/v2\/media\/576"}],"wp:attachment":[{"href":"https:\/\/gothicmx.com\/index.php\/wp-json\/wp\/v2\/media?parent=575"}],"wp:term":[{"taxonomy":"product_cat","embeddable":true,"href":"https:\/\/gothicmx.com\/index.php\/wp-json\/wp\/v2\/product_cat?post=575"},{"taxonomy":"product_tag","embeddable":true,"href":"https:\/\/gothicmx.com\/index.php\/wp-json\/wp\/v2\/product_tag?post=575"}],"curies":[{"name":"wp","href":"https:\/\/api.w.org\/{rel}","templated":true}]}}