{"id":589,"date":"2020-12-22T00:41:24","date_gmt":"2020-12-22T06:41:24","guid":{"rendered":"http:\/\/gothicmx.com\/?post_type=product&#038;p=589"},"modified":"2025-05-28T18:19:15","modified_gmt":"2025-05-29T00:19:15","slug":"vyrtual-zociety-scifi-citizen","status":"publish","type":"product","link":"https:\/\/gothicmx.com\/index.php\/producto\/vyrtual-zociety-scifi-citizen\/","title":{"rendered":"Vyrtual Zociety\/SCIFI Citizen"},"content":{"rendered":"<p>SciFi Citizen Vyrtual Zociety 2020<br \/>\nDerivado del \u00e1lbum futurologies, Scifi Citizen es uno de los tracks que lanza Vyrtual Zociety este 2020. Este Track que hace referencia a c\u00f3mo las experiencias cotidianas se convierten cada vez m\u00e1s en escenarios de libros o pel\u00edculas del g\u00e9nero de ciencia ficci\u00f3n. Un himno a las poblaciones urbanas y sus habitantes que viven en tiempos posteriores a Blade Runner 2020. La distop\u00eda, la tecnolog\u00eda, la paranoia, la militarizaci\u00f3n y otros elementos se fusionan en una producci\u00f3n de sonidos Futurepop + Ebm + Synthpop de tem\u00e1tica postcyberpunk.<br \/>\nEsta es una versi\u00f3n digital que incluye remixes de Dj DMT Berzerk + Reflection + Nordika.<\/p>\n<p><iframe loading=\"lazy\" title=\"SciFi Citizen Vyrtual Zociety 2020\" width=\"980\" height=\"551\" src=\"https:\/\/www.youtube.com\/embed\/B2MwknKpQnM?feature=oembed\" frameborder=\"0\" allow=\"accelerometer; autoplay; clipboard-write; encrypted-media; gyroscope; picture-in-picture\" allowfullscreen><\/iframe><\/p>\n<p>&nbsp;<\/p>\n","protected":false},"excerpt":{"rendered":"<p>01 Scifi Citizen (2020 Remix) Vyrtual Zociety<\/p>\n<p>02 Scifi Citizen (DATA Remix)<\/p>\n<p>03 Scifi Citizen (Nordika Remix)<\/p>\n<p>04 Scifi Citizen (Concreto System remix)<\/p>\n<p>05 Scifi Citizen (DMT Berzek Remix)<\/p>\n<p>06 Scifi Citizen (Reflection Remix)<\/p>\n<p>07 Scifi Citizen (Vox Humana Le Corbusier Paradox Remix)<\/p>\n<p>08 Voices Of The Future (2020 mix) Vyrtual Society<\/p>\n<p>09 Nuclear Survivor Vyrtual Society<\/p>\n<p>10 Scifi Citizen(Dystopian remixmix) Vyrtual Society<\/p>\n","protected":false},"featured_media":591,"comment_status":"open","ping_status":"closed","template":"","meta":{"_bbp_topic_count":0,"_bbp_reply_count":0,"_bbp_total_topic_count":0,"_bbp_total_reply_count":0,"_bbp_voice_count":0,"_bbp_anonymous_reply_count":0,"_bbp_topic_count_hidden":0,"_bbp_reply_count_hidden":0,"_bbp_forum_subforum_count":0,"_monsterinsights_skip_tracking":false,"_monsterinsights_sitenote_active":false,"_monsterinsights_sitenote_note":"","_monsterinsights_sitenote_category":0,"_joinchat":[]},"product_cat":[47,54,55,66],"product_tag":[],"aioseo_notices":[],"_links":{"self":[{"href":"https:\/\/gothicmx.com\/index.php\/wp-json\/wp\/v2\/product\/589"}],"collection":[{"href":"https:\/\/gothicmx.com\/index.php\/wp-json\/wp\/v2\/product"}],"about":[{"href":"https:\/\/gothicmx.com\/index.php\/wp-json\/wp\/v2\/types\/product"}],"replies":[{"embeddable":true,"href":"https:\/\/gothicmx.com\/index.php\/wp-json\/wp\/v2\/comments?post=589"}],"wp:featuredmedia":[{"embeddable":true,"href":"https:\/\/gothicmx.com\/index.php\/wp-json\/wp\/v2\/media\/591"}],"wp:attachment":[{"href":"https:\/\/gothicmx.com\/index.php\/wp-json\/wp\/v2\/media?parent=589"}],"wp:term":[{"taxonomy":"product_cat","embeddable":true,"href":"https:\/\/gothicmx.com\/index.php\/wp-json\/wp\/v2\/product_cat?post=589"},{"taxonomy":"product_tag","embeddable":true,"href":"https:\/\/gothicmx.com\/index.php\/wp-json\/wp\/v2\/product_tag?post=589"}],"curies":[{"name":"wp","href":"https:\/\/api.w.org\/{rel}","templated":true}]}}