{"id":611,"date":"2020-12-24T14:11:32","date_gmt":"2020-12-24T20:11:32","guid":{"rendered":"http:\/\/gothicmx.com\/?post_type=product&#038;p=611"},"modified":"2026-04-19T07:05:48","modified_gmt":"2026-04-19T13:05:48","slug":"disorder-opium","status":"publish","type":"product","link":"https:\/\/gothicmx.com\/index.php\/producto\/disorder-opium\/","title":{"rendered":"Disorder\/ Opium"},"content":{"rendered":"<div dir=\"auto\">\n<div class=\"nc684nl6\">Disorder<\/div>\n<p>es una banda mexicana\/canadiense fundada en el 2004 por su l\u00edder Erwin Benoir en Montreal. Durante mucho tiempo la banda ha estado en diversos escenarios y festivales europeos y tambi\u00e9n se ha presentado en Am\u00e9rica. Actualmente la banda est\u00e1 radicada en M\u00e9xico.<\/p>\n<\/div>\n<div dir=\"auto\"><\/div>\n<div dir=\"auto\">Su m\u00fasica est\u00e1 compuesta por sintetizadores, los que crean hipn\u00f3ticos ambientes, sensaciones abstractas y paisajes sonoros oscuros.<\/div>\n<div dir=\"auto\"><\/div>\n<div dir=\"auto\">A la fecha la banda cuenta con m\u00e1s de 4 producciones de estudio y una s\u00f3lida carrera musical.<\/div>\n<p><iframe loading=\"lazy\" title=\"Disorder - Monstermind, live session at &quot;El Bunker&quot; Doinu Art, M\u00e9xico City\" width=\"980\" height=\"551\" src=\"https:\/\/www.youtube.com\/embed\/dQ4nv_neBxM?feature=oembed\" frameborder=\"0\" allow=\"accelerometer; autoplay; clipboard-write; encrypted-media; gyroscope; picture-in-picture\" allowfullscreen><\/iframe><\/p>\n<p>&nbsp;<\/p>\n","protected":false},"excerpt":{"rendered":"<p>1: This World<\/p>\n<p>2: Opium<\/p>\n<p>3: Monstermind<\/p>\n<p>4: Electropunk<\/p>\n<p>5: Not enough love<\/p>\n<p>6: Israel<\/p>\n<p>7: HAARP<\/p>\n<p>8: Universe<\/p>\n<p>9: Where<\/p>\n<p>10: Frequency and Vibration Feature Eduardo Urbina<\/p>\n<p>11: Angel<\/p>\n<p>12: No globalization<\/p>\n<p>&nbsp;<\/p>\n","protected":false},"featured_media":612,"comment_status":"open","ping_status":"closed","template":"","meta":{"_bbp_topic_count":0,"_bbp_reply_count":0,"_bbp_total_topic_count":0,"_bbp_total_reply_count":0,"_bbp_voice_count":0,"_bbp_anonymous_reply_count":0,"_bbp_topic_count_hidden":0,"_bbp_reply_count_hidden":0,"_bbp_forum_subforum_count":0,"_monsterinsights_skip_tracking":false,"_monsterinsights_sitenote_active":false,"_monsterinsights_sitenote_note":"","_monsterinsights_sitenote_category":0,"_joinchat":[]},"product_cat":[47,57,54,16],"product_tag":[],"aioseo_notices":[],"_links":{"self":[{"href":"https:\/\/gothicmx.com\/index.php\/wp-json\/wp\/v2\/product\/611"}],"collection":[{"href":"https:\/\/gothicmx.com\/index.php\/wp-json\/wp\/v2\/product"}],"about":[{"href":"https:\/\/gothicmx.com\/index.php\/wp-json\/wp\/v2\/types\/product"}],"replies":[{"embeddable":true,"href":"https:\/\/gothicmx.com\/index.php\/wp-json\/wp\/v2\/comments?post=611"}],"wp:featuredmedia":[{"embeddable":true,"href":"https:\/\/gothicmx.com\/index.php\/wp-json\/wp\/v2\/media\/612"}],"wp:attachment":[{"href":"https:\/\/gothicmx.com\/index.php\/wp-json\/wp\/v2\/media?parent=611"}],"wp:term":[{"taxonomy":"product_cat","embeddable":true,"href":"https:\/\/gothicmx.com\/index.php\/wp-json\/wp\/v2\/product_cat?post=611"},{"taxonomy":"product_tag","embeddable":true,"href":"https:\/\/gothicmx.com\/index.php\/wp-json\/wp\/v2\/product_tag?post=611"}],"curies":[{"name":"wp","href":"https:\/\/api.w.org\/{rel}","templated":true}]}}