{"id":637,"date":"2021-02-02T20:37:58","date_gmt":"2021-02-03T02:37:58","guid":{"rendered":"http:\/\/gothicmx.com\/?post_type=product&#038;p=637"},"modified":"2025-05-28T00:15:20","modified_gmt":"2025-05-28T06:15:20","slug":"helicon-homonimo","status":"publish","type":"product","link":"https:\/\/gothicmx.com\/index.php\/producto\/helicon-homonimo\/","title":{"rendered":"Helicon\/ Hom\u00f3nimo"},"content":{"rendered":"<p class=\"yiv3146528092MsoNormal\"><span class=\"yiv3146528092\">En 1992, Helicon estreno su primer album de nombre hom\u00f3nimo, el cual sali\u00f3 a la venta \u00fanicamente en el formato \u201ccassette\u201d. En el 2020 Helicon estrena aquel material ahora en versi\u00f3n CD, para sus seguidores en tiraje limitado.<\/span><\/p>\n<p class=\"yiv3146528092MsoNormal\"><span class=\"yiv3146528092\">Remasterizado por Juan Ribes en Bridge 48 Studios, Barcelona, Espa\u00f1a, y con el dise\u00f1o original actualizado, el dueto formado por Ezekiel Solis (guitarra el\u00e9ctrica, ac\u00fastica, bajo y voz), y Rogelio G\u00f3mez (guitarra l\u00edder y sintetizadores), quien a su vez fuera el productor, vuelve con mucho mas fuerza que al momento de su lanzamiento.<\/span><\/p>\n<p><iframe loading=\"lazy\" title=\"Helicon - Norma Estrella 2020\" width=\"980\" height=\"551\" src=\"https:\/\/www.youtube.com\/embed\/jMYttNdouvA?feature=oembed\" frameborder=\"0\" allow=\"accelerometer; autoplay; clipboard-write; encrypted-media; gyroscope; picture-in-picture\" allowfullscreen><\/iframe><\/p>\n<p>&nbsp;<\/p>\n","protected":false},"excerpt":{"rendered":"<table class=\"yiv3146528092MsoNormalTable\" border=\"0\" width=\"608\" cellspacing=\"0\" cellpadding=\"0\">\n<tbody class=\"yiv3146528092\">\n<tr class=\"yiv3146528092\">\n<td class=\"yiv3146528092\" valign=\"top\">\n<p class=\"yiv3146528092MsoNormal\"><span class=\"yiv3146528092tracklisttracktitle\"><span class=\"yiv3146528092\">1 Ready To Grow<\/span><\/span><\/p>\n<\/td>\n<td class=\"yiv3146528092\" valign=\"top\" width=\"0\"><\/td>\n<\/tr>\n<tr class=\"yiv3146528092\">\n<td class=\"yiv3146528092\" valign=\"top\">\n<p class=\"yiv3146528092MsoNormal\"><span class=\"yiv3146528092tracklisttracktitle\"><span class=\"yiv3146528092\">2 Nothing<\/span><\/span><\/p>\n<\/td>\n<td class=\"yiv3146528092\" valign=\"top\" width=\"0\"><\/td>\n<\/tr>\n<tr class=\"yiv3146528092\">\n<td class=\"yiv3146528092\" valign=\"top\">\n<p class=\"yiv3146528092MsoNormal\"><span class=\"yiv3146528092tracklisttracktitle\"><span class=\"yiv3146528092\">3 The Stairs<\/span><\/span><\/p>\n<\/td>\n<td class=\"yiv3146528092\" valign=\"top\" width=\"0\"><\/td>\n<\/tr>\n<tr class=\"yiv3146528092\">\n<td class=\"yiv3146528092\" valign=\"top\">\n<p class=\"yiv3146528092MsoNormal\"><span class=\"yiv3146528092tracklisttracktitle\"><span class=\"yiv3146528092\">4 Violent Colors<\/span><\/span><\/p>\n<\/td>\n<td class=\"yiv3146528092\" valign=\"top\" width=\"0\"><\/td>\n<\/tr>\n<tr class=\"yiv3146528092\">\n<td class=\"yiv3146528092\" valign=\"top\">\n<p class=\"yiv3146528092MsoNormal\"><span class=\"yiv3146528092tracklisttracktitle\"><span class=\"yiv3146528092\">5 Norma Estrella (La Fiebre De Norma)<\/span><\/span><\/p>\n<\/td>\n<td class=\"yiv3146528092\" valign=\"top\" width=\"0\"><\/td>\n<\/tr>\n<tr class=\"yiv3146528092\">\n<td class=\"yiv3146528092\" valign=\"top\">\n<p class=\"yiv3146528092MsoNormal\"><span class=\"yiv3146528092tracklisttracktitle\"><span class=\"yiv3146528092\">6 Cual Es Tu Nombre<\/span><\/span><\/p>\n<\/td>\n<td class=\"yiv3146528092\" valign=\"top\" width=\"0\"><\/td>\n<\/tr>\n<tr class=\"yiv3146528092\">\n<td class=\"yiv3146528092\" valign=\"top\">\n<p class=\"yiv3146528092MsoNormal\"><span class=\"yiv3146528092tracklisttracktitle\"><span class=\"yiv3146528092\">7 Hard To Ride On<\/span><\/span><\/p>\n<\/td>\n<td class=\"yiv3146528092\" valign=\"top\" width=\"0\"><\/td>\n<\/tr>\n<tr class=\"yiv3146528092\">\n<td class=\"yiv3146528092\" valign=\"top\">\n<p class=\"yiv3146528092MsoNormal\"><span class=\"yiv3146528092tracklisttracktitle\"><span class=\"yiv3146528092\">8 Patricia<\/span><\/span><\/p>\n<\/td>\n<td class=\"yiv3146528092\" valign=\"top\" width=\"0\"><\/td>\n<\/tr>\n<tr class=\"yiv3146528092\">\n<td class=\"yiv3146528092\" valign=\"top\">\n<p class=\"yiv3146528092MsoNormal\"><span class=\"yiv3146528092tracklisttracktitle\"><span class=\"yiv3146528092\">9 Empty Seas<\/span><\/span><\/p>\n<\/td>\n<\/tr>\n<\/tbody>\n<\/table>\n","protected":false},"featured_media":649,"comment_status":"open","ping_status":"closed","template":"","meta":{"_bbp_topic_count":0,"_bbp_reply_count":0,"_bbp_total_topic_count":0,"_bbp_total_reply_count":0,"_bbp_voice_count":0,"_bbp_anonymous_reply_count":0,"_bbp_topic_count_hidden":0,"_bbp_reply_count_hidden":0,"_bbp_forum_subforum_count":0,"_monsterinsights_skip_tracking":false,"_monsterinsights_sitenote_active":false,"_monsterinsights_sitenote_note":"","_monsterinsights_sitenote_category":0,"_joinchat":[]},"product_cat":[47,67,43],"product_tag":[],"aioseo_notices":[],"_links":{"self":[{"href":"https:\/\/gothicmx.com\/index.php\/wp-json\/wp\/v2\/product\/637"}],"collection":[{"href":"https:\/\/gothicmx.com\/index.php\/wp-json\/wp\/v2\/product"}],"about":[{"href":"https:\/\/gothicmx.com\/index.php\/wp-json\/wp\/v2\/types\/product"}],"replies":[{"embeddable":true,"href":"https:\/\/gothicmx.com\/index.php\/wp-json\/wp\/v2\/comments?post=637"}],"wp:featuredmedia":[{"embeddable":true,"href":"https:\/\/gothicmx.com\/index.php\/wp-json\/wp\/v2\/media\/649"}],"wp:attachment":[{"href":"https:\/\/gothicmx.com\/index.php\/wp-json\/wp\/v2\/media?parent=637"}],"wp:term":[{"taxonomy":"product_cat","embeddable":true,"href":"https:\/\/gothicmx.com\/index.php\/wp-json\/wp\/v2\/product_cat?post=637"},{"taxonomy":"product_tag","embeddable":true,"href":"https:\/\/gothicmx.com\/index.php\/wp-json\/wp\/v2\/product_tag?post=637"}],"curies":[{"name":"wp","href":"https:\/\/api.w.org\/{rel}","templated":true}]}}