{"id":640,"date":"2021-02-02T20:39:45","date_gmt":"2021-02-03T02:39:45","guid":{"rendered":"http:\/\/gothicmx.com\/?post_type=product&#038;p=640"},"modified":"2025-05-25T20:05:57","modified_gmt":"2025-05-26T02:05:57","slug":"helicon-la-luz-en-silencio","status":"publish","type":"product","link":"https:\/\/gothicmx.com\/index.php\/producto\/helicon-la-luz-en-silencio\/","title":{"rendered":"Helicon\/La luz en silencio"},"content":{"rendered":"<p class=\"yiv3146528092MsoNormal\"><span class=\"yiv3146528092\">HELICON<\/span><\/p>\n<p class=\"yiv3146528092MsoNormal\"><span class=\"yiv3146528092\">\u00a0<\/span><\/p>\n<p>&#8220;La Luz en Silencio&#8221;, son 5 temas remasterizados del &#8220;Sitios Ocultos&#8221; y un tema in\u00e9dito del mismo nombre<\/p>\n<p class=\"yiv3146528092MsoNormal\"><span class=\"yiv3146528092\">En 1992, Helicon estreno su primer album de nombre hom\u00f3nimo, el cual sali\u00f3 a la venta \u00fanicamente en el formato \u201ccassette\u201d. En el 2020 Helicon estrena aquel material ahora en versi\u00f3n CD, para sus seguidores en tiraje limitado.<\/span><\/p>\n<p class=\"yiv3146528092MsoNormal\"><span class=\"yiv3146528092\">Remasterizado por Juan Ribes en Bridge 48 Studios, Barcelona, Espa\u00f1a, y con el dise\u00f1o original actualizado, el dueto formado por Ezekiel Solis (guitarra el\u00e9ctrica, ac\u00fastica, bajo y voz), y Rogelio G\u00f3mez (guitarra l\u00edder y sintetizadores), quien a su vez fuera el productor, vuelve con mucho mas fuerza que al momento de su lanzamiento.<\/span><\/p>\n<p><iframe loading=\"lazy\" title=\"La Luz en Silencio\" width=\"980\" height=\"735\" src=\"https:\/\/www.youtube.com\/embed\/Cib_Z4W5INc?feature=oembed\" frameborder=\"0\" allow=\"accelerometer; autoplay; clipboard-write; encrypted-media; gyroscope; picture-in-picture\" allowfullscreen><\/iframe><\/p>\n<p>&nbsp;<\/p>\n","protected":false},"excerpt":{"rendered":"<table class=\"yiv3146528092MsoNormalTable\" border=\"0\" width=\"612\" cellspacing=\"0\" cellpadding=\"0\">\n<tbody class=\"yiv3146528092\">\n<tr class=\"yiv3146528092\">\n<td class=\"yiv3146528092\" valign=\"top\" nowrap=\"nowrap\" width=\"8\">\n<p class=\"yiv3146528092MsoNormal\"><span class=\"yiv3146528092\">1<\/span><\/p>\n<\/td>\n<td class=\"yiv3146528092\" valign=\"top\" width=\"556\">\n<p class=\"yiv3146528092MsoNormal\"><span class=\"yiv3146528092tracktitlectkp4\"><span class=\"yiv3146528092\">La Luz En Silencio<\/span><\/span><\/p>\n<\/td>\n<td class=\"yiv3146528092\" valign=\"top\" width=\"24\">\n<p class=\"yiv3146528092MsoNormal\" align=\"right\"><span class=\"yiv3146528092\">3:41<\/span><\/p>\n<\/td>\n<\/tr>\n<tr class=\"yiv3146528092\">\n<td class=\"yiv3146528092\" valign=\"top\" nowrap=\"nowrap\" width=\"8\">\n<p class=\"yiv3146528092MsoNormal\"><span class=\"yiv3146528092\">2<\/span><\/p>\n<\/td>\n<td class=\"yiv3146528092\" valign=\"top\" width=\"556\">\n<p class=\"yiv3146528092MsoNormal\"><span class=\"yiv3146528092tracktitlectkp4\"><span class=\"yiv3146528092\">Cual Es Tu Nombre<\/span><\/span><\/p>\n<\/td>\n<td class=\"yiv3146528092\" valign=\"top\" width=\"24\">\n<p class=\"yiv3146528092MsoNormal\" align=\"right\"><span class=\"yiv3146528092\">3:08<\/span><\/p>\n<\/td>\n<\/tr>\n<tr class=\"yiv3146528092\">\n<td class=\"yiv3146528092\" valign=\"top\" nowrap=\"nowrap\" width=\"8\">\n<p class=\"yiv3146528092MsoNormal\"><span class=\"yiv3146528092\">3<\/span><\/p>\n<\/td>\n<td class=\"yiv3146528092\" valign=\"top\" width=\"556\">\n<p class=\"yiv3146528092MsoNormal\"><span class=\"yiv3146528092tracktitlectkp4\"><span class=\"yiv3146528092\">Guarda En Tu Alma<\/span><\/span><\/p>\n<\/td>\n<td class=\"yiv3146528092\" valign=\"top\" width=\"24\">\n<p class=\"yiv3146528092MsoNormal\" align=\"right\"><span class=\"yiv3146528092\">4:01<\/span><\/p>\n<\/td>\n<\/tr>\n<tr class=\"yiv3146528092\">\n<td class=\"yiv3146528092\" valign=\"top\" nowrap=\"nowrap\" width=\"8\">\n<p class=\"yiv3146528092MsoNormal\"><span class=\"yiv3146528092\">4<\/span><\/p>\n<\/td>\n<td class=\"yiv3146528092\" valign=\"top\" width=\"556\">\n<p class=\"yiv3146528092MsoNormal\"><span class=\"yiv3146528092tracktitlectkp4\"><span class=\"yiv3146528092\">Ave Oscura<\/span><\/span><\/p>\n<\/td>\n<td class=\"yiv3146528092\" valign=\"top\" width=\"24\">\n<p class=\"yiv3146528092MsoNormal\" align=\"right\"><span class=\"yiv3146528092\">2:51<\/span><\/p>\n<\/td>\n<\/tr>\n<tr class=\"yiv3146528092\">\n<td class=\"yiv3146528092\" valign=\"top\" nowrap=\"nowrap\" width=\"8\">\n<p class=\"yiv3146528092MsoNormal\"><span class=\"yiv3146528092\">5<\/span><\/p>\n<\/td>\n<td class=\"yiv3146528092\" valign=\"top\" width=\"556\">\n<p class=\"yiv3146528092MsoNormal\"><span class=\"yiv3146528092tracktitlectkp4\"><span class=\"yiv3146528092\">Nostalgia<\/span><\/span><\/p>\n<\/td>\n<td class=\"yiv3146528092\" valign=\"top\" width=\"24\">\n<p class=\"yiv3146528092MsoNormal\" align=\"right\"><span class=\"yiv3146528092\">3:44<\/span><\/p>\n<\/td>\n<\/tr>\n<tr class=\"yiv3146528092\">\n<td class=\"yiv3146528092\" valign=\"top\" nowrap=\"nowrap\" width=\"8\">\n<p class=\"yiv3146528092MsoNormal\"><span class=\"yiv3146528092\">6<\/span><\/p>\n<\/td>\n<td class=\"yiv3146528092\" valign=\"top\" width=\"556\">\n<p class=\"yiv3146528092MsoNormal\"><span class=\"yiv3146528092tracktitlectkp4\"><span class=\"yiv3146528092\">Camale\u00f3n<\/span><\/span><\/p>\n<\/td>\n<\/tr>\n<\/tbody>\n<\/table>\n","protected":false},"featured_media":648,"comment_status":"open","ping_status":"closed","template":"","meta":{"_bbp_topic_count":0,"_bbp_reply_count":0,"_bbp_total_topic_count":0,"_bbp_total_reply_count":0,"_bbp_voice_count":0,"_bbp_anonymous_reply_count":0,"_bbp_topic_count_hidden":0,"_bbp_reply_count_hidden":0,"_bbp_forum_subforum_count":0,"_monsterinsights_skip_tracking":false,"_monsterinsights_sitenote_active":false,"_monsterinsights_sitenote_note":"","_monsterinsights_sitenote_category":0,"_joinchat":[]},"product_cat":[47,67,43],"product_tag":[],"aioseo_notices":[],"_links":{"self":[{"href":"https:\/\/gothicmx.com\/index.php\/wp-json\/wp\/v2\/product\/640"}],"collection":[{"href":"https:\/\/gothicmx.com\/index.php\/wp-json\/wp\/v2\/product"}],"about":[{"href":"https:\/\/gothicmx.com\/index.php\/wp-json\/wp\/v2\/types\/product"}],"replies":[{"embeddable":true,"href":"https:\/\/gothicmx.com\/index.php\/wp-json\/wp\/v2\/comments?post=640"}],"wp:featuredmedia":[{"embeddable":true,"href":"https:\/\/gothicmx.com\/index.php\/wp-json\/wp\/v2\/media\/648"}],"wp:attachment":[{"href":"https:\/\/gothicmx.com\/index.php\/wp-json\/wp\/v2\/media?parent=640"}],"wp:term":[{"taxonomy":"product_cat","embeddable":true,"href":"https:\/\/gothicmx.com\/index.php\/wp-json\/wp\/v2\/product_cat?post=640"},{"taxonomy":"product_tag","embeddable":true,"href":"https:\/\/gothicmx.com\/index.php\/wp-json\/wp\/v2\/product_tag?post=640"}],"curies":[{"name":"wp","href":"https:\/\/api.w.org\/{rel}","templated":true}]}}