{"id":642,"date":"2021-02-02T20:41:30","date_gmt":"2021-02-03T02:41:30","guid":{"rendered":"http:\/\/gothicmx.com\/?post_type=product&#038;p=642"},"modified":"2024-03-23T16:42:12","modified_gmt":"2024-03-23T22:42:12","slug":"helicon-driven","status":"publish","type":"product","link":"https:\/\/gothicmx.com\/index.php\/producto\/helicon-driven\/","title":{"rendered":"HELICON\/DRIVEN"},"content":{"rendered":"<p>HELICON-DRIVEN<\/p>\n<p class=\"yiv3146528092MsoNormal\"><span class=\"yiv3146528092\">Celebrando el tercer disco \u201cDriven\u201d ahora en CD, a 17 a\u00f1os de distancia de su anterior producci\u00f3n, Helicon presenta este album que rompe con los dos anteriores, salirse de su zona de confort y reinventarse.<\/span><\/p>\n<p class=\"yiv3146528092MsoNormal\"><span class=\"yiv3146528092\">\u00a0<\/span><\/p>\n<p class=\"yiv3146528092MsoNormal\"><span class=\"yiv3146528092\">Es por esa raz\u00f3n, que en este material la voz corre a cargo de un nuevo cantante, Thomas Sustaita, quien a su vez deja por un momento su elemento que es el Metal, para adentrarse con su aportaci\u00f3n a la que es la primer producci\u00f3n art\u00edstica y ejecutiva de Ezekiel, as\u00ed como la composici\u00f3n de la m\u00fasica y letras del mismo, con una excepci\u00f3n, uno de los temas \u201cChocolate Crucifixes\u201d la l\u00edrica esta escrita por Ricardo Lassala, cantante, letrista y frontman de la reconocida banda \u201cAnsia\u201d, esta conjunci\u00f3n de elementos hace de este disco una plataforma para dar continuidad a la trayectoria de Helicon, y dar la bienvenida a su pr\u00f3xima producci\u00f3n \u201cHelicon Underground\u201d (2021).<\/span><\/p>\n<p class=\"yiv3146528092MsoNormal\"><span class=\"yiv3146528092\">\u00a0<\/span><\/p>\n<p class=\"yiv3146528092MsoNormal\"><span class=\"yiv3146528092\">\u201cDriven\u201d grabado y mezclado en su totalidad en Texas<\/span><\/p>\n<p class=\"yiv3146528092MsoNormal\"><span class=\"yiv3146528092\">\u00a0<\/span><\/p>\n<p>&nbsp;<\/p>\n<p><iframe loading=\"lazy\" title=\"Helicon - Need it Now\" width=\"980\" height=\"735\" src=\"https:\/\/www.youtube.com\/embed\/9j0NtCpsXug?feature=oembed\" frameborder=\"0\" allow=\"accelerometer; autoplay; clipboard-write; encrypted-media; gyroscope; picture-in-picture\" allowfullscreen><\/iframe><\/p>\n<p>&nbsp;<\/p>\n","protected":false},"excerpt":{"rendered":"<table class=\"yiv3146528092MsoNormalTable\" border=\"0\" width=\"612\" cellspacing=\"0\" cellpadding=\"0\">\n<tbody class=\"yiv3146528092\">\n<tr class=\"yiv3146528092\">\n<td class=\"yiv3146528092\" valign=\"top\" nowrap=\"nowrap\" width=\"8\">\n<p class=\"yiv3146528092MsoNormal\"><span class=\"yiv3146528092\">1<\/span><\/p>\n<\/td>\n<td class=\"yiv3146528092\" valign=\"top\" width=\"556\">\n<p class=\"yiv3146528092MsoNormal\"><span class=\"yiv3146528092tracktitlectkp4\"><span class=\"yiv3146528092\">Slow Dancing<\/span><\/span><\/p>\n<\/td>\n<td class=\"yiv3146528092\" valign=\"top\" width=\"24\">\n<p class=\"yiv3146528092MsoNormal\" align=\"right\"><span class=\"yiv3146528092\">2:51<\/span><\/p>\n<\/td>\n<\/tr>\n<tr class=\"yiv3146528092\">\n<td class=\"yiv3146528092\" valign=\"top\" nowrap=\"nowrap\" width=\"8\">\n<p class=\"yiv3146528092MsoNormal\"><span class=\"yiv3146528092\">2<\/span><\/p>\n<\/td>\n<td class=\"yiv3146528092\" valign=\"top\" width=\"556\">\n<p class=\"yiv3146528092MsoNormal\"><span class=\"yiv3146528092tracktitlectkp4\"><span class=\"yiv3146528092\">Chocolate Crucifixes<\/span><\/span><\/p>\n<\/td>\n<td class=\"yiv3146528092\" valign=\"top\" width=\"24\">\n<p class=\"yiv3146528092MsoNormal\" align=\"right\"><span class=\"yiv3146528092\">3:30<\/span><\/p>\n<\/td>\n<\/tr>\n<tr class=\"yiv3146528092\">\n<td class=\"yiv3146528092\" valign=\"top\" nowrap=\"nowrap\" width=\"8\">\n<p class=\"yiv3146528092MsoNormal\"><span class=\"yiv3146528092\">3<\/span><\/p>\n<\/td>\n<td class=\"yiv3146528092\" valign=\"top\" width=\"556\">\n<p class=\"yiv3146528092MsoNormal\"><span class=\"yiv3146528092tracktitlectkp4\"><span class=\"yiv3146528092\">Everything&#8217;s Fallin&#8217;<\/span><\/span><\/p>\n<\/td>\n<td class=\"yiv3146528092\" valign=\"top\" width=\"24\">\n<p class=\"yiv3146528092MsoNormal\" align=\"right\"><span class=\"yiv3146528092\">3:02<\/span><\/p>\n<\/td>\n<\/tr>\n<tr class=\"yiv3146528092\">\n<td class=\"yiv3146528092\" valign=\"top\" nowrap=\"nowrap\" width=\"8\">\n<p class=\"yiv3146528092MsoNormal\"><span class=\"yiv3146528092\">4<\/span><\/p>\n<\/td>\n<td class=\"yiv3146528092\" valign=\"top\" width=\"556\">\n<p class=\"yiv3146528092MsoNormal\"><span class=\"yiv3146528092tracktitlectkp4\"><span class=\"yiv3146528092\">Again The Silence<\/span><\/span><\/p>\n<\/td>\n<td class=\"yiv3146528092\" valign=\"top\" width=\"24\">\n<p class=\"yiv3146528092MsoNormal\" align=\"right\"><span class=\"yiv3146528092\">3:29<\/span><\/p>\n<\/td>\n<\/tr>\n<tr class=\"yiv3146528092\">\n<td class=\"yiv3146528092\" valign=\"top\" nowrap=\"nowrap\" width=\"8\">\n<p class=\"yiv3146528092MsoNormal\"><span class=\"yiv3146528092\">5<\/span><\/p>\n<\/td>\n<td class=\"yiv3146528092\" valign=\"top\" width=\"556\">\n<p class=\"yiv3146528092MsoNormal\"><span class=\"yiv3146528092tracktitlectkp4\"><span class=\"yiv3146528092\">Need It Now<\/span><\/span><\/p>\n<\/td>\n<td class=\"yiv3146528092\" valign=\"top\" width=\"24\">\n<p class=\"yiv3146528092MsoNormal\" align=\"right\"><span class=\"yiv3146528092\">1:38<\/span><\/p>\n<\/td>\n<\/tr>\n<tr class=\"yiv3146528092\">\n<td class=\"yiv3146528092\" valign=\"top\" nowrap=\"nowrap\" width=\"8\">\n<p class=\"yiv3146528092MsoNormal\"><span class=\"yiv3146528092\">6<\/span><\/p>\n<\/td>\n<td class=\"yiv3146528092\" valign=\"top\" width=\"556\">\n<p class=\"yiv3146528092MsoNormal\"><span class=\"yiv3146528092tracktitlectkp4\"><span class=\"yiv3146528092\">Obsessive Mink<\/span><\/span><\/p>\n<\/td>\n<td class=\"yiv3146528092\" valign=\"top\" width=\"24\">\n<p class=\"yiv3146528092MsoNormal\" align=\"right\"><span class=\"yiv3146528092\">2:49<\/span><\/p>\n<\/td>\n<\/tr>\n<tr class=\"yiv3146528092\">\n<td class=\"yiv3146528092\" valign=\"top\" nowrap=\"nowrap\" width=\"8\">\n<p class=\"yiv3146528092MsoNormal\"><span class=\"yiv3146528092\">7<\/span><\/p>\n<\/td>\n<td class=\"yiv3146528092\" valign=\"top\" width=\"556\">\n<p class=\"yiv3146528092MsoNormal\"><span class=\"yiv3146528092tracktitlectkp4\"><span class=\"yiv3146528092\">Succubus<\/span><\/span><\/p>\n<\/td>\n<td class=\"yiv3146528092\" valign=\"top\" width=\"24\">\n<p class=\"yiv3146528092MsoNormal\" align=\"right\"><span class=\"yiv3146528092\">3:06<\/span><\/p>\n<\/td>\n<\/tr>\n<tr class=\"yiv3146528092\">\n<td class=\"yiv3146528092\" valign=\"top\" nowrap=\"nowrap\" width=\"8\">\n<p class=\"yiv3146528092MsoNormal\"><span class=\"yiv3146528092\">8<\/span><\/p>\n<\/td>\n<td class=\"yiv3146528092\" valign=\"top\" width=\"556\">\n<p class=\"yiv3146528092MsoNormal\"><span class=\"yiv3146528092tracktitlectkp4\"><span class=\"yiv3146528092\">Driven<\/span><\/span><\/p>\n<\/td>\n<\/tr>\n<\/tbody>\n<\/table>\n","protected":false},"featured_media":647,"comment_status":"open","ping_status":"closed","template":"","meta":{"_bbp_topic_count":0,"_bbp_reply_count":0,"_bbp_total_topic_count":0,"_bbp_total_reply_count":0,"_bbp_voice_count":0,"_bbp_anonymous_reply_count":0,"_bbp_topic_count_hidden":0,"_bbp_reply_count_hidden":0,"_bbp_forum_subforum_count":0,"_monsterinsights_skip_tracking":false,"_monsterinsights_sitenote_active":false,"_monsterinsights_sitenote_note":"","_monsterinsights_sitenote_category":0,"_joinchat":[]},"product_cat":[47,67,42],"product_tag":[],"aioseo_notices":[],"_links":{"self":[{"href":"https:\/\/gothicmx.com\/index.php\/wp-json\/wp\/v2\/product\/642"}],"collection":[{"href":"https:\/\/gothicmx.com\/index.php\/wp-json\/wp\/v2\/product"}],"about":[{"href":"https:\/\/gothicmx.com\/index.php\/wp-json\/wp\/v2\/types\/product"}],"replies":[{"embeddable":true,"href":"https:\/\/gothicmx.com\/index.php\/wp-json\/wp\/v2\/comments?post=642"}],"wp:featuredmedia":[{"embeddable":true,"href":"https:\/\/gothicmx.com\/index.php\/wp-json\/wp\/v2\/media\/647"}],"wp:attachment":[{"href":"https:\/\/gothicmx.com\/index.php\/wp-json\/wp\/v2\/media?parent=642"}],"wp:term":[{"taxonomy":"product_cat","embeddable":true,"href":"https:\/\/gothicmx.com\/index.php\/wp-json\/wp\/v2\/product_cat?post=642"},{"taxonomy":"product_tag","embeddable":true,"href":"https:\/\/gothicmx.com\/index.php\/wp-json\/wp\/v2\/product_tag?post=642"}],"curies":[{"name":"wp","href":"https:\/\/api.w.org\/{rel}","templated":true}]}}